{"id":2860,"date":"2023-08-01T09:06:37","date_gmt":"2023-08-01T15:06:37","guid":{"rendered":"https:\/\/cymaq.mx\/mantenimiento-preventivo-y-correctivo\/almacen-vertical\/"},"modified":"2023-09-04T14:13:11","modified_gmt":"2023-09-04T20:13:11","slug":"vertical-warehouse","status":"publish","type":"page","link":"https:\/\/cymaq.mx\/en\/preventive-and-corrective-maintenance\/vertical-warehouse\/","title":{"rendered":"Vertical Warehouse"},"content":{"rendered":"\n<section style=\"background-color:#e7e7e7\" class=\"wp-block-agctexdomain-wrapper-agcblocks alignwide paddingTopBottom50 paddingTopBottomTablet50 paddingTopBottomMobile50 paddingLeftRight0 paddingLeftRightTablet0 paddingLeftRightMobile0 backgroundNoRepeat backgroundCover alturaDefault\"><div class=\"container\"><div class=\"wrapper-inner-blocks\">\n<section class=\"wp-block-agctexdomain-columnas-agcblocks alignwide columnas col-2 col-2-a paddingTopBottom0 paddingTopBottomTablet0 paddingTopBottomMobile0 alturaDefault\"><div class=\"container\">\n<div class=\"wp-block-agctexdomain-columna-agcblocks Columna ag-animation css-fadeInUp alineacion-vertical-top\" data-ag-animation=\"fadeInUp\" data-ag-animation-delay=\"300ms\" style=\"text-align:left\"><div class=\"ColumnaContent paddingTopBottom0 paddingTopBottomTablet0 paddingTopBottomMobile0 paddingLeftRight20 paddingLeftRightTablet20 paddingLeftRightMobile20\">\n<figure class=\"wp-block-image size-large\"><img decoding=\"async\" width=\"709\" height=\"1024\" data-src=\"https:\/\/cymaq.mx\/wp-content\/uploads\/2023\/08\/almacen-vertical-709x1024.jpg\" alt=\"Almac\u00e9n vertical CYMAQ \" class=\"wp-image-1344 lazyload\" data-srcset=\"https:\/\/cymaq.mx\/wp-content\/uploads\/2023\/08\/almacen-vertical-709x1024.jpg 709w, https:\/\/cymaq.mx\/wp-content\/uploads\/2023\/08\/almacen-vertical-260x376.jpg 260w, https:\/\/cymaq.mx\/wp-content\/uploads\/2023\/08\/almacen-vertical-480x693.jpg 480w, https:\/\/cymaq.mx\/wp-content\/uploads\/2023\/08\/almacen-vertical.jpg 720w\" data-sizes=\"(max-width: 709px) 100vw, 709px\" src=\"data:image\/svg+xml;base64,PHN2ZyB3aWR0aD0iMSIgaGVpZ2h0PSIxIiB4bWxucz0iaHR0cDovL3d3dy53My5vcmcvMjAwMC9zdmciPjwvc3ZnPg==\" style=\"--smush-placeholder-width: 709px; --smush-placeholder-aspect-ratio: 709\/1024;\" \/><\/figure>\n<\/div> <\/div>\n\n\n\n<div class=\"wp-block-agctexdomain-columna-agcblocks Columna ag-animation css-fadeInUp alineacion-vertical-center\" data-ag-animation=\"fadeInUp\" data-ag-animation-delay=\"400ms\" style=\"text-align:left\"><div class=\"ColumnaContent paddingTopBottom0 paddingTopBottomTablet0 paddingTopBottomMobile0 paddingLeftRight20 paddingLeftRightTablet20 paddingLeftRightMobile20\">\n<h1 class=\"wp-block-heading\"><strong>Vertical Warehouse<\/strong><\/h1>\n\n\n\n<p class=\"is-style-justificar\">Our automated vertical warehouse stands at a towering 8 meters in height, featuring 48 trays. With a storage capacity of up to 169m\u00b2 within a mere 14.3m\u00b2, we offer a dependable solution for swift part replacement and a responsive approach to any unforeseen situation. Spanning an expansive area of 10,000m\u00b2, our warehouse is home to over 1,000 genuine spare parts, ensuring immediate availability for any necessary component.<\/p>\n\n\n\n<p><\/p>\n<\/div> <\/div>\n<\/div> <div class=\"bg-forma bg-forma-display-none\"><\/div><\/section>\n<\/div><\/div> <div class=\"bg-forma\"><\/div><\/section>\n\n\n\n<section class=\"wp-block-agctexdomain-wrapper-agcblocks alignwide paddingTopBottom50 paddingTopBottomTablet50 paddingTopBottomMobile50 paddingLeftRight0 paddingLeftRightTablet0 paddingLeftRightMobile0 backgroundNoRepeat backgroundCover alturaDefault\"><div class=\"container\"><div class=\"wrapper-inner-blocks\">\n<section class=\"wp-block-agctexdomain-columnas-agcblocks alignwide columnas col-1 col-1-a paddingTopBottom0 paddingTopBottomTablet0 paddingTopBottomMobile0 alturaDefault\"><div class=\"container\">\n<div class=\"wp-block-agctexdomain-columna-agcblocks Columna ag-animation css-fadeInUp alineacion-vertical-top\" data-ag-animation=\"fadeInUp\" style=\"text-align:left\"><div class=\"ColumnaContent paddingTopBottom0 paddingTopBottomTablet0 paddingTopBottomMobile0 paddingLeftRight20 paddingLeftRightTablet20 paddingLeftRightMobile20\">\n<p class=\"has-text-align-center\" style=\"font-size:22px\">Over the course of 26 years, we have serviced over 2,000 units, establishing our expertise in preventive and corrective maintenance, setting us apart with: <\/p>\n\n\n\n<div style=\"height:20px\" aria-hidden=\"true\" class=\"wp-block-spacer\"><\/div>\n\n\n<div class=\"subpages subpages-sibling sibling-subpages-grid grid-col-4\"><div class=\"item item-subpage\"><a href=\"https:\/\/cymaq.mx\/en\/preventive-and-corrective-maintenance\/spare-parts\/\">\n    <figure class=\"subpage-image\"><img decoding=\"async\" width=\"480\" height=\"320\" data-src=\"https:\/\/cymaq.mx\/wp-content\/uploads\/2023\/08\/refacciones-1-480x320.jpg\" class=\"attachment-galeriamasonry size-galeriamasonry wp-post-image lazyload\" alt=\"\" data-srcset=\"https:\/\/cymaq.mx\/wp-content\/uploads\/2023\/08\/refacciones-1-480x320.jpg 480w, https:\/\/cymaq.mx\/wp-content\/uploads\/2023\/08\/refacciones-1-2048x1365.jpg 2048w, https:\/\/cymaq.mx\/wp-content\/uploads\/2023\/08\/refacciones-1-260x173.jpg 260w, https:\/\/cymaq.mx\/wp-content\/uploads\/2023\/08\/refacciones-1-1024x683.jpg 1024w, https:\/\/cymaq.mx\/wp-content\/uploads\/2023\/08\/refacciones-1-1536x1024.jpg 1536w\" data-sizes=\"(max-width: 480px) 100vw, 480px\" src=\"data:image\/svg+xml;base64,PHN2ZyB3aWR0aD0iMSIgaGVpZ2h0PSIxIiB4bWxucz0iaHR0cDovL3d3dy53My5vcmcvMjAwMC9zdmciPjwvc3ZnPg==\" style=\"--smush-placeholder-width: 480px; --smush-placeholder-aspect-ratio: 480\/320;\" \/><\/figure>       <h3><span>Spare Parts<\/span><\/h3>\n       <span class=\"ver-mas\"><small class=\"icono\"><svg xmlns=\"http:\/\/www.w3.org\/2000\/svg\" viewBox=\"0 0 448 512\"><path d=\"M438.6 278.6l-160 160C272.4 444.9 264.2 448 256 448s-16.38-3.125-22.62-9.375c-12.5-12.5-12.5-32.75 0-45.25L338.8 288H32C14.33 288 .0016 273.7 .0016 256S14.33 224 32 224h306.8l-105.4-105.4c-12.5-12.5-12.5-32.75 0-45.25s32.75-12.5 45.25 0l160 160C451.1 245.9 451.1 266.1 438.6 278.6z\"\/><\/svg><\/small><span>View More<\/span><\/span>\n<\/a>  <\/div><div class=\"item item-subpage\"><a href=\"https:\/\/cymaq.mx\/en\/preventive-and-corrective-maintenance\/technicians\/\">\n    <figure class=\"subpage-image\"><img decoding=\"async\" width=\"480\" height=\"320\" data-src=\"https:\/\/cymaq.mx\/wp-content\/uploads\/2023\/07\/tecnicos-480x320.jpg\" class=\"attachment-galeriamasonry size-galeriamasonry wp-post-image lazyload\" alt=\"\" data-srcset=\"https:\/\/cymaq.mx\/wp-content\/uploads\/2023\/07\/tecnicos-480x320.jpg 480w, https:\/\/cymaq.mx\/wp-content\/uploads\/2023\/07\/tecnicos-260x173.jpg 260w, https:\/\/cymaq.mx\/wp-content\/uploads\/2023\/07\/tecnicos.jpg 1024w\" data-sizes=\"(max-width: 480px) 100vw, 480px\" src=\"data:image\/svg+xml;base64,PHN2ZyB3aWR0aD0iMSIgaGVpZ2h0PSIxIiB4bWxucz0iaHR0cDovL3d3dy53My5vcmcvMjAwMC9zdmciPjwvc3ZnPg==\" style=\"--smush-placeholder-width: 480px; --smush-placeholder-aspect-ratio: 480\/320;\" \/><\/figure>       <h3><span>Technicians<\/span><\/h3>\n       <span class=\"ver-mas\"><small class=\"icono\"><svg xmlns=\"http:\/\/www.w3.org\/2000\/svg\" viewBox=\"0 0 448 512\"><path d=\"M438.6 278.6l-160 160C272.4 444.9 264.2 448 256 448s-16.38-3.125-22.62-9.375c-12.5-12.5-12.5-32.75 0-45.25L338.8 288H32C14.33 288 .0016 273.7 .0016 256S14.33 224 32 224h306.8l-105.4-105.4c-12.5-12.5-12.5-32.75 0-45.25s32.75-12.5 45.25 0l160 160C451.1 245.9 451.1 266.1 438.6 278.6z\"\/><\/svg><\/small><span>View More<\/span><\/span>\n<\/a>  <\/div><div class=\"item item-subpage\"><a href=\"https:\/\/cymaq.mx\/en\/preventive-and-corrective-maintenance\/flota-profesional-de-vehiculos\/\">\n    <figure class=\"subpage-image\"><img decoding=\"async\" width=\"480\" height=\"320\" data-src=\"https:\/\/cymaq.mx\/wp-content\/uploads\/2023\/08\/flota-2-480x320.jpg\" class=\"attachment-galeriamasonry size-galeriamasonry wp-post-image lazyload\" alt=\"\" data-srcset=\"https:\/\/cymaq.mx\/wp-content\/uploads\/2023\/08\/flota-2-480x320.jpg 480w, https:\/\/cymaq.mx\/wp-content\/uploads\/2023\/08\/flota-2-2048x1365.jpg 2048w, https:\/\/cymaq.mx\/wp-content\/uploads\/2023\/08\/flota-2-260x173.jpg 260w, https:\/\/cymaq.mx\/wp-content\/uploads\/2023\/08\/flota-2-1024x683.jpg 1024w, https:\/\/cymaq.mx\/wp-content\/uploads\/2023\/08\/flota-2-1536x1024.jpg 1536w\" data-sizes=\"(max-width: 480px) 100vw, 480px\" src=\"data:image\/svg+xml;base64,PHN2ZyB3aWR0aD0iMSIgaGVpZ2h0PSIxIiB4bWxucz0iaHR0cDovL3d3dy53My5vcmcvMjAwMC9zdmciPjwvc3ZnPg==\" style=\"--smush-placeholder-width: 480px; --smush-placeholder-aspect-ratio: 480\/320;\" \/><\/figure>       <h3><span>Professional Vehicle Fleet<\/span><\/h3>\n       <span class=\"ver-mas\"><small class=\"icono\"><svg xmlns=\"http:\/\/www.w3.org\/2000\/svg\" viewBox=\"0 0 448 512\"><path d=\"M438.6 278.6l-160 160C272.4 444.9 264.2 448 256 448s-16.38-3.125-22.62-9.375c-12.5-12.5-12.5-32.75 0-45.25L338.8 288H32C14.33 288 .0016 273.7 .0016 256S14.33 224 32 224h306.8l-105.4-105.4c-12.5-12.5-12.5-32.75 0-45.25s32.75-12.5 45.25 0l160 160C451.1 245.9 451.1 266.1 438.6 278.6z\"\/><\/svg><\/small><span>View More<\/span><\/span>\n<\/a>  <\/div><div class=\"item item-subpage\"><a href=\"https:\/\/cymaq.mx\/en\/preventive-and-corrective-maintenance\/crm-sales-force\/\">\n    <figure class=\"subpage-image\"><img decoding=\"async\" width=\"480\" height=\"360\" data-src=\"https:\/\/cymaq.mx\/wp-content\/uploads\/2023\/08\/sf2-480x360.jpg\" class=\"attachment-galeriamasonry size-galeriamasonry wp-post-image lazyload\" alt=\"\" data-srcset=\"https:\/\/cymaq.mx\/wp-content\/uploads\/2023\/08\/sf2-480x360.jpg 480w, https:\/\/cymaq.mx\/wp-content\/uploads\/2023\/08\/sf2-260x195.jpg 260w, https:\/\/cymaq.mx\/wp-content\/uploads\/2023\/08\/sf2-1024x768.jpg 1024w, https:\/\/cymaq.mx\/wp-content\/uploads\/2023\/08\/sf2-1536x1152.jpg 1536w, https:\/\/cymaq.mx\/wp-content\/uploads\/2023\/08\/sf2-2048x1536.jpg 2048w\" data-sizes=\"(max-width: 480px) 100vw, 480px\" src=\"data:image\/svg+xml;base64,PHN2ZyB3aWR0aD0iMSIgaGVpZ2h0PSIxIiB4bWxucz0iaHR0cDovL3d3dy53My5vcmcvMjAwMC9zdmciPjwvc3ZnPg==\" style=\"--smush-placeholder-width: 480px; --smush-placeholder-aspect-ratio: 480\/360;\" \/><\/figure>       <h3><span>CRM<\/span><\/h3>\n       <span class=\"ver-mas\"><small class=\"icono\"><svg xmlns=\"http:\/\/www.w3.org\/2000\/svg\" viewBox=\"0 0 448 512\"><path d=\"M438.6 278.6l-160 160C272.4 444.9 264.2 448 256 448s-16.38-3.125-22.62-9.375c-12.5-12.5-12.5-32.75 0-45.25L338.8 288H32C14.33 288 .0016 273.7 .0016 256S14.33 224 32 224h306.8l-105.4-105.4c-12.5-12.5-12.5-32.75 0-45.25s32.75-12.5 45.25 0l160 160C451.1 245.9 451.1 266.1 438.6 278.6z\"\/><\/svg><\/small><span>View More<\/span><\/span>\n<\/a>  <\/div><\/div>\n<\/div> <\/div>\n<\/div> <div class=\"bg-forma bg-forma-display-none\"><\/div><\/section>\n<\/div><\/div> <div class=\"bg-forma\"><\/div><\/section>\n\n\n\n<section class=\"wp-block-agctexdomain-wrapper-agcblocks alignwide paddingTopBottom140 paddingTopBottomTablet80 paddingTopBottomMobile80 paddingLeftRight0 paddingLeftRightTablet0 paddingLeftRightMobile0 backgroundNoRepeat backgroundCover alturaDefault\"><div class=\"bg-cover-image backgroundNoRepeat backgroundCover lazyload\" style=\"background-image:inherit\" data-bg-image=\"url(https:\/\/cymaq.mx\/wp-content\/uploads\/2023\/04\/servicio-especializado-cymaq.jpg)\"><\/div><div class=\"container\"><div class=\"wrapper-inner-blocks\" style=\"max-width:680px\">\n<section class=\"wp-block-agctexdomain-columnas-agcblocks alignwide columnas col-1 col-1-a paddingTopBottom0 paddingTopBottomTablet0 paddingTopBottomMobile0 alturaDefault\"><div class=\"container\">\n<div class=\"wp-block-agctexdomain-columna-agcblocks Columna ag-animation css-fadeInUp alineacion-vertical-top\" data-ag-animation=\"fadeInUp\" style=\"text-align:left\"><div class=\"ColumnaContent paddingTopBottom0 paddingTopBottomTablet0 paddingTopBottomMobile0 paddingLeftRight20 paddingLeftRightTablet20 paddingLeftRightMobile20\">\n<p class=\"has-text-align-center has-white-color has-text-color\" style=\"font-size:22px\">For more information about our services, please contact one of our specialized advisors.<\/p>\n\n\n\n<div class=\"wp-block-buttons is-content-justification-center is-layout-flex wp-container-core-buttons-is-layout-16018d1d wp-block-buttons-is-layout-flex\">\n<div class=\"wp-block-button is-style-btnA\"><a class=\"wp-block-button__link wp-element-button\" href=\"https:\/\/cymaq.mx\/en\/contact\/\">Contact us<\/a><\/div>\n<\/div>\n<\/div> <\/div>\n<\/div> <div class=\"bg-forma bg-forma-display-none\"><\/div><\/section>\n<\/div><\/div><div class=\"overlay\" style=\"opacity:0.35;background-color:#000000\"><\/div><div class=\"bg-forma\"><\/div><\/section>\n","protected":false},"excerpt":{"rendered":"","protected":false},"author":1,"featured_media":3598,"parent":2856,"menu_order":91,"comment_status":"closed","ping_status":"closed","template":"","meta":{"_acf_changed":false,"footnotes":""},"class_list":["post-2860","page","type-page","status-publish","has-post-thumbnail","hentry"],"acf":[],"yoast_head":"<!-- This site is optimized with the Yoast SEO plugin v27.3 - https:\/\/yoast.com\/product\/yoast-seo-wordpress\/ -->\n<title>Vertical Warehouse - CYMAQ - KAESER<\/title>\n<meta name=\"description\" content=\"En CYMAQ contamos con un almac\u00e9n vertical autom\u00e1tico que garantiza la disponibilidad inmediata de cualquier refacci\u00f3n o accesorio necesario.\" \/>\n<meta name=\"robots\" content=\"index, follow, max-snippet:-1, max-image-preview:large, max-video-preview:-1\" \/>\n<link rel=\"canonical\" href=\"https:\/\/cymaq.mx\/en\/preventive-and-corrective-maintenance\/vertical-warehouse\/\" \/>\n<meta property=\"og:locale\" content=\"en_US\" \/>\n<meta property=\"og:type\" content=\"article\" \/>\n<meta property=\"og:title\" content=\"Vertical Warehouse - CYMAQ - KAESER\" \/>\n<meta property=\"og:description\" content=\"En CYMAQ contamos con un almac\u00e9n vertical autom\u00e1tico que garantiza la disponibilidad inmediata de cualquier refacci\u00f3n o accesorio necesario.\" \/>\n<meta property=\"og:url\" content=\"https:\/\/cymaq.mx\/en\/preventive-and-corrective-maintenance\/vertical-warehouse\/\" \/>\n<meta property=\"og:site_name\" content=\"CYMAQ - KAESER\" \/>\n<meta property=\"article:publisher\" content=\"https:\/\/www.facebook.com\/CYMAQ.MX\/\" \/>\n<meta property=\"article:modified_time\" content=\"2023-09-04T20:13:11+00:00\" \/>\n<meta property=\"og:image\" content=\"https:\/\/cymaq.mx\/wp-content\/uploads\/2023\/08\/Almacen-vertical-muestra.jpeg\" \/>\n\t<meta property=\"og:image:width\" content=\"720\" \/>\n\t<meta property=\"og:image:height\" content=\"1600\" \/>\n\t<meta property=\"og:image:type\" content=\"image\/jpeg\" \/>\n<meta name=\"twitter:card\" content=\"summary_large_image\" \/>\n<meta name=\"twitter:label1\" content=\"Est. reading time\" \/>\n\t<meta name=\"twitter:data1\" content=\"1 minute\" \/>\n<script type=\"application\/ld+json\" class=\"yoast-schema-graph\">{\"@context\":\"https:\\\/\\\/schema.org\",\"@graph\":[{\"@type\":\"WebPage\",\"@id\":\"https:\\\/\\\/cymaq.mx\\\/en\\\/preventive-and-corrective-maintenance\\\/vertical-warehouse\\\/\",\"url\":\"https:\\\/\\\/cymaq.mx\\\/en\\\/preventive-and-corrective-maintenance\\\/vertical-warehouse\\\/\",\"name\":\"Vertical Warehouse - CYMAQ - KAESER\",\"isPartOf\":{\"@id\":\"https:\\\/\\\/cymaq.mx\\\/#website\"},\"primaryImageOfPage\":{\"@id\":\"https:\\\/\\\/cymaq.mx\\\/en\\\/preventive-and-corrective-maintenance\\\/vertical-warehouse\\\/#primaryimage\"},\"image\":{\"@id\":\"https:\\\/\\\/cymaq.mx\\\/en\\\/preventive-and-corrective-maintenance\\\/vertical-warehouse\\\/#primaryimage\"},\"thumbnailUrl\":\"https:\\\/\\\/cymaq.mx\\\/wp-content\\\/uploads\\\/2023\\\/09\\\/inventario-1.jpg\",\"datePublished\":\"2023-08-01T15:06:37+00:00\",\"dateModified\":\"2023-09-04T20:13:11+00:00\",\"description\":\"En CYMAQ contamos con un almac\u00e9n vertical autom\u00e1tico que garantiza la disponibilidad inmediata de cualquier refacci\u00f3n o accesorio necesario.\",\"breadcrumb\":{\"@id\":\"https:\\\/\\\/cymaq.mx\\\/en\\\/preventive-and-corrective-maintenance\\\/vertical-warehouse\\\/#breadcrumb\"},\"inLanguage\":\"en-US\",\"potentialAction\":[{\"@type\":\"ReadAction\",\"target\":[\"https:\\\/\\\/cymaq.mx\\\/en\\\/preventive-and-corrective-maintenance\\\/vertical-warehouse\\\/\"]}]},{\"@type\":\"ImageObject\",\"inLanguage\":\"en-US\",\"@id\":\"https:\\\/\\\/cymaq.mx\\\/en\\\/preventive-and-corrective-maintenance\\\/vertical-warehouse\\\/#primaryimage\",\"url\":\"https:\\\/\\\/cymaq.mx\\\/wp-content\\\/uploads\\\/2023\\\/09\\\/inventario-1.jpg\",\"contentUrl\":\"https:\\\/\\\/cymaq.mx\\\/wp-content\\\/uploads\\\/2023\\\/09\\\/inventario-1.jpg\",\"width\":800,\"height\":600},{\"@type\":\"BreadcrumbList\",\"@id\":\"https:\\\/\\\/cymaq.mx\\\/en\\\/preventive-and-corrective-maintenance\\\/vertical-warehouse\\\/#breadcrumb\",\"itemListElement\":[{\"@type\":\"ListItem\",\"position\":1,\"name\":\"Portada\",\"item\":\"https:\\\/\\\/cymaq.mx\\\/en\\\/\"},{\"@type\":\"ListItem\",\"position\":2,\"name\":\"Preventive and Corrective Maintenance\",\"item\":\"https:\\\/\\\/cymaq.mx\\\/en\\\/preventive-and-corrective-maintenance\\\/\"},{\"@type\":\"ListItem\",\"position\":3,\"name\":\"Vertical Warehouse\"}]},{\"@type\":\"WebSite\",\"@id\":\"https:\\\/\\\/cymaq.mx\\\/#website\",\"url\":\"https:\\\/\\\/cymaq.mx\\\/\",\"name\":\"CYMAQ - KAESER\",\"description\":\"Soluciones en aire y gases industriales\",\"publisher\":{\"@id\":\"https:\\\/\\\/cymaq.mx\\\/#organization\"},\"potentialAction\":[{\"@type\":\"SearchAction\",\"target\":{\"@type\":\"EntryPoint\",\"urlTemplate\":\"https:\\\/\\\/cymaq.mx\\\/?s={search_term_string}\"},\"query-input\":{\"@type\":\"PropertyValueSpecification\",\"valueRequired\":true,\"valueName\":\"search_term_string\"}}],\"inLanguage\":\"en-US\"},{\"@type\":\"Organization\",\"@id\":\"https:\\\/\\\/cymaq.mx\\\/#organization\",\"name\":\"CYMAQ Compresores y Maquinaria S.A. de C.V\",\"url\":\"https:\\\/\\\/cymaq.mx\\\/\",\"logo\":{\"@type\":\"ImageObject\",\"inLanguage\":\"en-US\",\"@id\":\"https:\\\/\\\/cymaq.mx\\\/#\\\/schema\\\/logo\\\/image\\\/\",\"url\":\"https:\\\/\\\/cymaq.mx\\\/wp-content\\\/uploads\\\/2025\\\/05\\\/Nuevo-Leon-1-scaled.jpg\",\"contentUrl\":\"https:\\\/\\\/cymaq.mx\\\/wp-content\\\/uploads\\\/2025\\\/05\\\/Nuevo-Leon-1-scaled.jpg\",\"width\":2560,\"height\":1693,\"caption\":\"CYMAQ Compresores y Maquinaria S.A. de C.V\"},\"image\":{\"@id\":\"https:\\\/\\\/cymaq.mx\\\/#\\\/schema\\\/logo\\\/image\\\/\"},\"sameAs\":[\"https:\\\/\\\/www.facebook.com\\\/CYMAQ.MX\\\/\",\"https:\\\/\\\/www.linkedin.com\\\/company\\\/cymaq-soluciones-aire-comprimido\\\/\"]}]}<\/script>\n<!-- \/ Yoast SEO plugin. -->","yoast_head_json":{"title":"Vertical Warehouse - CYMAQ - KAESER","description":"En CYMAQ contamos con un almac\u00e9n vertical autom\u00e1tico que garantiza la disponibilidad inmediata de cualquier refacci\u00f3n o accesorio necesario.","robots":{"index":"index","follow":"follow","max-snippet":"max-snippet:-1","max-image-preview":"max-image-preview:large","max-video-preview":"max-video-preview:-1"},"canonical":"https:\/\/cymaq.mx\/en\/preventive-and-corrective-maintenance\/vertical-warehouse\/","og_locale":"en_US","og_type":"article","og_title":"Vertical Warehouse - CYMAQ - KAESER","og_description":"En CYMAQ contamos con un almac\u00e9n vertical autom\u00e1tico que garantiza la disponibilidad inmediata de cualquier refacci\u00f3n o accesorio necesario.","og_url":"https:\/\/cymaq.mx\/en\/preventive-and-corrective-maintenance\/vertical-warehouse\/","og_site_name":"CYMAQ - KAESER","article_publisher":"https:\/\/www.facebook.com\/CYMAQ.MX\/","article_modified_time":"2023-09-04T20:13:11+00:00","og_image":[{"width":720,"height":1600,"url":"https:\/\/cymaq.mx\/wp-content\/uploads\/2023\/08\/Almacen-vertical-muestra.jpeg","type":"image\/jpeg"}],"twitter_card":"summary_large_image","twitter_misc":{"Est. reading time":"1 minute"},"schema":{"@context":"https:\/\/schema.org","@graph":[{"@type":"WebPage","@id":"https:\/\/cymaq.mx\/en\/preventive-and-corrective-maintenance\/vertical-warehouse\/","url":"https:\/\/cymaq.mx\/en\/preventive-and-corrective-maintenance\/vertical-warehouse\/","name":"Vertical Warehouse - CYMAQ - KAESER","isPartOf":{"@id":"https:\/\/cymaq.mx\/#website"},"primaryImageOfPage":{"@id":"https:\/\/cymaq.mx\/en\/preventive-and-corrective-maintenance\/vertical-warehouse\/#primaryimage"},"image":{"@id":"https:\/\/cymaq.mx\/en\/preventive-and-corrective-maintenance\/vertical-warehouse\/#primaryimage"},"thumbnailUrl":"https:\/\/cymaq.mx\/wp-content\/uploads\/2023\/09\/inventario-1.jpg","datePublished":"2023-08-01T15:06:37+00:00","dateModified":"2023-09-04T20:13:11+00:00","description":"En CYMAQ contamos con un almac\u00e9n vertical autom\u00e1tico que garantiza la disponibilidad inmediata de cualquier refacci\u00f3n o accesorio necesario.","breadcrumb":{"@id":"https:\/\/cymaq.mx\/en\/preventive-and-corrective-maintenance\/vertical-warehouse\/#breadcrumb"},"inLanguage":"en-US","potentialAction":[{"@type":"ReadAction","target":["https:\/\/cymaq.mx\/en\/preventive-and-corrective-maintenance\/vertical-warehouse\/"]}]},{"@type":"ImageObject","inLanguage":"en-US","@id":"https:\/\/cymaq.mx\/en\/preventive-and-corrective-maintenance\/vertical-warehouse\/#primaryimage","url":"https:\/\/cymaq.mx\/wp-content\/uploads\/2023\/09\/inventario-1.jpg","contentUrl":"https:\/\/cymaq.mx\/wp-content\/uploads\/2023\/09\/inventario-1.jpg","width":800,"height":600},{"@type":"BreadcrumbList","@id":"https:\/\/cymaq.mx\/en\/preventive-and-corrective-maintenance\/vertical-warehouse\/#breadcrumb","itemListElement":[{"@type":"ListItem","position":1,"name":"Portada","item":"https:\/\/cymaq.mx\/en\/"},{"@type":"ListItem","position":2,"name":"Preventive and Corrective Maintenance","item":"https:\/\/cymaq.mx\/en\/preventive-and-corrective-maintenance\/"},{"@type":"ListItem","position":3,"name":"Vertical Warehouse"}]},{"@type":"WebSite","@id":"https:\/\/cymaq.mx\/#website","url":"https:\/\/cymaq.mx\/","name":"CYMAQ - KAESER","description":"Soluciones en aire y gases industriales","publisher":{"@id":"https:\/\/cymaq.mx\/#organization"},"potentialAction":[{"@type":"SearchAction","target":{"@type":"EntryPoint","urlTemplate":"https:\/\/cymaq.mx\/?s={search_term_string}"},"query-input":{"@type":"PropertyValueSpecification","valueRequired":true,"valueName":"search_term_string"}}],"inLanguage":"en-US"},{"@type":"Organization","@id":"https:\/\/cymaq.mx\/#organization","name":"CYMAQ Compresores y Maquinaria S.A. de C.V","url":"https:\/\/cymaq.mx\/","logo":{"@type":"ImageObject","inLanguage":"en-US","@id":"https:\/\/cymaq.mx\/#\/schema\/logo\/image\/","url":"https:\/\/cymaq.mx\/wp-content\/uploads\/2025\/05\/Nuevo-Leon-1-scaled.jpg","contentUrl":"https:\/\/cymaq.mx\/wp-content\/uploads\/2025\/05\/Nuevo-Leon-1-scaled.jpg","width":2560,"height":1693,"caption":"CYMAQ Compresores y Maquinaria S.A. de C.V"},"image":{"@id":"https:\/\/cymaq.mx\/#\/schema\/logo\/image\/"},"sameAs":["https:\/\/www.facebook.com\/CYMAQ.MX\/","https:\/\/www.linkedin.com\/company\/cymaq-soluciones-aire-comprimido\/"]}]}},"_links":{"self":[{"href":"https:\/\/cymaq.mx\/en\/wp-json\/wp\/v2\/pages\/2860","targetHints":{"allow":["GET"]}}],"collection":[{"href":"https:\/\/cymaq.mx\/en\/wp-json\/wp\/v2\/pages"}],"about":[{"href":"https:\/\/cymaq.mx\/en\/wp-json\/wp\/v2\/types\/page"}],"author":[{"embeddable":true,"href":"https:\/\/cymaq.mx\/en\/wp-json\/wp\/v2\/users\/1"}],"replies":[{"embeddable":true,"href":"https:\/\/cymaq.mx\/en\/wp-json\/wp\/v2\/comments?post=2860"}],"version-history":[{"count":2,"href":"https:\/\/cymaq.mx\/en\/wp-json\/wp\/v2\/pages\/2860\/revisions"}],"predecessor-version":[{"id":2928,"href":"https:\/\/cymaq.mx\/en\/wp-json\/wp\/v2\/pages\/2860\/revisions\/2928"}],"up":[{"embeddable":true,"href":"https:\/\/cymaq.mx\/en\/wp-json\/wp\/v2\/pages\/2856"}],"wp:featuredmedia":[{"embeddable":true,"href":"https:\/\/cymaq.mx\/en\/wp-json\/wp\/v2\/media\/3598"}],"wp:attachment":[{"href":"https:\/\/cymaq.mx\/en\/wp-json\/wp\/v2\/media?parent=2860"}],"curies":[{"name":"wp","href":"https:\/\/api.w.org\/{rel}","templated":true}]}}