{"id":2897,"date":"2023-07-10T14:58:11","date_gmt":"2023-07-10T20:58:11","guid":{"rendered":"https:\/\/cymaq.mx\/estudios-de-ingenieria\/"},"modified":"2023-09-04T14:45:15","modified_gmt":"2023-09-04T20:45:15","slug":"engineering-studies","status":"publish","type":"page","link":"https:\/\/cymaq.mx\/en\/engineering-studies\/","title":{"rendered":"Engineering Studies"},"content":{"rendered":"\n<section class=\"wp-block-agctexdomain-wrapper-agcblocks alignwide paddingTopBottom50 paddingTopBottomTablet50 paddingTopBottomMobile50 paddingLeftRight0 paddingLeftRightTablet0 paddingLeftRightMobile0 backgroundNoRepeat backgroundCover alturaDefault\"><div class=\"container\"><div class=\"wrapper-inner-blocks\">\n<section class=\"wp-block-agctexdomain-columnas-agcblocks alignwide columnas col-2 col-2-a paddingTopBottom0 paddingTopBottomTablet0 paddingTopBottomMobile0 alturaDefault\"><div class=\"container\">\n<div class=\"wp-block-agctexdomain-columna-agcblocks Columna ag-animation css-animacionNone alineacion-vertical-top\" data-ag-animation=\"animacionNone\" style=\"text-align:left\"><div class=\"ColumnaContent paddingTopBottom0 paddingTopBottomTablet0 paddingTopBottomMobile0 paddingLeftRight20 paddingLeftRightTablet20 paddingLeftRightMobile20\">\n<figure class=\"wp-block-image size-large\"><img decoding=\"async\" width=\"1024\" height=\"683\" data-src=\"https:\/\/cymaq.mx\/wp-content\/uploads\/2023\/08\/servicios-deingenieria-principal-1024x683.jpg\" alt=\"\" class=\"wp-image-1511 lazyload\" data-srcset=\"https:\/\/cymaq.mx\/wp-content\/uploads\/2023\/08\/servicios-deingenieria-principal-1024x683.jpg 1024w, https:\/\/cymaq.mx\/wp-content\/uploads\/2023\/08\/servicios-deingenieria-principal-2048x1365.jpg 2048w, https:\/\/cymaq.mx\/wp-content\/uploads\/2023\/08\/servicios-deingenieria-principal-260x173.jpg 260w, https:\/\/cymaq.mx\/wp-content\/uploads\/2023\/08\/servicios-deingenieria-principal-1536x1024.jpg 1536w, https:\/\/cymaq.mx\/wp-content\/uploads\/2023\/08\/servicios-deingenieria-principal-480x320.jpg 480w\" data-sizes=\"(max-width: 1024px) 100vw, 1024px\" src=\"data:image\/svg+xml;base64,PHN2ZyB3aWR0aD0iMSIgaGVpZ2h0PSIxIiB4bWxucz0iaHR0cDovL3d3dy53My5vcmcvMjAwMC9zdmciPjwvc3ZnPg==\" style=\"--smush-placeholder-width: 1024px; --smush-placeholder-aspect-ratio: 1024\/683;\" \/><\/figure>\n<\/div> <\/div>\n\n\n\n<div class=\"wp-block-agctexdomain-columna-agcblocks Columna ag-animation css-animacionNone alineacion-vertical-top\" data-ag-animation=\"animacionNone\" style=\"text-align:left\"><div class=\"ColumnaContent paddingTopBottom0 paddingTopBottomTablet0 paddingTopBottomMobile0 paddingLeftRight20 paddingLeftRightTablet20 paddingLeftRightMobile20\">\n<h1 class=\"wp-block-heading\"><strong>Engineering Studies<\/strong><\/h1>\n\n\n\n<p>At CYMAQ, we take pride in offering a wide range of engineering services to our valued clients. Our dedication to technical excellence and commitment to customer satisfaction drive us to provide customized and high-quality solutions.<\/p>\n\n\n\n<p>Among the notable services we provide are engineering studies, measurements, and technical visits, which play a fundamental role in our mission to ensure the maximum performance and efficiency of the products we offer.<\/p>\n\n\n\n<p>These services allow us to address the individual needs of our clients and effectively solve problems in a personalized manner.<\/p>\n<\/div> <\/div>\n<\/div> <div class=\"bg-forma bg-forma-display-none\"><\/div><\/section>\n<\/div><\/div> <div class=\"bg-forma\"><\/div><\/section>\n\n\n\n<section class=\"wp-block-agctexdomain-wrapper-agcblocks alignwide paddingTopBottom50 paddingTopBottomTablet50 paddingTopBottomMobile50 paddingLeftRight0 paddingLeftRightTablet0 paddingLeftRightMobile0 backgroundNoRepeat backgroundCover alturaDefault\"><div class=\"container\"><div class=\"wrapper-inner-blocks\">\n<section class=\"wp-block-agctexdomain-columnas-agcblocks alignwide columnas col-1 col-1-a paddingTopBottom0 paddingTopBottomTablet0 paddingTopBottomMobile0 alturaDefault\"><div class=\"container\">\n<div class=\"wp-block-agctexdomain-columna-agcblocks Columna ag-animation css-animacionNone alineacion-vertical-top\" data-ag-animation=\"animacionNone\" style=\"text-align:left\"><div class=\"ColumnaContent paddingTopBottom0 paddingTopBottomTablet0 paddingTopBottomMobile0 paddingLeftRight20 paddingLeftRightTablet20 paddingLeftRightMobile20\"><div class=\"subpages subpages-grid grid-col-7\"><div class=\"item item-subpage\"><a href=\"https:\/\/cymaq.mx\/en\/engineering-studies\/compressed-air-demand-studies\/\">\n    <figure class=\"subpage-image\"><img decoding=\"async\" width=\"480\" height=\"270\" data-src=\"https:\/\/cymaq.mx\/wp-content\/uploads\/2023\/08\/aire-comprimido-KAESER-480x270.jpg\" class=\"attachment-galeriamasonry size-galeriamasonry wp-post-image lazyload\" alt=\"\" data-srcset=\"https:\/\/cymaq.mx\/wp-content\/uploads\/2023\/08\/aire-comprimido-KAESER-480x270.jpg 480w, https:\/\/cymaq.mx\/wp-content\/uploads\/2023\/08\/aire-comprimido-KAESER-1024x576.jpg 1024w, https:\/\/cymaq.mx\/wp-content\/uploads\/2023\/08\/aire-comprimido-KAESER-260x146.jpg 260w, https:\/\/cymaq.mx\/wp-content\/uploads\/2023\/08\/aire-comprimido-KAESER-1536x864.jpg 1536w, https:\/\/cymaq.mx\/wp-content\/uploads\/2023\/08\/aire-comprimido-KAESER.jpg 1920w\" data-sizes=\"(max-width: 480px) 100vw, 480px\" src=\"data:image\/svg+xml;base64,PHN2ZyB3aWR0aD0iMSIgaGVpZ2h0PSIxIiB4bWxucz0iaHR0cDovL3d3dy53My5vcmcvMjAwMC9zdmciPjwvc3ZnPg==\" style=\"--smush-placeholder-width: 480px; --smush-placeholder-aspect-ratio: 480\/270;\" \/><\/figure>       <h3><span>Compressed Air Demand Studies<\/span><\/h3>\n       <span class=\"ver-mas\"><small class=\"icono\"><svg xmlns=\"http:\/\/www.w3.org\/2000\/svg\" viewBox=\"0 0 448 512\"><path d=\"M438.6 278.6l-160 160C272.4 444.9 264.2 448 256 448s-16.38-3.125-22.62-9.375c-12.5-12.5-12.5-32.75 0-45.25L338.8 288H32C14.33 288 .0016 273.7 .0016 256S14.33 224 32 224h306.8l-105.4-105.4c-12.5-12.5-12.5-32.75 0-45.25s32.75-12.5 45.25 0l160 160C451.1 245.9 451.1 266.1 438.6 278.6z\"\/><\/svg><\/small><span>View More<\/span><\/span>\n<\/a>  <\/div><div class=\"item item-subpage\"><a href=\"https:\/\/cymaq.mx\/en\/engineering-studies\/compressed-air-and-nitrogen-leak-detection-studies\/\">\n    <figure class=\"subpage-image\"><img decoding=\"async\" width=\"480\" height=\"360\" data-src=\"https:\/\/cymaq.mx\/wp-content\/uploads\/2023\/08\/Fugas-480x360.jpg\" class=\"attachment-galeriamasonry size-galeriamasonry wp-post-image lazyload\" alt=\"\" data-srcset=\"https:\/\/cymaq.mx\/wp-content\/uploads\/2023\/08\/Fugas-480x360.jpg 480w, https:\/\/cymaq.mx\/wp-content\/uploads\/2023\/08\/Fugas-260x195.jpg 260w, https:\/\/cymaq.mx\/wp-content\/uploads\/2023\/08\/Fugas.jpg 800w\" data-sizes=\"(max-width: 480px) 100vw, 480px\" src=\"data:image\/svg+xml;base64,PHN2ZyB3aWR0aD0iMSIgaGVpZ2h0PSIxIiB4bWxucz0iaHR0cDovL3d3dy53My5vcmcvMjAwMC9zdmciPjwvc3ZnPg==\" style=\"--smush-placeholder-width: 480px; --smush-placeholder-aspect-ratio: 480\/360;\" \/><\/figure>       <h3><span>Compressed Air and Nitrogen Leak Detection Studies<\/span><\/h3>\n       <span class=\"ver-mas\"><small class=\"icono\"><svg xmlns=\"http:\/\/www.w3.org\/2000\/svg\" viewBox=\"0 0 448 512\"><path d=\"M438.6 278.6l-160 160C272.4 444.9 264.2 448 256 448s-16.38-3.125-22.62-9.375c-12.5-12.5-12.5-32.75 0-45.25L338.8 288H32C14.33 288 .0016 273.7 .0016 256S14.33 224 32 224h306.8l-105.4-105.4c-12.5-12.5-12.5-32.75 0-45.25s32.75-12.5 45.25 0l160 160C451.1 245.9 451.1 266.1 438.6 278.6z\"\/><\/svg><\/small><span>View More<\/span><\/span>\n<\/a>  <\/div><div class=\"item item-subpage\"><a href=\"https:\/\/cymaq.mx\/en\/engineering-studies\/mediciones-de-contenido-remanente-de-aceite-en-el-aire-comprimido\/\">\n    <figure class=\"subpage-image\"><img decoding=\"async\" width=\"480\" height=\"320\" data-src=\"https:\/\/cymaq.mx\/wp-content\/uploads\/2023\/08\/MicrosoftTeams-image-176-480x320.jpg\" class=\"attachment-galeriamasonry size-galeriamasonry wp-post-image lazyload\" alt=\"\" data-srcset=\"https:\/\/cymaq.mx\/wp-content\/uploads\/2023\/08\/MicrosoftTeams-image-176-480x320.jpg 480w, https:\/\/cymaq.mx\/wp-content\/uploads\/2023\/08\/MicrosoftTeams-image-176-260x173.jpg 260w, https:\/\/cymaq.mx\/wp-content\/uploads\/2023\/08\/MicrosoftTeams-image-176-1024x682.jpg 1024w, https:\/\/cymaq.mx\/wp-content\/uploads\/2023\/08\/MicrosoftTeams-image-176-1536x1024.jpg 1536w, https:\/\/cymaq.mx\/wp-content\/uploads\/2023\/08\/MicrosoftTeams-image-176.jpg 2000w\" data-sizes=\"(max-width: 480px) 100vw, 480px\" src=\"data:image\/svg+xml;base64,PHN2ZyB3aWR0aD0iMSIgaGVpZ2h0PSIxIiB4bWxucz0iaHR0cDovL3d3dy53My5vcmcvMjAwMC9zdmciPjwvc3ZnPg==\" style=\"--smush-placeholder-width: 480px; --smush-placeholder-aspect-ratio: 480\/320;\" \/><\/figure>       <h3><span>Mediciones de contenido remanente de aceite en el aire comprimido<\/span><\/h3>\n       <span class=\"ver-mas\"><small class=\"icono\"><svg xmlns=\"http:\/\/www.w3.org\/2000\/svg\" viewBox=\"0 0 448 512\"><path d=\"M438.6 278.6l-160 160C272.4 444.9 264.2 448 256 448s-16.38-3.125-22.62-9.375c-12.5-12.5-12.5-32.75 0-45.25L338.8 288H32C14.33 288 .0016 273.7 .0016 256S14.33 224 32 224h306.8l-105.4-105.4c-12.5-12.5-12.5-32.75 0-45.25s32.75-12.5 45.25 0l160 160C451.1 245.9 451.1 266.1 438.6 278.6z\"\/><\/svg><\/small><span>View More<\/span><\/span>\n<\/a>  <\/div><div class=\"item item-subpage\"><a href=\"https:\/\/cymaq.mx\/en\/engineering-studies\/compressor-room-energy-consumption-measurements\/\">\n    <figure class=\"subpage-image\"><img decoding=\"async\" width=\"480\" height=\"332\" data-src=\"https:\/\/cymaq.mx\/wp-content\/uploads\/2023\/07\/Porcentaje-de-energia-480x332.png\" class=\"attachment-galeriamasonry size-galeriamasonry wp-post-image lazyload\" alt=\"\" data-srcset=\"https:\/\/cymaq.mx\/wp-content\/uploads\/2023\/07\/Porcentaje-de-energia-480x332.png 480w, https:\/\/cymaq.mx\/wp-content\/uploads\/2023\/07\/Porcentaje-de-energia-260x180.png 260w, https:\/\/cymaq.mx\/wp-content\/uploads\/2023\/07\/Porcentaje-de-energia.png 800w\" data-sizes=\"(max-width: 480px) 100vw, 480px\" src=\"data:image\/svg+xml;base64,PHN2ZyB3aWR0aD0iMSIgaGVpZ2h0PSIxIiB4bWxucz0iaHR0cDovL3d3dy53My5vcmcvMjAwMC9zdmciPjwvc3ZnPg==\" style=\"--smush-placeholder-width: 480px; --smush-placeholder-aspect-ratio: 480\/332;\" \/><\/figure>       <h3><span>Compressor Room Energy Consumption Measurements<\/span><\/h3>\n       <span class=\"ver-mas\"><small class=\"icono\"><svg xmlns=\"http:\/\/www.w3.org\/2000\/svg\" viewBox=\"0 0 448 512\"><path d=\"M438.6 278.6l-160 160C272.4 444.9 264.2 448 256 448s-16.38-3.125-22.62-9.375c-12.5-12.5-12.5-32.75 0-45.25L338.8 288H32C14.33 288 .0016 273.7 .0016 256S14.33 224 32 224h306.8l-105.4-105.4c-12.5-12.5-12.5-32.75 0-45.25s32.75-12.5 45.25 0l160 160C451.1 245.9 451.1 266.1 438.6 278.6z\"\/><\/svg><\/small><span>View More<\/span><\/span>\n<\/a>  <\/div><div class=\"item item-subpage\"><a href=\"https:\/\/cymaq.mx\/en\/engineering-studies\/dew-point-measurements\/\">\n    <figure class=\"subpage-image\"><img decoding=\"async\" width=\"480\" height=\"319\" data-src=\"https:\/\/cymaq.mx\/wp-content\/uploads\/2025\/03\/DSC5670-480x319.jpg\" class=\"attachment-galeriamasonry size-galeriamasonry wp-post-image lazyload\" alt=\"\" data-srcset=\"https:\/\/cymaq.mx\/wp-content\/uploads\/2025\/03\/DSC5670-480x319.jpg 480w, https:\/\/cymaq.mx\/wp-content\/uploads\/2025\/03\/DSC5670-1024x682.jpg 1024w, https:\/\/cymaq.mx\/wp-content\/uploads\/2025\/03\/DSC5670-260x173.jpg 260w, https:\/\/cymaq.mx\/wp-content\/uploads\/2025\/03\/DSC5670-1536x1022.jpg 1536w, https:\/\/cymaq.mx\/wp-content\/uploads\/2025\/03\/DSC5670-2048x1363.jpg 2048w\" data-sizes=\"(max-width: 480px) 100vw, 480px\" src=\"data:image\/svg+xml;base64,PHN2ZyB3aWR0aD0iMSIgaGVpZ2h0PSIxIiB4bWxucz0iaHR0cDovL3d3dy53My5vcmcvMjAwMC9zdmciPjwvc3ZnPg==\" style=\"--smush-placeholder-width: 480px; --smush-placeholder-aspect-ratio: 480\/319;\" \/><\/figure>       <h3><span>Dew Point Measurements<\/span><\/h3>\n       <span class=\"ver-mas\"><small class=\"icono\"><svg xmlns=\"http:\/\/www.w3.org\/2000\/svg\" viewBox=\"0 0 448 512\"><path d=\"M438.6 278.6l-160 160C272.4 444.9 264.2 448 256 448s-16.38-3.125-22.62-9.375c-12.5-12.5-12.5-32.75 0-45.25L338.8 288H32C14.33 288 .0016 273.7 .0016 256S14.33 224 32 224h306.8l-105.4-105.4c-12.5-12.5-12.5-32.75 0-45.25s32.75-12.5 45.25 0l160 160C451.1 245.9 451.1 266.1 438.6 278.6z\"\/><\/svg><\/small><span>View More<\/span><\/span>\n<\/a>  <\/div><div class=\"item item-subpage\"><a href=\"https:\/\/cymaq.mx\/en\/engineering-studies\/visitas-tecnicas-mejoras-en-cuarto-de-compresores\/\">\n    <figure class=\"subpage-image\"><img decoding=\"async\" width=\"480\" height=\"283\" data-src=\"https:\/\/cymaq.mx\/wp-content\/uploads\/2023\/08\/visitas-tecnicas-480x283.jpg\" class=\"attachment-galeriamasonry size-galeriamasonry wp-post-image lazyload\" alt=\"\" data-srcset=\"https:\/\/cymaq.mx\/wp-content\/uploads\/2023\/08\/visitas-tecnicas-480x283.jpg 480w, https:\/\/cymaq.mx\/wp-content\/uploads\/2023\/08\/visitas-tecnicas-1536x906.jpg 1536w, https:\/\/cymaq.mx\/wp-content\/uploads\/2023\/08\/visitas-tecnicas-260x153.jpg 260w, https:\/\/cymaq.mx\/wp-content\/uploads\/2023\/08\/visitas-tecnicas-1024x604.jpg 1024w, https:\/\/cymaq.mx\/wp-content\/uploads\/2023\/08\/visitas-tecnicas-2048x1209.jpg 2048w\" data-sizes=\"(max-width: 480px) 100vw, 480px\" src=\"data:image\/svg+xml;base64,PHN2ZyB3aWR0aD0iMSIgaGVpZ2h0PSIxIiB4bWxucz0iaHR0cDovL3d3dy53My5vcmcvMjAwMC9zdmciPjwvc3ZnPg==\" style=\"--smush-placeholder-width: 480px; --smush-placeholder-aspect-ratio: 480\/283;\" \/><\/figure>       <h3><span>Technical Visits, Improvements in Compressor Rooms, and Plant Applications<\/span><\/h3>\n       <span class=\"ver-mas\"><small class=\"icono\"><svg xmlns=\"http:\/\/www.w3.org\/2000\/svg\" viewBox=\"0 0 448 512\"><path d=\"M438.6 278.6l-160 160C272.4 444.9 264.2 448 256 448s-16.38-3.125-22.62-9.375c-12.5-12.5-12.5-32.75 0-45.25L338.8 288H32C14.33 288 .0016 273.7 .0016 256S14.33 224 32 224h306.8l-105.4-105.4c-12.5-12.5-12.5-32.75 0-45.25s32.75-12.5 45.25 0l160 160C451.1 245.9 451.1 266.1 438.6 278.6z\"\/><\/svg><\/small><span>View More<\/span><\/span>\n<\/a>  <\/div><div class=\"item item-subpage\"><a href=\"https:\/\/cymaq.mx\/en\/engineering-studies\/design-of-compressed-air-stations-for-pet\/\">\n    <figure class=\"subpage-image\"><img decoding=\"async\" width=\"480\" height=\"320\" data-src=\"https:\/\/cymaq.mx\/wp-content\/uploads\/2023\/08\/estaciones-pet1-1-480x320.jpg\" class=\"attachment-galeriamasonry size-galeriamasonry wp-post-image lazyload\" alt=\"\" data-srcset=\"https:\/\/cymaq.mx\/wp-content\/uploads\/2023\/08\/estaciones-pet1-1-480x320.jpg 480w, https:\/\/cymaq.mx\/wp-content\/uploads\/2023\/08\/estaciones-pet1-1-2048x1365.jpg 2048w, https:\/\/cymaq.mx\/wp-content\/uploads\/2023\/08\/estaciones-pet1-1-260x173.jpg 260w, https:\/\/cymaq.mx\/wp-content\/uploads\/2023\/08\/estaciones-pet1-1-1024x683.jpg 1024w, https:\/\/cymaq.mx\/wp-content\/uploads\/2023\/08\/estaciones-pet1-1-1536x1024.jpg 1536w\" data-sizes=\"(max-width: 480px) 100vw, 480px\" src=\"data:image\/svg+xml;base64,PHN2ZyB3aWR0aD0iMSIgaGVpZ2h0PSIxIiB4bWxucz0iaHR0cDovL3d3dy53My5vcmcvMjAwMC9zdmciPjwvc3ZnPg==\" style=\"--smush-placeholder-width: 480px; --smush-placeholder-aspect-ratio: 480\/320;\" \/><\/figure>       <h3><span>Design of Compressed Air Stations for PET<\/span><\/h3>\n       <span class=\"ver-mas\"><small class=\"icono\"><svg xmlns=\"http:\/\/www.w3.org\/2000\/svg\" viewBox=\"0 0 448 512\"><path d=\"M438.6 278.6l-160 160C272.4 444.9 264.2 448 256 448s-16.38-3.125-22.62-9.375c-12.5-12.5-12.5-32.75 0-45.25L338.8 288H32C14.33 288 .0016 273.7 .0016 256S14.33 224 32 224h306.8l-105.4-105.4c-12.5-12.5-12.5-32.75 0-45.25s32.75-12.5 45.25 0l160 160C451.1 245.9 451.1 266.1 438.6 278.6z\"\/><\/svg><\/small><span>View More<\/span><\/span>\n<\/a>  <\/div><\/div>\n<\/div> <\/div>\n<\/div> <div class=\"bg-forma bg-forma-display-none\"><\/div><\/section>\n<\/div><\/div> <div class=\"bg-forma\"><\/div><\/section>\n","protected":false},"excerpt":{"rendered":"","protected":false},"author":1,"featured_media":0,"parent":0,"menu_order":66,"comment_status":"closed","ping_status":"closed","template":"","meta":{"_acf_changed":false,"footnotes":""},"class_list":["post-2897","page","type-page","status-publish","hentry"],"acf":[],"yoast_head":"<!-- This site is optimized with the Yoast SEO plugin v27.4 - https:\/\/yoast.com\/product\/yoast-seo-wordpress\/ -->\n<title>Engineering Studies - CYMAQ - KAESER<\/title>\n<meta name=\"description\" content=\"Ofrecemos estudios de ingenier\u00eda, mediciones y visitas t\u00e9cnicas para asegurar el m\u00e1ximo rendimiento y eficiencia de sus productos.\" \/>\n<meta name=\"robots\" content=\"index, follow, max-snippet:-1, max-image-preview:large, max-video-preview:-1\" \/>\n<link rel=\"canonical\" href=\"https:\/\/cymaq.mx\/en\/engineering-studies\/\" \/>\n<meta property=\"og:locale\" content=\"en_US\" \/>\n<meta property=\"og:type\" content=\"article\" \/>\n<meta property=\"og:title\" content=\"Engineering Studies - CYMAQ - KAESER\" \/>\n<meta property=\"og:description\" content=\"Ofrecemos estudios de ingenier\u00eda, mediciones y visitas t\u00e9cnicas para asegurar el m\u00e1ximo rendimiento y eficiencia de sus productos.\" \/>\n<meta property=\"og:url\" content=\"https:\/\/cymaq.mx\/en\/engineering-studies\/\" \/>\n<meta property=\"og:site_name\" content=\"CYMAQ - KAESER\" \/>\n<meta property=\"article:publisher\" content=\"https:\/\/www.facebook.com\/CYMAQ.MX\/\" \/>\n<meta property=\"article:modified_time\" content=\"2023-09-04T20:45:15+00:00\" \/>\n<meta property=\"og:image\" content=\"https:\/\/cymaq.mx\/wp-content\/uploads\/2023\/08\/servicios-deingenieria-principal-1024x683.jpg\" \/>\n<meta name=\"twitter:card\" content=\"summary_large_image\" \/>\n<meta name=\"twitter:label1\" content=\"Est. reading time\" \/>\n\t<meta name=\"twitter:data1\" content=\"1 minute\" \/>\n<script type=\"application\/ld+json\" class=\"yoast-schema-graph\">{\"@context\":\"https:\\\/\\\/schema.org\",\"@graph\":[{\"@type\":\"WebPage\",\"@id\":\"https:\\\/\\\/cymaq.mx\\\/en\\\/engineering-studies\\\/\",\"url\":\"https:\\\/\\\/cymaq.mx\\\/en\\\/engineering-studies\\\/\",\"name\":\"Engineering Studies - CYMAQ - KAESER\",\"isPartOf\":{\"@id\":\"https:\\\/\\\/cymaq.mx\\\/#website\"},\"primaryImageOfPage\":{\"@id\":\"https:\\\/\\\/cymaq.mx\\\/en\\\/engineering-studies\\\/#primaryimage\"},\"image\":{\"@id\":\"https:\\\/\\\/cymaq.mx\\\/en\\\/engineering-studies\\\/#primaryimage\"},\"thumbnailUrl\":\"https:\\\/\\\/cymaq.mx\\\/wp-content\\\/uploads\\\/2023\\\/08\\\/servicios-deingenieria-principal-1024x683.jpg\",\"datePublished\":\"2023-07-10T20:58:11+00:00\",\"dateModified\":\"2023-09-04T20:45:15+00:00\",\"description\":\"Ofrecemos estudios de ingenier\u00eda, mediciones y visitas t\u00e9cnicas para asegurar el m\u00e1ximo rendimiento y eficiencia de sus productos.\",\"breadcrumb\":{\"@id\":\"https:\\\/\\\/cymaq.mx\\\/en\\\/engineering-studies\\\/#breadcrumb\"},\"inLanguage\":\"en-US\",\"potentialAction\":[{\"@type\":\"ReadAction\",\"target\":[\"https:\\\/\\\/cymaq.mx\\\/en\\\/engineering-studies\\\/\"]}]},{\"@type\":\"ImageObject\",\"inLanguage\":\"en-US\",\"@id\":\"https:\\\/\\\/cymaq.mx\\\/en\\\/engineering-studies\\\/#primaryimage\",\"url\":\"https:\\\/\\\/cymaq.mx\\\/wp-content\\\/uploads\\\/2023\\\/08\\\/servicios-deingenieria-principal-1024x683.jpg\",\"contentUrl\":\"https:\\\/\\\/cymaq.mx\\\/wp-content\\\/uploads\\\/2023\\\/08\\\/servicios-deingenieria-principal-1024x683.jpg\"},{\"@type\":\"BreadcrumbList\",\"@id\":\"https:\\\/\\\/cymaq.mx\\\/en\\\/engineering-studies\\\/#breadcrumb\",\"itemListElement\":[{\"@type\":\"ListItem\",\"position\":1,\"name\":\"Portada\",\"item\":\"https:\\\/\\\/cymaq.mx\\\/en\\\/\"},{\"@type\":\"ListItem\",\"position\":2,\"name\":\"Engineering Studies\"}]},{\"@type\":\"WebSite\",\"@id\":\"https:\\\/\\\/cymaq.mx\\\/#website\",\"url\":\"https:\\\/\\\/cymaq.mx\\\/\",\"name\":\"CYMAQ - KAESER\",\"description\":\"Soluciones en aire y gases industriales\",\"publisher\":{\"@id\":\"https:\\\/\\\/cymaq.mx\\\/#organization\"},\"potentialAction\":[{\"@type\":\"SearchAction\",\"target\":{\"@type\":\"EntryPoint\",\"urlTemplate\":\"https:\\\/\\\/cymaq.mx\\\/?s={search_term_string}\"},\"query-input\":{\"@type\":\"PropertyValueSpecification\",\"valueRequired\":true,\"valueName\":\"search_term_string\"}}],\"inLanguage\":\"en-US\"},{\"@type\":\"Organization\",\"@id\":\"https:\\\/\\\/cymaq.mx\\\/#organization\",\"name\":\"CYMAQ Compresores y Maquinaria S.A. de C.V\",\"url\":\"https:\\\/\\\/cymaq.mx\\\/\",\"logo\":{\"@type\":\"ImageObject\",\"inLanguage\":\"en-US\",\"@id\":\"https:\\\/\\\/cymaq.mx\\\/#\\\/schema\\\/logo\\\/image\\\/\",\"url\":\"https:\\\/\\\/cymaq.mx\\\/wp-content\\\/uploads\\\/2025\\\/05\\\/Nuevo-Leon-1-scaled.jpg\",\"contentUrl\":\"https:\\\/\\\/cymaq.mx\\\/wp-content\\\/uploads\\\/2025\\\/05\\\/Nuevo-Leon-1-scaled.jpg\",\"width\":2560,\"height\":1693,\"caption\":\"CYMAQ Compresores y Maquinaria S.A. de C.V\"},\"image\":{\"@id\":\"https:\\\/\\\/cymaq.mx\\\/#\\\/schema\\\/logo\\\/image\\\/\"},\"sameAs\":[\"https:\\\/\\\/www.facebook.com\\\/CYMAQ.MX\\\/\",\"https:\\\/\\\/www.linkedin.com\\\/company\\\/cymaq-soluciones-aire-comprimido\\\/\"]}]}<\/script>\n<!-- \/ Yoast SEO plugin. -->","yoast_head_json":{"title":"Engineering Studies - CYMAQ - KAESER","description":"Ofrecemos estudios de ingenier\u00eda, mediciones y visitas t\u00e9cnicas para asegurar el m\u00e1ximo rendimiento y eficiencia de sus productos.","robots":{"index":"index","follow":"follow","max-snippet":"max-snippet:-1","max-image-preview":"max-image-preview:large","max-video-preview":"max-video-preview:-1"},"canonical":"https:\/\/cymaq.mx\/en\/engineering-studies\/","og_locale":"en_US","og_type":"article","og_title":"Engineering Studies - CYMAQ - KAESER","og_description":"Ofrecemos estudios de ingenier\u00eda, mediciones y visitas t\u00e9cnicas para asegurar el m\u00e1ximo rendimiento y eficiencia de sus productos.","og_url":"https:\/\/cymaq.mx\/en\/engineering-studies\/","og_site_name":"CYMAQ - KAESER","article_publisher":"https:\/\/www.facebook.com\/CYMAQ.MX\/","article_modified_time":"2023-09-04T20:45:15+00:00","og_image":[{"url":"https:\/\/cymaq.mx\/wp-content\/uploads\/2023\/08\/servicios-deingenieria-principal-1024x683.jpg","type":"","width":"","height":""}],"twitter_card":"summary_large_image","twitter_misc":{"Est. reading time":"1 minute"},"schema":{"@context":"https:\/\/schema.org","@graph":[{"@type":"WebPage","@id":"https:\/\/cymaq.mx\/en\/engineering-studies\/","url":"https:\/\/cymaq.mx\/en\/engineering-studies\/","name":"Engineering Studies - CYMAQ - KAESER","isPartOf":{"@id":"https:\/\/cymaq.mx\/#website"},"primaryImageOfPage":{"@id":"https:\/\/cymaq.mx\/en\/engineering-studies\/#primaryimage"},"image":{"@id":"https:\/\/cymaq.mx\/en\/engineering-studies\/#primaryimage"},"thumbnailUrl":"https:\/\/cymaq.mx\/wp-content\/uploads\/2023\/08\/servicios-deingenieria-principal-1024x683.jpg","datePublished":"2023-07-10T20:58:11+00:00","dateModified":"2023-09-04T20:45:15+00:00","description":"Ofrecemos estudios de ingenier\u00eda, mediciones y visitas t\u00e9cnicas para asegurar el m\u00e1ximo rendimiento y eficiencia de sus productos.","breadcrumb":{"@id":"https:\/\/cymaq.mx\/en\/engineering-studies\/#breadcrumb"},"inLanguage":"en-US","potentialAction":[{"@type":"ReadAction","target":["https:\/\/cymaq.mx\/en\/engineering-studies\/"]}]},{"@type":"ImageObject","inLanguage":"en-US","@id":"https:\/\/cymaq.mx\/en\/engineering-studies\/#primaryimage","url":"https:\/\/cymaq.mx\/wp-content\/uploads\/2023\/08\/servicios-deingenieria-principal-1024x683.jpg","contentUrl":"https:\/\/cymaq.mx\/wp-content\/uploads\/2023\/08\/servicios-deingenieria-principal-1024x683.jpg"},{"@type":"BreadcrumbList","@id":"https:\/\/cymaq.mx\/en\/engineering-studies\/#breadcrumb","itemListElement":[{"@type":"ListItem","position":1,"name":"Portada","item":"https:\/\/cymaq.mx\/en\/"},{"@type":"ListItem","position":2,"name":"Engineering Studies"}]},{"@type":"WebSite","@id":"https:\/\/cymaq.mx\/#website","url":"https:\/\/cymaq.mx\/","name":"CYMAQ - KAESER","description":"Soluciones en aire y gases industriales","publisher":{"@id":"https:\/\/cymaq.mx\/#organization"},"potentialAction":[{"@type":"SearchAction","target":{"@type":"EntryPoint","urlTemplate":"https:\/\/cymaq.mx\/?s={search_term_string}"},"query-input":{"@type":"PropertyValueSpecification","valueRequired":true,"valueName":"search_term_string"}}],"inLanguage":"en-US"},{"@type":"Organization","@id":"https:\/\/cymaq.mx\/#organization","name":"CYMAQ Compresores y Maquinaria S.A. de C.V","url":"https:\/\/cymaq.mx\/","logo":{"@type":"ImageObject","inLanguage":"en-US","@id":"https:\/\/cymaq.mx\/#\/schema\/logo\/image\/","url":"https:\/\/cymaq.mx\/wp-content\/uploads\/2025\/05\/Nuevo-Leon-1-scaled.jpg","contentUrl":"https:\/\/cymaq.mx\/wp-content\/uploads\/2025\/05\/Nuevo-Leon-1-scaled.jpg","width":2560,"height":1693,"caption":"CYMAQ Compresores y Maquinaria S.A. de C.V"},"image":{"@id":"https:\/\/cymaq.mx\/#\/schema\/logo\/image\/"},"sameAs":["https:\/\/www.facebook.com\/CYMAQ.MX\/","https:\/\/www.linkedin.com\/company\/cymaq-soluciones-aire-comprimido\/"]}]}},"_links":{"self":[{"href":"https:\/\/cymaq.mx\/en\/wp-json\/wp\/v2\/pages\/2897","targetHints":{"allow":["GET"]}}],"collection":[{"href":"https:\/\/cymaq.mx\/en\/wp-json\/wp\/v2\/pages"}],"about":[{"href":"https:\/\/cymaq.mx\/en\/wp-json\/wp\/v2\/types\/page"}],"author":[{"embeddable":true,"href":"https:\/\/cymaq.mx\/en\/wp-json\/wp\/v2\/users\/1"}],"replies":[{"embeddable":true,"href":"https:\/\/cymaq.mx\/en\/wp-json\/wp\/v2\/comments?post=2897"}],"version-history":[{"count":2,"href":"https:\/\/cymaq.mx\/en\/wp-json\/wp\/v2\/pages\/2897\/revisions"}],"predecessor-version":[{"id":2937,"href":"https:\/\/cymaq.mx\/en\/wp-json\/wp\/v2\/pages\/2897\/revisions\/2937"}],"wp:attachment":[{"href":"https:\/\/cymaq.mx\/en\/wp-json\/wp\/v2\/media?parent=2897"}],"curies":[{"name":"wp","href":"https:\/\/api.w.org\/{rel}","templated":true}]}}