{"id":2901,"date":"2023-07-24T16:51:59","date_gmt":"2023-07-24T22:51:59","guid":{"rendered":"https:\/\/cymaq.mx\/estudios-de-ingenieria\/mediciones-de-punto-de-rocio\/"},"modified":"2023-09-04T15:03:06","modified_gmt":"2023-09-04T21:03:06","slug":"dew-point-measurements","status":"publish","type":"page","link":"https:\/\/cymaq.mx\/en\/engineering-studies\/dew-point-measurements\/","title":{"rendered":"Dew Point Measurements"},"content":{"rendered":"\n<section class=\"wp-block-agctexdomain-wrapper-agcblocks alignwide paddingTopBottom50 paddingTopBottomTablet50 paddingTopBottomMobile50 paddingLeftRight0 paddingLeftRightTablet0 paddingLeftRightMobile0 backgroundNoRepeat backgroundCover alturaDefault\"><div class=\"container\"><div class=\"wrapper-inner-blocks\">\n<section class=\"wp-block-agctexdomain-columnas-agcblocks alignwide columnas col-2 col-2-a paddingTopBottom0 paddingTopBottomTablet0 paddingTopBottomMobile0 alturaDefault\"><div class=\"container\">\n<div class=\"wp-block-agctexdomain-columna-agcblocks Columna ag-animation css-animacionNone alineacion-vertical-top\" data-ag-animation=\"animacionNone\" style=\"text-align:left\"><div class=\"ColumnaContent paddingTopBottom0 paddingTopBottomTablet0 paddingTopBottomMobile0 paddingLeftRight20 paddingLeftRightTablet20 paddingLeftRightMobile20\"><figure class=\"wp-block-post-featured-image\"><img decoding=\"async\" width=\"2560\" height=\"1704\" data-src=\"https:\/\/cymaq.mx\/wp-content\/uploads\/2025\/03\/DSC5670-scaled.jpg\" class=\"attachment-post-thumbnail size-post-thumbnail wp-post-image lazyload\" alt=\"\" style=\"--smush-placeholder-width: 2560px; --smush-placeholder-aspect-ratio: 2560\/1704;object-fit:cover;\" data-srcset=\"https:\/\/cymaq.mx\/wp-content\/uploads\/2025\/03\/DSC5670-scaled.jpg 2560w, https:\/\/cymaq.mx\/wp-content\/uploads\/2025\/03\/DSC5670-1024x682.jpg 1024w, https:\/\/cymaq.mx\/wp-content\/uploads\/2025\/03\/DSC5670-260x173.jpg 260w, https:\/\/cymaq.mx\/wp-content\/uploads\/2025\/03\/DSC5670-1536x1022.jpg 1536w, https:\/\/cymaq.mx\/wp-content\/uploads\/2025\/03\/DSC5670-2048x1363.jpg 2048w, https:\/\/cymaq.mx\/wp-content\/uploads\/2025\/03\/DSC5670-480x319.jpg 480w\" data-sizes=\"(max-width: 2560px) 100vw, 2560px\" src=\"data:image\/svg+xml;base64,PHN2ZyB3aWR0aD0iMSIgaGVpZ2h0PSIxIiB4bWxucz0iaHR0cDovL3d3dy53My5vcmcvMjAwMC9zdmciPjwvc3ZnPg==\" \/><\/figure><\/div> <\/div>\n\n\n\n<div class=\"wp-block-agctexdomain-columna-agcblocks Columna ag-animation css-animacionNone alineacion-vertical-top\" data-ag-animation=\"animacionNone\" style=\"text-align:left\"><div class=\"ColumnaContent paddingTopBottom0 paddingTopBottomTablet0 paddingTopBottomMobile0 paddingLeftRight20 paddingLeftRightTablet20 paddingLeftRightMobile20\">\n<h1 class=\"wp-block-heading\">Dew Point Measurements<\/h1>\n\n\n\n<p class=\"is-style-justificar\">At CYMAQ, we provide dew point measurement services, a vital process in engineering and various fields, especially in compressed air, refrigeration, and dehumidification systems. The dew point represents the critical temperature at which water vapor condenses into liquid water, and its measurement is relevant for assessing moisture present in the air or gas.<\/p>\n\n\n\n<p class=\"is-style-justificar\">In a compressed air system, measuring the dew point is crucial to ensure the highest quality of air used in industrial processes and critical applications. An appropriate dew point ensures that unwanted condensation does not form, which could damage equipment or compromise operational efficiency.<\/p>\n\n\n\n<p class=\"is-style-justificar\">Our specialized dew point meters are used to carry out these precise measurements. These devices measure the temperature at which water vapor begins to condense in the presence of the analyzed gas, providing results in degrees Celsius (\u00b0C) or Fahrenheit (\u00b0F). In this way, we provide essential information about the humidity present in the air or gas, ensuring the proper operation of sensitive systems and ensuring the optimal quality of compressed air and other gases used in various industrial and commercial applications.<\/p>\n<\/div> <\/div>\n<\/div> <div class=\"bg-forma bg-forma-display-none\"><\/div><\/section>\n\n\n\n<section class=\"wp-block-agctexdomain-columnas-agcblocks alignwide columnas col-1 col-1-a paddingTopBottom0 paddingTopBottomTablet0 paddingTopBottomMobile0 alturaDefault\"><div class=\"container\">\n<div class=\"wp-block-agctexdomain-columna-agcblocks Columna ag-animation css-animacionNone alineacion-vertical-top\" data-ag-animation=\"animacionNone\" style=\"text-align:left\"><div class=\"ColumnaContent paddingTopBottom0 paddingTopBottomTablet0 paddingTopBottomMobile0 paddingLeftRight20 paddingLeftRightTablet20 paddingLeftRightMobile20\">\n<div style=\"height:30px\" aria-hidden=\"true\" class=\"wp-block-spacer\"><\/div>\n\n\n\n<p style=\"font-size:22px\">Dew Point Measurements performed by CYMAQ are crucial in applications that encompass:<\/p>\n\n\n\n<div style=\"height:20px\" aria-hidden=\"true\" class=\"wp-block-spacer\"><\/div>\n<\/div> <\/div>\n<\/div> <div class=\"bg-forma bg-forma-display-none\"><\/div><\/section>\n\n\n\n<section class=\"wp-block-agctexdomain-columnas-agcblocks alignwide columnas col-2 col-2-a paddingTopBottom0 paddingTopBottomTablet0 paddingTopBottomMobile0 alturaDefault\"><div class=\"container\">\n<div class=\"wp-block-agctexdomain-columna-agcblocks Columna ag-animation css-animacionNone alineacion-vertical-top content-justificar\" data-ag-animation=\"animacionNone\" style=\"text-align:left\"><div class=\"ColumnaContent paddingTopBottom0 paddingTopBottomTablet0 paddingTopBottomMobile0 paddingLeftRight20 paddingLeftRightTablet20 paddingLeftRightMobile20\">\n<ul class=\"is-style-ListCheck wp-block-list\">\n<li><strong>Industrial Process Humidity Control: <\/strong>In many industrial processes, humidity can negatively impact the quality of the final product or the performance of operations. Dew point measurements help maintain humidity within acceptable ranges and prevent issues such as condensation, corrosion, or efficiency loss.<\/li>\n\n\n\n<li><strong>Compressed Air Drying:<\/strong> In compressed air systems, humidity can cause problems in equipment and processes. Dew point measurements determine if the compressed air is sufficiently dry for use in sensitive applications.<\/li>\n\n\n\n<li><strong>Environmental Monitoring:<\/strong> In the environmental field, dew point measurements are important for monitoring humidity in the atmosphere and predicting weather phenomena, such as fog formation or potential precipitation.<\/li>\n<\/ul>\n<\/div> <\/div>\n\n\n\n<div class=\"wp-block-agctexdomain-columna-agcblocks Columna ag-animation css-animacionNone alineacion-vertical-top content-justificar\" data-ag-animation=\"animacionNone\" style=\"text-align:left\"><div class=\"ColumnaContent paddingTopBottom0 paddingTopBottomTablet0 paddingTopBottomMobile0 paddingLeftRight20 paddingLeftRightTablet20 paddingLeftRightMobile20\">\n<ul class=\"is-style-ListCheck wp-block-list\">\n<li><strong>Refrigeration Systems:<\/strong> In refrigeration systems, dew point is relevant to avoid condensation formation on pipes and surfaces, which can damage equipment and reduce its efficiency.<\/li>\n\n\n\n<li><strong>Pharmaceutical and Food Industries:<\/strong> In these industries, where product quality and stability are crucial, humidity control and dew point measurement are critical elements to ensure products are stored and transported properly.<\/li>\n<\/ul>\n<\/div> <\/div>\n<\/div> <div class=\"bg-forma bg-forma-display-none\"><\/div><\/section>\n\n\n\n<section class=\"wp-block-agctexdomain-columnas-agcblocks alignwide columnas col-1 col-1-a paddingTopBottom0 paddingTopBottomTablet0 paddingTopBottomMobile0 alturaDefault\"><div class=\"container\">\n<div class=\"wp-block-agctexdomain-columna-agcblocks Columna ag-animation css-animacionNone alineacion-vertical-top\" data-ag-animation=\"animacionNone\" style=\"text-align:left\"><div class=\"ColumnaContent paddingTopBottom0 paddingTopBottomTablet0 paddingTopBottomMobile0 paddingLeftRight20 paddingLeftRightTablet20 paddingLeftRightMobile20\">\n<div style=\"height:30px\" aria-hidden=\"true\" class=\"wp-block-spacer\"><\/div>\n\n\n\n<p>With CYMAQ, we guarantee compliance with the highest quality standards in every dew point measurement, thus supporting success and excellence in each of our projects.<\/p>\n<\/div> <\/div>\n<\/div> <div class=\"bg-forma bg-forma-display-none\"><\/div><\/section>\n<\/div><\/div> <div class=\"bg-forma\"><\/div><\/section>\n\n\n\n<section class=\"wp-block-agctexdomain-wrapper-agcblocks alignwide paddingTopBottom140 paddingTopBottomTablet80 paddingTopBottomMobile80 paddingLeftRight0 paddingLeftRightTablet0 paddingLeftRightMobile0 backgroundNoRepeat backgroundCover alturaDefault\"><div class=\"bg-cover-image backgroundNoRepeat backgroundCover lazyload\" style=\"background-image:inherit\" data-bg-image=\"url(https:\/\/cymaq.mx\/wp-content\/uploads\/2023\/04\/servicio-especializado-cymaq.jpg)\"><\/div><div class=\"container\"><div class=\"wrapper-inner-blocks\" style=\"max-width:680px\">\n<section class=\"wp-block-agctexdomain-columnas-agcblocks alignwide columnas col-1 col-1-a paddingTopBottom0 paddingTopBottomTablet0 paddingTopBottomMobile0 alturaDefault\"><div class=\"container\">\n<div class=\"wp-block-agctexdomain-columna-agcblocks Columna ag-animation css-fadeInUp alineacion-vertical-top\" data-ag-animation=\"fadeInUp\" style=\"text-align:left\"><div class=\"ColumnaContent paddingTopBottom0 paddingTopBottomTablet0 paddingTopBottomMobile0 paddingLeftRight20 paddingLeftRightTablet20 paddingLeftRightMobile20\">\n<p class=\"has-text-align-center has-white-color has-text-color\" style=\"font-size:22px\">For more information about our services, please contact one of our specialized advisors.<\/p>\n\n\n\n<div class=\"wp-block-buttons is-content-justification-center is-layout-flex wp-container-core-buttons-is-layout-16018d1d wp-block-buttons-is-layout-flex\">\n<div class=\"wp-block-button is-style-btnA\"><a class=\"wp-block-button__link wp-element-button\" href=\"https:\/\/cymaq.mx\/en\/contact\/\">Contact an Advisor<\/a><\/div>\n<\/div>\n<\/div> <\/div>\n<\/div> <div class=\"bg-forma bg-forma-display-none\"><\/div><\/section>\n<\/div><\/div><div class=\"overlay\" style=\"opacity:0.35;background-color:#000000\"><\/div><div class=\"bg-forma\"><\/div><\/section>\n","protected":false},"excerpt":{"rendered":"","protected":false},"author":1,"featured_media":5216,"parent":2897,"menu_order":52,"comment_status":"closed","ping_status":"closed","template":"","meta":{"_acf_changed":false,"footnotes":""},"class_list":["post-2901","page","type-page","status-publish","has-post-thumbnail","hentry"],"acf":[],"yoast_head":"<!-- This site is optimized with the Yoast SEO plugin v27.4 - https:\/\/yoast.com\/product\/yoast-seo-wordpress\/ -->\n<title>Dew Point Measurements - CYMAQ - KAESER<\/title>\n<meta name=\"description\" content=\"Realizamos mediciones de punto de roc\u00edo de su sistema de aire comprimido, garantice la m\u00e1xima calidad del aire para aplicaciones cr\u00edticas.\" \/>\n<meta name=\"robots\" content=\"index, follow, max-snippet:-1, max-image-preview:large, max-video-preview:-1\" \/>\n<link rel=\"canonical\" href=\"https:\/\/cymaq.mx\/en\/engineering-studies\/dew-point-measurements\/\" \/>\n<meta property=\"og:locale\" content=\"en_US\" \/>\n<meta property=\"og:type\" content=\"article\" \/>\n<meta property=\"og:title\" content=\"Dew Point Measurements - CYMAQ - KAESER\" \/>\n<meta property=\"og:description\" content=\"Realizamos mediciones de punto de roc\u00edo de su sistema de aire comprimido, garantice la m\u00e1xima calidad del aire para aplicaciones cr\u00edticas.\" \/>\n<meta property=\"og:url\" content=\"https:\/\/cymaq.mx\/en\/engineering-studies\/dew-point-measurements\/\" \/>\n<meta property=\"og:site_name\" content=\"CYMAQ - KAESER\" \/>\n<meta property=\"article:publisher\" content=\"https:\/\/www.facebook.com\/CYMAQ.MX\/\" \/>\n<meta property=\"article:modified_time\" content=\"2023-09-04T21:03:06+00:00\" \/>\n<meta property=\"og:image\" content=\"https:\/\/cymaq.mx\/wp-content\/uploads\/2023\/08\/MicrosoftTeams-image-173-1.jpg\" \/>\n\t<meta property=\"og:image:width\" content=\"2000\" \/>\n\t<meta property=\"og:image:height\" content=\"1333\" \/>\n\t<meta property=\"og:image:type\" content=\"image\/jpeg\" \/>\n<meta name=\"twitter:card\" content=\"summary_large_image\" \/>\n<meta name=\"twitter:label1\" content=\"Est. reading time\" \/>\n\t<meta name=\"twitter:data1\" content=\"2 minutes\" \/>\n<script type=\"application\/ld+json\" class=\"yoast-schema-graph\">{\"@context\":\"https:\\\/\\\/schema.org\",\"@graph\":[{\"@type\":\"WebPage\",\"@id\":\"https:\\\/\\\/cymaq.mx\\\/en\\\/engineering-studies\\\/dew-point-measurements\\\/\",\"url\":\"https:\\\/\\\/cymaq.mx\\\/en\\\/engineering-studies\\\/dew-point-measurements\\\/\",\"name\":\"Dew Point Measurements - CYMAQ - KAESER\",\"isPartOf\":{\"@id\":\"https:\\\/\\\/cymaq.mx\\\/#website\"},\"primaryImageOfPage\":{\"@id\":\"https:\\\/\\\/cymaq.mx\\\/en\\\/engineering-studies\\\/dew-point-measurements\\\/#primaryimage\"},\"image\":{\"@id\":\"https:\\\/\\\/cymaq.mx\\\/en\\\/engineering-studies\\\/dew-point-measurements\\\/#primaryimage\"},\"thumbnailUrl\":\"https:\\\/\\\/cymaq.mx\\\/wp-content\\\/uploads\\\/2025\\\/03\\\/DSC5670-scaled.jpg\",\"datePublished\":\"2023-07-24T22:51:59+00:00\",\"dateModified\":\"2023-09-04T21:03:06+00:00\",\"description\":\"Realizamos mediciones de punto de roc\u00edo de su sistema de aire comprimido, garantice la m\u00e1xima calidad del aire para aplicaciones cr\u00edticas.\",\"breadcrumb\":{\"@id\":\"https:\\\/\\\/cymaq.mx\\\/en\\\/engineering-studies\\\/dew-point-measurements\\\/#breadcrumb\"},\"inLanguage\":\"en-US\",\"potentialAction\":[{\"@type\":\"ReadAction\",\"target\":[\"https:\\\/\\\/cymaq.mx\\\/en\\\/engineering-studies\\\/dew-point-measurements\\\/\"]}]},{\"@type\":\"ImageObject\",\"inLanguage\":\"en-US\",\"@id\":\"https:\\\/\\\/cymaq.mx\\\/en\\\/engineering-studies\\\/dew-point-measurements\\\/#primaryimage\",\"url\":\"https:\\\/\\\/cymaq.mx\\\/wp-content\\\/uploads\\\/2025\\\/03\\\/DSC5670-scaled.jpg\",\"contentUrl\":\"https:\\\/\\\/cymaq.mx\\\/wp-content\\\/uploads\\\/2025\\\/03\\\/DSC5670-scaled.jpg\",\"width\":2560,\"height\":1704},{\"@type\":\"BreadcrumbList\",\"@id\":\"https:\\\/\\\/cymaq.mx\\\/en\\\/engineering-studies\\\/dew-point-measurements\\\/#breadcrumb\",\"itemListElement\":[{\"@type\":\"ListItem\",\"position\":1,\"name\":\"Portada\",\"item\":\"https:\\\/\\\/cymaq.mx\\\/en\\\/\"},{\"@type\":\"ListItem\",\"position\":2,\"name\":\"Engineering Studies\",\"item\":\"https:\\\/\\\/cymaq.mx\\\/en\\\/engineering-studies\\\/\"},{\"@type\":\"ListItem\",\"position\":3,\"name\":\"Dew Point Measurements\"}]},{\"@type\":\"WebSite\",\"@id\":\"https:\\\/\\\/cymaq.mx\\\/#website\",\"url\":\"https:\\\/\\\/cymaq.mx\\\/\",\"name\":\"CYMAQ - KAESER\",\"description\":\"Soluciones en aire y gases industriales\",\"publisher\":{\"@id\":\"https:\\\/\\\/cymaq.mx\\\/#organization\"},\"potentialAction\":[{\"@type\":\"SearchAction\",\"target\":{\"@type\":\"EntryPoint\",\"urlTemplate\":\"https:\\\/\\\/cymaq.mx\\\/?s={search_term_string}\"},\"query-input\":{\"@type\":\"PropertyValueSpecification\",\"valueRequired\":true,\"valueName\":\"search_term_string\"}}],\"inLanguage\":\"en-US\"},{\"@type\":\"Organization\",\"@id\":\"https:\\\/\\\/cymaq.mx\\\/#organization\",\"name\":\"CYMAQ Compresores y Maquinaria S.A. de C.V\",\"url\":\"https:\\\/\\\/cymaq.mx\\\/\",\"logo\":{\"@type\":\"ImageObject\",\"inLanguage\":\"en-US\",\"@id\":\"https:\\\/\\\/cymaq.mx\\\/#\\\/schema\\\/logo\\\/image\\\/\",\"url\":\"https:\\\/\\\/cymaq.mx\\\/wp-content\\\/uploads\\\/2025\\\/05\\\/Nuevo-Leon-1-scaled.jpg\",\"contentUrl\":\"https:\\\/\\\/cymaq.mx\\\/wp-content\\\/uploads\\\/2025\\\/05\\\/Nuevo-Leon-1-scaled.jpg\",\"width\":2560,\"height\":1693,\"caption\":\"CYMAQ Compresores y Maquinaria S.A. de C.V\"},\"image\":{\"@id\":\"https:\\\/\\\/cymaq.mx\\\/#\\\/schema\\\/logo\\\/image\\\/\"},\"sameAs\":[\"https:\\\/\\\/www.facebook.com\\\/CYMAQ.MX\\\/\",\"https:\\\/\\\/www.linkedin.com\\\/company\\\/cymaq-soluciones-aire-comprimido\\\/\"]}]}<\/script>\n<!-- \/ Yoast SEO plugin. -->","yoast_head_json":{"title":"Dew Point Measurements - CYMAQ - KAESER","description":"Realizamos mediciones de punto de roc\u00edo de su sistema de aire comprimido, garantice la m\u00e1xima calidad del aire para aplicaciones cr\u00edticas.","robots":{"index":"index","follow":"follow","max-snippet":"max-snippet:-1","max-image-preview":"max-image-preview:large","max-video-preview":"max-video-preview:-1"},"canonical":"https:\/\/cymaq.mx\/en\/engineering-studies\/dew-point-measurements\/","og_locale":"en_US","og_type":"article","og_title":"Dew Point Measurements - CYMAQ - KAESER","og_description":"Realizamos mediciones de punto de roc\u00edo de su sistema de aire comprimido, garantice la m\u00e1xima calidad del aire para aplicaciones cr\u00edticas.","og_url":"https:\/\/cymaq.mx\/en\/engineering-studies\/dew-point-measurements\/","og_site_name":"CYMAQ - KAESER","article_publisher":"https:\/\/www.facebook.com\/CYMAQ.MX\/","article_modified_time":"2023-09-04T21:03:06+00:00","og_image":[{"width":2000,"height":1333,"url":"https:\/\/cymaq.mx\/wp-content\/uploads\/2023\/08\/MicrosoftTeams-image-173-1.jpg","type":"image\/jpeg"}],"twitter_card":"summary_large_image","twitter_misc":{"Est. reading time":"2 minutes"},"schema":{"@context":"https:\/\/schema.org","@graph":[{"@type":"WebPage","@id":"https:\/\/cymaq.mx\/en\/engineering-studies\/dew-point-measurements\/","url":"https:\/\/cymaq.mx\/en\/engineering-studies\/dew-point-measurements\/","name":"Dew Point Measurements - CYMAQ - KAESER","isPartOf":{"@id":"https:\/\/cymaq.mx\/#website"},"primaryImageOfPage":{"@id":"https:\/\/cymaq.mx\/en\/engineering-studies\/dew-point-measurements\/#primaryimage"},"image":{"@id":"https:\/\/cymaq.mx\/en\/engineering-studies\/dew-point-measurements\/#primaryimage"},"thumbnailUrl":"https:\/\/cymaq.mx\/wp-content\/uploads\/2025\/03\/DSC5670-scaled.jpg","datePublished":"2023-07-24T22:51:59+00:00","dateModified":"2023-09-04T21:03:06+00:00","description":"Realizamos mediciones de punto de roc\u00edo de su sistema de aire comprimido, garantice la m\u00e1xima calidad del aire para aplicaciones cr\u00edticas.","breadcrumb":{"@id":"https:\/\/cymaq.mx\/en\/engineering-studies\/dew-point-measurements\/#breadcrumb"},"inLanguage":"en-US","potentialAction":[{"@type":"ReadAction","target":["https:\/\/cymaq.mx\/en\/engineering-studies\/dew-point-measurements\/"]}]},{"@type":"ImageObject","inLanguage":"en-US","@id":"https:\/\/cymaq.mx\/en\/engineering-studies\/dew-point-measurements\/#primaryimage","url":"https:\/\/cymaq.mx\/wp-content\/uploads\/2025\/03\/DSC5670-scaled.jpg","contentUrl":"https:\/\/cymaq.mx\/wp-content\/uploads\/2025\/03\/DSC5670-scaled.jpg","width":2560,"height":1704},{"@type":"BreadcrumbList","@id":"https:\/\/cymaq.mx\/en\/engineering-studies\/dew-point-measurements\/#breadcrumb","itemListElement":[{"@type":"ListItem","position":1,"name":"Portada","item":"https:\/\/cymaq.mx\/en\/"},{"@type":"ListItem","position":2,"name":"Engineering Studies","item":"https:\/\/cymaq.mx\/en\/engineering-studies\/"},{"@type":"ListItem","position":3,"name":"Dew Point Measurements"}]},{"@type":"WebSite","@id":"https:\/\/cymaq.mx\/#website","url":"https:\/\/cymaq.mx\/","name":"CYMAQ - KAESER","description":"Soluciones en aire y gases industriales","publisher":{"@id":"https:\/\/cymaq.mx\/#organization"},"potentialAction":[{"@type":"SearchAction","target":{"@type":"EntryPoint","urlTemplate":"https:\/\/cymaq.mx\/?s={search_term_string}"},"query-input":{"@type":"PropertyValueSpecification","valueRequired":true,"valueName":"search_term_string"}}],"inLanguage":"en-US"},{"@type":"Organization","@id":"https:\/\/cymaq.mx\/#organization","name":"CYMAQ Compresores y Maquinaria S.A. de C.V","url":"https:\/\/cymaq.mx\/","logo":{"@type":"ImageObject","inLanguage":"en-US","@id":"https:\/\/cymaq.mx\/#\/schema\/logo\/image\/","url":"https:\/\/cymaq.mx\/wp-content\/uploads\/2025\/05\/Nuevo-Leon-1-scaled.jpg","contentUrl":"https:\/\/cymaq.mx\/wp-content\/uploads\/2025\/05\/Nuevo-Leon-1-scaled.jpg","width":2560,"height":1693,"caption":"CYMAQ Compresores y Maquinaria S.A. de C.V"},"image":{"@id":"https:\/\/cymaq.mx\/#\/schema\/logo\/image\/"},"sameAs":["https:\/\/www.facebook.com\/CYMAQ.MX\/","https:\/\/www.linkedin.com\/company\/cymaq-soluciones-aire-comprimido\/"]}]}},"_links":{"self":[{"href":"https:\/\/cymaq.mx\/en\/wp-json\/wp\/v2\/pages\/2901","targetHints":{"allow":["GET"]}}],"collection":[{"href":"https:\/\/cymaq.mx\/en\/wp-json\/wp\/v2\/pages"}],"about":[{"href":"https:\/\/cymaq.mx\/en\/wp-json\/wp\/v2\/types\/page"}],"author":[{"embeddable":true,"href":"https:\/\/cymaq.mx\/en\/wp-json\/wp\/v2\/users\/1"}],"replies":[{"embeddable":true,"href":"https:\/\/cymaq.mx\/en\/wp-json\/wp\/v2\/comments?post=2901"}],"version-history":[{"count":1,"href":"https:\/\/cymaq.mx\/en\/wp-json\/wp\/v2\/pages\/2901\/revisions"}],"predecessor-version":[{"id":2947,"href":"https:\/\/cymaq.mx\/en\/wp-json\/wp\/v2\/pages\/2901\/revisions\/2947"}],"up":[{"embeddable":true,"href":"https:\/\/cymaq.mx\/en\/wp-json\/wp\/v2\/pages\/2897"}],"wp:featuredmedia":[{"embeddable":true,"href":"https:\/\/cymaq.mx\/en\/wp-json\/wp\/v2\/media\/5216"}],"wp:attachment":[{"href":"https:\/\/cymaq.mx\/en\/wp-json\/wp\/v2\/media?parent=2901"}],"curies":[{"name":"wp","href":"https:\/\/api.w.org\/{rel}","templated":true}]}}