{"id":2903,"date":"2023-07-24T16:51:35","date_gmt":"2023-07-24T22:51:35","guid":{"rendered":"https:\/\/cymaq.mx\/estudios-de-ingenieria\/mediciones-de-contenido-remanente-de-aceite-en-el-aire-comprimido\/"},"modified":"2023-07-24T16:51:35","modified_gmt":"2023-07-24T22:51:35","slug":"mediciones-de-contenido-remanente-de-aceite-en-el-aire-comprimido","status":"publish","type":"page","link":"https:\/\/cymaq.mx\/en\/engineering-studies\/mediciones-de-contenido-remanente-de-aceite-en-el-aire-comprimido\/","title":{"rendered":"Mediciones de contenido remanente de aceite en el aire comprimido"},"content":{"rendered":"\n<section class=\"wp-block-agctexdomain-wrapper-agcblocks alignwide paddingTopBottom50 paddingTopBottomTablet50 paddingTopBottomMobile50 paddingLeftRight0 paddingLeftRightTablet0 paddingLeftRightMobile0 backgroundNoRepeat backgroundCover alturaDefault\"><div class=\"container\"><div class=\"wrapper-inner-blocks\" style=\"max-width:1120px\">\n<section class=\"wp-block-agctexdomain-columnas-agcblocks alignwide columnas col-2 col-2-a paddingTopBottom0 paddingTopBottomTablet0 paddingTopBottomMobile0 alturaDefault\"><div class=\"container\">\n<div class=\"wp-block-agctexdomain-columna-agcblocks Columna ag-animation css-animacionNone alineacion-vertical-top\" data-ag-animation=\"animacionNone\" style=\"text-align:left\"><div class=\"ColumnaContent paddingTopBottom0 paddingTopBottomTablet0 paddingTopBottomMobile0 paddingLeftRight20 paddingLeftRightTablet20 paddingLeftRightMobile20\"><figure class=\"wp-block-post-featured-image\"><img decoding=\"async\" width=\"2000\" height=\"1333\" data-src=\"https:\/\/cymaq.mx\/wp-content\/uploads\/2023\/08\/MicrosoftTeams-image-176.jpg\" class=\"attachment-post-thumbnail size-post-thumbnail wp-post-image lazyload\" alt=\"\" style=\"--smush-placeholder-width: 2000px; --smush-placeholder-aspect-ratio: 2000\/1333;object-fit:cover;\" data-srcset=\"https:\/\/cymaq.mx\/wp-content\/uploads\/2023\/08\/MicrosoftTeams-image-176.jpg 2000w, https:\/\/cymaq.mx\/wp-content\/uploads\/2023\/08\/MicrosoftTeams-image-176-260x173.jpg 260w, https:\/\/cymaq.mx\/wp-content\/uploads\/2023\/08\/MicrosoftTeams-image-176-1024x682.jpg 1024w, https:\/\/cymaq.mx\/wp-content\/uploads\/2023\/08\/MicrosoftTeams-image-176-1536x1024.jpg 1536w, https:\/\/cymaq.mx\/wp-content\/uploads\/2023\/08\/MicrosoftTeams-image-176-480x320.jpg 480w\" data-sizes=\"(max-width: 2000px) 100vw, 2000px\" src=\"data:image\/svg+xml;base64,PHN2ZyB3aWR0aD0iMSIgaGVpZ2h0PSIxIiB4bWxucz0iaHR0cDovL3d3dy53My5vcmcvMjAwMC9zdmciPjwvc3ZnPg==\" \/><\/figure><\/div> <\/div>\n\n\n\n<div class=\"wp-block-agctexdomain-columna-agcblocks Columna ag-animation css-animacionNone alineacion-vertical-center\" data-ag-animation=\"animacionNone\" style=\"text-align:left\"><div class=\"ColumnaContent paddingTopBottom0 paddingTopBottomTablet0 paddingTopBottomMobile0 paddingLeftRight20 paddingLeftRightTablet20 paddingLeftRightMobile20\">\n<h1 class=\"wp-block-heading\">Mediciones de contenido remanente de aceite en el aire comprimido<\/h1>\n\n\n\n<p class=\"is-style-justificar\">En <strong>CYMAQ<\/strong>, ofrecemos el servicio de mediciones de contenido remanente de aceite en el aire comprimido, un proceso para determinar la cantidad de aceite residual presente en el aire despu\u00e9s de pasar por el compresor y otros equipos de tratamiento. Entendemos la importancia de garantizar que el aire comprimido est\u00e9 libre de contaminaci\u00f3n de aceite, especialmente en procesos industriales y aplicaciones cr\u00edticas, donde la calidad del producto final, el rendimiento de los equipos y la eficiencia del sistema son fundamentales. <\/p>\n\n\n\n<p class=\"is-style-justificar\"><strong>Nuestro estudio es capaz de medir la concentraci\u00f3n desde 0.003 hasta 2.5mg\/m3 en fugas de aceite.<\/strong><\/p>\n\n\n\n<p>&nbsp;Este proceso meticuloso y esencial consiste en determinar con precisi\u00f3n la cantidad de aceite residual que persiste en el aire despu\u00e9s de atravesar el compresor y otros dispositivos de tratamiento. Reconocemos la trascendencia de garantizar que el aire comprimido se encuentre completamente libre de cualquier tipo de contaminaci\u00f3n de aceite, especialmente en entornos industriales y aplicaciones cr\u00edticas.<\/p>\n\n\n\n<p>En un panorama donde la calidad del producto final, el desempe\u00f1o \u00f3ptimo de los equipos y la eficiencia sist\u00e9mica son de suma importancia, nuestro servicio es una herramienta esencial para mantener los m\u00e1s altos est\u00e1ndares.<\/p>\n\n\n\n<p>La presencia de aceite en el aire comprimido podr\u00eda tener un efecto adverso en la integridad de los productos manufacturados, lo que podr\u00eda repercutir en la reputaci\u00f3n y la satisfacci\u00f3n del los productos finales. Adem\u00e1s, la eficacia operativa de los equipos se ve amenazada cuando se ven expuestos a contaminaci\u00f3n por aceite, lo que podr\u00eda acarrear costosos tiempos de inactividad y reparaciones.<\/p>\n\n\n\n<p>Nuestra experiencia en la realizaci\u00f3n de estas mediciones se traduce en una valiosa ventaja para nuestros clientes. Al ofrecer resultados precisos y confiables, les proporcionamos la informaci\u00f3n necesaria para tomar decisiones informadas y proactivas respecto a la calidad de su aire comprimido. Mediante este servicio, <strong>CYMAQ<\/strong> contribuye significativamente a la preservaci\u00f3n de la calidad del producto, la optimizaci\u00f3n de la eficiencia energ\u00e9tica y la prolongaci\u00f3n de la vida \u00fatil de los equipos. En \u00faltima instancia, nos encomendamos a salvaguardar la integridad de los procesos industriales y el \u00e9xito continuo de nuestros clientes.<\/p>\n<\/div> <\/div>\n<\/div> <div class=\"bg-forma bg-forma-display-none\"><\/div><\/section>\n<\/div><\/div> <div class=\"bg-forma\"><\/div><\/section>\n\n\n\n<section style=\"background-color:#fafafa\" class=\"wp-block-agctexdomain-wrapper-agcblocks alignwide paddingTopBottom50 paddingTopBottomTablet50 paddingTopBottomMobile50 paddingLeftRight0 paddingLeftRightTablet0 paddingLeftRightMobile0 backgroundNoRepeat backgroundCover alturaDefault\"><div class=\"container\"><div class=\"wrapper-inner-blocks\">\n<section class=\"wp-block-agctexdomain-columnas-agcblocks alignwide columnas col-1 col-1-a paddingTopBottom0 paddingTopBottomTablet0 paddingTopBottomMobile0 alturaDefault\"><div class=\"container\">\n<div class=\"wp-block-agctexdomain-columna-agcblocks Columna ag-animation css-animacionNone alineacion-vertical-top\" data-ag-animation=\"animacionNone\" style=\"text-align:left\"><div class=\"ColumnaContent paddingTopBottom0 paddingTopBottomTablet0 paddingTopBottomMobile0 paddingLeftRight20 paddingLeftRightTablet20 paddingLeftRightMobile20\">\n<p>Nuestro equipo de expertos utiliza analizadores especializados para detectar y cuantificar la presencia de aceite residual en el aire, brindando resultados precisos en ppm o mg\/m\u00b3. Con nuestras mediciones, garantizamos el cumplimiento de los m\u00e1s altos est\u00e1ndares de calidad y seguridad en industrias, algunas de las aplicaciones clave son:<\/p>\n<\/div> <\/div>\n<\/div> <div class=\"bg-forma bg-forma-display-none\"><\/div><\/section>\n\n\n\n<section class=\"wp-block-agctexdomain-columnas-agcblocks alignwide columnas col-2 col-2-a paddingTopBottom0 paddingTopBottomTablet0 paddingTopBottomMobile0 alturaDefault\"><div class=\"container\">\n<div class=\"wp-block-agctexdomain-columna-agcblocks Columna ag-animation css-animacionNone alineacion-vertical-top content-justificar\" data-ag-animation=\"animacionNone\" style=\"text-align:left\"><div class=\"ColumnaContent paddingTopBottom0 paddingTopBottomTablet0 paddingTopBottomMobile0 paddingLeftRight20 paddingLeftRightTablet20 paddingLeftRightMobile20\">\n<ul class=\"is-style-ListCheck wp-block-list\">\n<li><strong>Industria farmac\u00e9utica: <\/strong>En la fabricaci\u00f3n de productos farmac\u00e9uticos, es fundamental contar con aire comprimido de alta calidad y libre de aceite para evitar cualquier contaminaci\u00f3n que pueda afectar la integridad y seguridad de los medicamentos y productos relacionados.<\/li>\n<\/ul>\n<\/div> <\/div>\n\n\n\n<div class=\"wp-block-agctexdomain-columna-agcblocks Columna ag-animation css-animacionNone alineacion-vertical-top content-justificar\" data-ag-animation=\"animacionNone\" style=\"text-align:left\"><div class=\"ColumnaContent paddingTopBottom0 paddingTopBottomTablet0 paddingTopBottomMobile0 paddingLeftRight20 paddingLeftRightTablet20 paddingLeftRightMobile20\">\n<ul class=\"is-style-ListCheck wp-block-list\">\n<li><strong>Industria alimentaria:<\/strong> En la producci\u00f3n y procesamiento de alimentos, el aire comprimido debe cumplir con rigurosos est\u00e1ndares de higiene y calidad. Las mediciones de contenido remanente de aceite garantizan que el aire comprimido utilizado en la manipulaci\u00f3n de alimentos est\u00e9 libre de cualquier contaminante que pueda comprometer la seguridad alimentaria.<\/li>\n<\/ul>\n<\/div> <\/div>\n<\/div> <div class=\"bg-forma bg-forma-display-none\"><\/div><\/section>\n\n\n\n<section class=\"wp-block-agctexdomain-columnas-agcblocks alignwide columnas col-2 col-2-a paddingTopBottom0 paddingTopBottomTablet0 paddingTopBottomMobile0 alturaDefault\"><div class=\"container\">\n<div class=\"wp-block-agctexdomain-columna-agcblocks Columna ag-animation css-animacionNone alineacion-vertical-top content-justificar\" data-ag-animation=\"animacionNone\" style=\"text-align:left\"><div class=\"ColumnaContent paddingTopBottom0 paddingTopBottomTablet0 paddingTopBottomMobile0 paddingLeftRight20 paddingLeftRightTablet20 paddingLeftRightMobile20\">\n<ul class=\"is-style-ListCheck wp-block-list\">\n<li><strong>Industria automotriz: <\/strong>En los procesos de pintura y acabado de autom\u00f3viles, el aire comprimido con un contenido de aceite adecuadamente controlado es esencial para lograr un acabado de alta calidad y sin defectos.<\/li>\n<\/ul>\n<\/div> <\/div>\n\n\n\n<div class=\"wp-block-agctexdomain-columna-agcblocks Columna ag-animation css-animacionNone alineacion-vertical-top content-justificar\" data-ag-animation=\"animacionNone\" style=\"text-align:left\"><div class=\"ColumnaContent paddingTopBottom0 paddingTopBottomTablet0 paddingTopBottomMobile0 paddingLeftRight20 paddingLeftRightTablet20 paddingLeftRightMobile20\">\n<ul class=\"is-style-ListCheck wp-block-list\">\n<li><strong>Industria metal\u00fargica y maquinaria pesada:<\/strong> En aplicaciones que requieren un aire comprimido limpio, como la operaci\u00f3n de m\u00e1quinas CNC, equipos de corte y herramientas neum\u00e1ticas, las mediciones de contenido remanente de aceite son esenciales para evitar da\u00f1os a los componentes y asegurar un rendimiento \u00f3ptimo.<\/li>\n<\/ul>\n<\/div> <\/div>\n<\/div> <div class=\"bg-forma bg-forma-display-none\"><\/div><\/section>\n<\/div><\/div> <div class=\"bg-forma\"><\/div><\/section>\n\n\n\n<section class=\"wp-block-agctexdomain-wrapper-agcblocks alignwide paddingTopBottom50 paddingTopBottomTablet50 paddingTopBottomMobile50 paddingLeftRight0 paddingLeftRightTablet0 paddingLeftRightMobile0 backgroundNoRepeat backgroundCover alturaDefault\"><div class=\"container\"><div class=\"wrapper-inner-blocks\">\n<section class=\"wp-block-agctexdomain-columnas-agcblocks alignwide columnas col-1 col-1-a paddingTopBottom0 paddingTopBottomTablet0 paddingTopBottomMobile0 alturaDefault\"><div class=\"container\">\n<div class=\"wp-block-agctexdomain-columna-agcblocks Columna ag-animation css-animacionNone alineacion-vertical-top\" data-ag-animation=\"animacionNone\" style=\"text-align:left\"><div class=\"ColumnaContent paddingTopBottom0 paddingTopBottomTablet0 paddingTopBottomMobile0 paddingLeftRight20 paddingLeftRightTablet20 paddingLeftRightMobile20\">\n<p>Estas mediciones son una parte esencial de nuestro programa de mantenimiento, asegurando que el aire comprimido cumpla con los requisitos de calidad y pureza necesarios para el correcto funcionamiento y \u00e9xito de las operaciones. En CYMAQ, nos comprometemos a proporcionar un aire comprimido limpio y de alta calidad para optimizar tus procesos industriales y aplicaciones cr\u00edticas, garantizando un rendimiento \u00f3ptimo y confiable en cada paso del camino.<\/p>\n<\/div> <\/div>\n<\/div> <div class=\"bg-forma bg-forma-display-none\"><\/div><\/section>\n<\/div><\/div> <div class=\"bg-forma\"><\/div><\/section>\n\n\n\n<section class=\"wp-block-agctexdomain-wrapper-agcblocks alignwide paddingTopBottom140 paddingTopBottomTablet80 paddingTopBottomMobile80 paddingLeftRight0 paddingLeftRightTablet0 paddingLeftRightMobile0 backgroundNoRepeat backgroundCover alturaDefault\"><div class=\"bg-cover-image backgroundNoRepeat backgroundCover lazyload\" style=\"background-image:inherit\" data-bg-image=\"url(https:\/\/cymaq.mx\/wp-content\/uploads\/2023\/04\/servicio-especializado-cymaq.jpg)\"><\/div><div class=\"container\"><div class=\"wrapper-inner-blocks\" style=\"max-width:680px\">\n<section class=\"wp-block-agctexdomain-columnas-agcblocks alignwide columnas col-1 col-1-a paddingTopBottom0 paddingTopBottomTablet0 paddingTopBottomMobile0 alturaDefault\"><div class=\"container\">\n<div class=\"wp-block-agctexdomain-columna-agcblocks Columna ag-animation css-fadeInUp alineacion-vertical-top\" data-ag-animation=\"fadeInUp\" style=\"text-align:left\"><div class=\"ColumnaContent paddingTopBottom0 paddingTopBottomTablet0 paddingTopBottomMobile0 paddingLeftRight20 paddingLeftRightTablet20 paddingLeftRightMobile20\">\n<p class=\"has-text-align-center has-white-color has-text-color\" style=\"font-size:22px\">Para obtener m\u00e1s informaci\u00f3n sobre los servicios contacte a unos de nuestros asesores especializados.<\/p>\n\n\n\n<div class=\"wp-block-buttons is-content-justification-center is-layout-flex wp-container-core-buttons-is-layout-16018d1d wp-block-buttons-is-layout-flex\">\n<div class=\"wp-block-button is-style-btnA\"><a class=\"wp-block-button__link wp-element-button\" href=\"https:\/\/cymaq.mx\/en\/contact\/\">Contactar a un asesor<\/a><\/div>\n<\/div>\n<\/div> <\/div>\n<\/div> <div class=\"bg-forma bg-forma-display-none\"><\/div><\/section>\n<\/div><\/div><div class=\"overlay\" style=\"opacity:0.35;background-color:#000000\"><\/div><div class=\"bg-forma\"><\/div><\/section>\n","protected":false},"excerpt":{"rendered":"","protected":false},"author":1,"featured_media":2621,"parent":2897,"menu_order":48,"comment_status":"closed","ping_status":"closed","template":"","meta":{"_acf_changed":false,"footnotes":""},"class_list":["post-2903","page","type-page","status-publish","has-post-thumbnail","hentry"],"acf":[],"yoast_head":"<!-- This site is optimized with the Yoast SEO plugin v27.4 - https:\/\/yoast.com\/product\/yoast-seo-wordpress\/ -->\n<title>Mediciones de contenido remanente de aceite en el aire comprimido - CYMAQ - KAESER<\/title>\n<meta name=\"robots\" content=\"index, follow, max-snippet:-1, max-image-preview:large, max-video-preview:-1\" \/>\n<link rel=\"canonical\" href=\"https:\/\/cymaq.mx\/en\/engineering-studies\/mediciones-de-contenido-remanente-de-aceite-en-el-aire-comprimido\/\" \/>\n<meta property=\"og:locale\" content=\"en_US\" \/>\n<meta property=\"og:type\" content=\"article\" \/>\n<meta property=\"og:title\" content=\"Mediciones de contenido remanente de aceite en el aire comprimido - CYMAQ - KAESER\" \/>\n<meta property=\"og:url\" content=\"https:\/\/cymaq.mx\/en\/engineering-studies\/mediciones-de-contenido-remanente-de-aceite-en-el-aire-comprimido\/\" \/>\n<meta property=\"og:site_name\" content=\"CYMAQ - KAESER\" \/>\n<meta property=\"article:publisher\" content=\"https:\/\/www.facebook.com\/CYMAQ.MX\/\" \/>\n<meta name=\"twitter:card\" content=\"summary_large_image\" \/>\n<meta name=\"twitter:label1\" content=\"Est. reading time\" \/>\n\t<meta name=\"twitter:data1\" content=\"3 minutes\" \/>\n<script type=\"application\/ld+json\" class=\"yoast-schema-graph\">{\"@context\":\"https:\\\/\\\/schema.org\",\"@graph\":[{\"@type\":\"WebPage\",\"@id\":\"https:\\\/\\\/cymaq.mx\\\/en\\\/engineering-studies\\\/mediciones-de-contenido-remanente-de-aceite-en-el-aire-comprimido\\\/\",\"url\":\"https:\\\/\\\/cymaq.mx\\\/en\\\/engineering-studies\\\/mediciones-de-contenido-remanente-de-aceite-en-el-aire-comprimido\\\/\",\"name\":\"Mediciones de contenido remanente de aceite en el aire comprimido - CYMAQ - KAESER\",\"isPartOf\":{\"@id\":\"https:\\\/\\\/cymaq.mx\\\/#website\"},\"primaryImageOfPage\":{\"@id\":\"https:\\\/\\\/cymaq.mx\\\/en\\\/engineering-studies\\\/mediciones-de-contenido-remanente-de-aceite-en-el-aire-comprimido\\\/#primaryimage\"},\"image\":{\"@id\":\"https:\\\/\\\/cymaq.mx\\\/en\\\/engineering-studies\\\/mediciones-de-contenido-remanente-de-aceite-en-el-aire-comprimido\\\/#primaryimage\"},\"thumbnailUrl\":\"https:\\\/\\\/cymaq.mx\\\/wp-content\\\/uploads\\\/2023\\\/08\\\/MicrosoftTeams-image-176.jpg\",\"datePublished\":\"2023-07-24T22:51:35+00:00\",\"breadcrumb\":{\"@id\":\"https:\\\/\\\/cymaq.mx\\\/en\\\/engineering-studies\\\/mediciones-de-contenido-remanente-de-aceite-en-el-aire-comprimido\\\/#breadcrumb\"},\"inLanguage\":\"en-US\",\"potentialAction\":[{\"@type\":\"ReadAction\",\"target\":[\"https:\\\/\\\/cymaq.mx\\\/en\\\/engineering-studies\\\/mediciones-de-contenido-remanente-de-aceite-en-el-aire-comprimido\\\/\"]}]},{\"@type\":\"ImageObject\",\"inLanguage\":\"en-US\",\"@id\":\"https:\\\/\\\/cymaq.mx\\\/en\\\/engineering-studies\\\/mediciones-de-contenido-remanente-de-aceite-en-el-aire-comprimido\\\/#primaryimage\",\"url\":\"https:\\\/\\\/cymaq.mx\\\/wp-content\\\/uploads\\\/2023\\\/08\\\/MicrosoftTeams-image-176.jpg\",\"contentUrl\":\"https:\\\/\\\/cymaq.mx\\\/wp-content\\\/uploads\\\/2023\\\/08\\\/MicrosoftTeams-image-176.jpg\",\"width\":2000,\"height\":1333},{\"@type\":\"BreadcrumbList\",\"@id\":\"https:\\\/\\\/cymaq.mx\\\/en\\\/engineering-studies\\\/mediciones-de-contenido-remanente-de-aceite-en-el-aire-comprimido\\\/#breadcrumb\",\"itemListElement\":[{\"@type\":\"ListItem\",\"position\":1,\"name\":\"Portada\",\"item\":\"https:\\\/\\\/cymaq.mx\\\/en\\\/\"},{\"@type\":\"ListItem\",\"position\":2,\"name\":\"Engineering Studies\",\"item\":\"https:\\\/\\\/cymaq.mx\\\/en\\\/engineering-studies\\\/\"},{\"@type\":\"ListItem\",\"position\":3,\"name\":\"Mediciones de contenido remanente de aceite en el aire comprimido\"}]},{\"@type\":\"WebSite\",\"@id\":\"https:\\\/\\\/cymaq.mx\\\/#website\",\"url\":\"https:\\\/\\\/cymaq.mx\\\/\",\"name\":\"CYMAQ - KAESER\",\"description\":\"Soluciones en aire y gases industriales\",\"publisher\":{\"@id\":\"https:\\\/\\\/cymaq.mx\\\/#organization\"},\"potentialAction\":[{\"@type\":\"SearchAction\",\"target\":{\"@type\":\"EntryPoint\",\"urlTemplate\":\"https:\\\/\\\/cymaq.mx\\\/?s={search_term_string}\"},\"query-input\":{\"@type\":\"PropertyValueSpecification\",\"valueRequired\":true,\"valueName\":\"search_term_string\"}}],\"inLanguage\":\"en-US\"},{\"@type\":\"Organization\",\"@id\":\"https:\\\/\\\/cymaq.mx\\\/#organization\",\"name\":\"CYMAQ Compresores y Maquinaria S.A. de C.V\",\"url\":\"https:\\\/\\\/cymaq.mx\\\/\",\"logo\":{\"@type\":\"ImageObject\",\"inLanguage\":\"en-US\",\"@id\":\"https:\\\/\\\/cymaq.mx\\\/#\\\/schema\\\/logo\\\/image\\\/\",\"url\":\"https:\\\/\\\/cymaq.mx\\\/wp-content\\\/uploads\\\/2025\\\/05\\\/Nuevo-Leon-1-scaled.jpg\",\"contentUrl\":\"https:\\\/\\\/cymaq.mx\\\/wp-content\\\/uploads\\\/2025\\\/05\\\/Nuevo-Leon-1-scaled.jpg\",\"width\":2560,\"height\":1693,\"caption\":\"CYMAQ Compresores y Maquinaria S.A. de C.V\"},\"image\":{\"@id\":\"https:\\\/\\\/cymaq.mx\\\/#\\\/schema\\\/logo\\\/image\\\/\"},\"sameAs\":[\"https:\\\/\\\/www.facebook.com\\\/CYMAQ.MX\\\/\",\"https:\\\/\\\/www.linkedin.com\\\/company\\\/cymaq-soluciones-aire-comprimido\\\/\"]}]}<\/script>\n<!-- \/ Yoast SEO plugin. -->","yoast_head_json":{"title":"Mediciones de contenido remanente de aceite en el aire comprimido - CYMAQ - KAESER","robots":{"index":"index","follow":"follow","max-snippet":"max-snippet:-1","max-image-preview":"max-image-preview:large","max-video-preview":"max-video-preview:-1"},"canonical":"https:\/\/cymaq.mx\/en\/engineering-studies\/mediciones-de-contenido-remanente-de-aceite-en-el-aire-comprimido\/","og_locale":"en_US","og_type":"article","og_title":"Mediciones de contenido remanente de aceite en el aire comprimido - CYMAQ - KAESER","og_url":"https:\/\/cymaq.mx\/en\/engineering-studies\/mediciones-de-contenido-remanente-de-aceite-en-el-aire-comprimido\/","og_site_name":"CYMAQ - KAESER","article_publisher":"https:\/\/www.facebook.com\/CYMAQ.MX\/","twitter_card":"summary_large_image","twitter_misc":{"Est. reading time":"3 minutes"},"schema":{"@context":"https:\/\/schema.org","@graph":[{"@type":"WebPage","@id":"https:\/\/cymaq.mx\/en\/engineering-studies\/mediciones-de-contenido-remanente-de-aceite-en-el-aire-comprimido\/","url":"https:\/\/cymaq.mx\/en\/engineering-studies\/mediciones-de-contenido-remanente-de-aceite-en-el-aire-comprimido\/","name":"Mediciones de contenido remanente de aceite en el aire comprimido - CYMAQ - KAESER","isPartOf":{"@id":"https:\/\/cymaq.mx\/#website"},"primaryImageOfPage":{"@id":"https:\/\/cymaq.mx\/en\/engineering-studies\/mediciones-de-contenido-remanente-de-aceite-en-el-aire-comprimido\/#primaryimage"},"image":{"@id":"https:\/\/cymaq.mx\/en\/engineering-studies\/mediciones-de-contenido-remanente-de-aceite-en-el-aire-comprimido\/#primaryimage"},"thumbnailUrl":"https:\/\/cymaq.mx\/wp-content\/uploads\/2023\/08\/MicrosoftTeams-image-176.jpg","datePublished":"2023-07-24T22:51:35+00:00","breadcrumb":{"@id":"https:\/\/cymaq.mx\/en\/engineering-studies\/mediciones-de-contenido-remanente-de-aceite-en-el-aire-comprimido\/#breadcrumb"},"inLanguage":"en-US","potentialAction":[{"@type":"ReadAction","target":["https:\/\/cymaq.mx\/en\/engineering-studies\/mediciones-de-contenido-remanente-de-aceite-en-el-aire-comprimido\/"]}]},{"@type":"ImageObject","inLanguage":"en-US","@id":"https:\/\/cymaq.mx\/en\/engineering-studies\/mediciones-de-contenido-remanente-de-aceite-en-el-aire-comprimido\/#primaryimage","url":"https:\/\/cymaq.mx\/wp-content\/uploads\/2023\/08\/MicrosoftTeams-image-176.jpg","contentUrl":"https:\/\/cymaq.mx\/wp-content\/uploads\/2023\/08\/MicrosoftTeams-image-176.jpg","width":2000,"height":1333},{"@type":"BreadcrumbList","@id":"https:\/\/cymaq.mx\/en\/engineering-studies\/mediciones-de-contenido-remanente-de-aceite-en-el-aire-comprimido\/#breadcrumb","itemListElement":[{"@type":"ListItem","position":1,"name":"Portada","item":"https:\/\/cymaq.mx\/en\/"},{"@type":"ListItem","position":2,"name":"Engineering Studies","item":"https:\/\/cymaq.mx\/en\/engineering-studies\/"},{"@type":"ListItem","position":3,"name":"Mediciones de contenido remanente de aceite en el aire comprimido"}]},{"@type":"WebSite","@id":"https:\/\/cymaq.mx\/#website","url":"https:\/\/cymaq.mx\/","name":"CYMAQ - KAESER","description":"Soluciones en aire y gases industriales","publisher":{"@id":"https:\/\/cymaq.mx\/#organization"},"potentialAction":[{"@type":"SearchAction","target":{"@type":"EntryPoint","urlTemplate":"https:\/\/cymaq.mx\/?s={search_term_string}"},"query-input":{"@type":"PropertyValueSpecification","valueRequired":true,"valueName":"search_term_string"}}],"inLanguage":"en-US"},{"@type":"Organization","@id":"https:\/\/cymaq.mx\/#organization","name":"CYMAQ Compresores y Maquinaria S.A. de C.V","url":"https:\/\/cymaq.mx\/","logo":{"@type":"ImageObject","inLanguage":"en-US","@id":"https:\/\/cymaq.mx\/#\/schema\/logo\/image\/","url":"https:\/\/cymaq.mx\/wp-content\/uploads\/2025\/05\/Nuevo-Leon-1-scaled.jpg","contentUrl":"https:\/\/cymaq.mx\/wp-content\/uploads\/2025\/05\/Nuevo-Leon-1-scaled.jpg","width":2560,"height":1693,"caption":"CYMAQ Compresores y Maquinaria S.A. de C.V"},"image":{"@id":"https:\/\/cymaq.mx\/#\/schema\/logo\/image\/"},"sameAs":["https:\/\/www.facebook.com\/CYMAQ.MX\/","https:\/\/www.linkedin.com\/company\/cymaq-soluciones-aire-comprimido\/"]}]}},"_links":{"self":[{"href":"https:\/\/cymaq.mx\/en\/wp-json\/wp\/v2\/pages\/2903","targetHints":{"allow":["GET"]}}],"collection":[{"href":"https:\/\/cymaq.mx\/en\/wp-json\/wp\/v2\/pages"}],"about":[{"href":"https:\/\/cymaq.mx\/en\/wp-json\/wp\/v2\/types\/page"}],"author":[{"embeddable":true,"href":"https:\/\/cymaq.mx\/en\/wp-json\/wp\/v2\/users\/1"}],"replies":[{"embeddable":true,"href":"https:\/\/cymaq.mx\/en\/wp-json\/wp\/v2\/comments?post=2903"}],"version-history":[{"count":0,"href":"https:\/\/cymaq.mx\/en\/wp-json\/wp\/v2\/pages\/2903\/revisions"}],"up":[{"embeddable":true,"href":"https:\/\/cymaq.mx\/en\/wp-json\/wp\/v2\/pages\/2897"}],"wp:featuredmedia":[{"embeddable":true,"href":"https:\/\/cymaq.mx\/en\/wp-json\/wp\/v2\/media\/2621"}],"wp:attachment":[{"href":"https:\/\/cymaq.mx\/en\/wp-json\/wp\/v2\/media?parent=2903"}],"curies":[{"name":"wp","href":"https:\/\/api.w.org\/{rel}","templated":true}]}}