{"id":2960,"date":"2023-07-10T09:06:27","date_gmt":"2023-07-10T15:06:27","guid":{"rendered":"https:\/\/cymaq.mx\/automotriz\/"},"modified":"2023-09-04T16:02:06","modified_gmt":"2023-09-04T22:02:06","slug":"automotive-industry","status":"publish","type":"page","link":"https:\/\/cymaq.mx\/en\/automotive-industry\/","title":{"rendered":"Automotive Industry"},"content":{"rendered":"\n<div class=\"wp-block-cover alignfull is-light has-parallax\"><span aria-hidden=\"true\" class=\"wp-block-cover__background has-background-dim\"><\/span><div role=\"img\" class=\"wp-block-cover__image-background wp-image-816 has-parallax lazyload\" style=\"background-position:50% 50%;background-image:inherit\" data-bg-image=\"url(https:\/\/cymaq.mx\/wp-content\/uploads\/2023\/07\/industria_automotriz.jpg)\"><\/div><div class=\"wp-block-cover__inner-container is-layout-flow wp-block-cover-is-layout-flow\"><h1 class=\"has-text-align-center wp-block-post-title has-text-color has-white-color has-large-font-size\">Automotive Industry<\/h1><\/div><\/div>\n\n\n\n<section class=\"wp-block-agctexdomain-wrapper-agcblocks alignwide paddingTopBottom50 paddingTopBottomTablet50 paddingTopBottomMobile50 paddingLeftRight0 paddingLeftRightTablet0 paddingLeftRightMobile0 backgroundNoRepeat backgroundCover alturaDefault\"><div class=\"container\"><div class=\"wrapper-inner-blocks\">\n<section class=\"wp-block-agctexdomain-columnas-agcblocks alignwide columnas col-2 col-2-a paddingTopBottom0 paddingTopBottomTablet0 paddingTopBottomMobile0 alturaDefault\"><div class=\"container\">\n<div class=\"wp-block-agctexdomain-columna-agcblocks Columna ag-animation css-animacionNone alineacion-vertical-top\" data-ag-animation=\"animacionNone\" style=\"text-align:left\"><div class=\"ColumnaContent paddingTopBottom0 paddingTopBottomTablet0 paddingTopBottomMobile0 paddingLeftRight20 paddingLeftRightTablet20 paddingLeftRightMobile20\">\n<h2 class=\"wp-block-heading is-style-headingStyleBorderLeft\" style=\"font-size:22px;text-transform:uppercase\"><strong>Automotive Industry<\/strong><\/h2>\n\n\n\n<div style=\"height:12px\" aria-hidden=\"true\" class=\"wp-block-spacer\"><\/div>\n\n\n\n<p class=\"is-style-justificar\">In addition to being used for functions like vehicle maintenance, industrial fleets require a constant supply of compressed air to perform essential tasks and functions.<\/p>\n\n\n\n<p class=\"is-style-justificar\">An air compressor stores the potential energy of pressurized air so that it can be used as a power source when needed. This form of energy is highly portable, making it ideal when other power sources, such as electricity, are unavailable or impractical. Below are several examples of applications in the automotive industry that rely on compressed air.<\/p>\n\n\n\n<p><strong>VEHICLES AND CONSTRUCTION EQUIPMENT<\/strong><\/p>\n\n\n\n<p>Transportation\/trailering, earthmoving, drilling, tunneling, or material handling.<\/p>\n\n\n\n<p class=\"is-style-justificar\">These vehicles rely on compressed air to provide the necessary power for their operations. Pneumatic asphalt compactors, jackhammers, cranes, and excavators are examples of construction vehicles that use compressed air.<\/p>\n\n\n\n<p class=\"is-style-justificar\">Concrete, water, fire protection, and spray insulation pumps, as well as sandblasting equipment, are essential construction tools powered by compressed air. Additionally, mobile equipment that moves materials on-site is supported by a compressed air system.<\/p>\n<\/div> <\/div>\n\n\n\n<div class=\"wp-block-agctexdomain-columna-agcblocks Columna ag-animation css-animacionNone alineacion-vertical-top\" data-ag-animation=\"animacionNone\" style=\"text-align:left\"><div class=\"ColumnaContent paddingTopBottom0 paddingTopBottomTablet0 paddingTopBottomMobile0 paddingLeftRight20 paddingLeftRightTablet20 paddingLeftRightMobile20\">\n<p><strong>PUBLIC TRANSPORTATION<\/strong><\/p>\n\n\n\n<p class=\"is-style-justificar\">Public transportation systems are responsible for guiding travelers quickly and safely through the city. Pneumatic brakes are considered one of the most critical components of a public transportation system's safety.<\/p>\n\n\n\n<p class=\"is-style-justificar\">Compressed air brake systems are used to provide braking power to vehicles that are too large to be operated by hydraulic brake systems (e.g., buses). The typical air brake system consists of an engine-driven air compressor and a storage tank for compressed air. Outside of public transportation, air brakes are also used to stop trucks, trailers, and semitrailers.<\/p>\n\n\n\n<p><strong>EMERGENCY VEHICLES<\/strong><\/p>\n\n\n\n<p class=\"is-style-justificar\">Emergency vehicle fleets also rely on air compressors daily. Fire trucks, for example, depend on compressed air for their Compressed Air Foam Systems (CAFS). A rotary air compressor is used to deliver the energy needed to propel the foam solution to required areas. Compressed air can also be used, along with water, to help generate foam.<\/p>\n\n\n\n<p class=\"is-style-justificar\">Compressed air can also be found in most ambulances. Ambulances are often equipped with oxygen generators (also known as oxygen concentrators), which rely on air compressors to compress the surrounding air and deliver it to the patient in a controlled manner.<\/p>\n<\/div> <\/div>\n<\/div> <div class=\"bg-forma bg-forma-display-none\"><\/div><\/section>\n<\/div><\/div> <div class=\"bg-forma\"><\/div><\/section>\n\n\n\n<section style=\"color:#ffffff\" class=\"wp-block-agctexdomain-wrapper-agcblocks alignwide paddingTopBottom180 paddingTopBottomTablet80 paddingTopBottomMobile80 paddingLeftRight0 paddingLeftRightTablet0 paddingLeftRightMobile0 backgroundNoRepeat backgroundCover alturaDefault\"><div class=\"bg-cover-image backgroundNoRepeat backgroundCover lazyload\" style=\"background-image:inherit\" data-bg-image=\"url(https:\/\/cymaq.mx\/wp-content\/uploads\/2023\/04\/cymaq-slider-02.jpg)\"><\/div><div class=\"container\"><div class=\"wrapper-inner-blocks\" style=\"max-width:720px\">\n<section class=\"wp-block-agctexdomain-columnas-agcblocks alignwide columnas col-1 col-1-a paddingTopBottom0 paddingTopBottomTablet0 paddingTopBottomMobile0 alturaDefault\"><div class=\"container\">\n<div class=\"wp-block-agctexdomain-columna-agcblocks Columna ag-animation css-animacionNone alineacion-vertical-top\" data-ag-animation=\"animacionNone\" style=\"text-align:left\"><div class=\"ColumnaContent paddingTopBottom0 paddingTopBottomTablet0 paddingTopBottomMobile0 paddingLeftRight20 paddingLeftRightTablet20 paddingLeftRightMobile20\">\n<p class=\"has-text-align-center\" style=\"font-size:22px\">At <mark style=\"background-color:rgba(0, 0, 0, 0)\" class=\"has-inline-color has-color-1-color\">CYMAQ Compressors and Machinery S.A de C.V<\/mark>, we offer specific air solutions for the Automotive Industry.<\/p>\n\n\n\n<div style=\"height:10px\" aria-hidden=\"true\" class=\"wp-block-spacer\"><\/div>\n\n\n\n<div class=\"wp-block-buttons is-content-justification-center is-layout-flex wp-container-core-buttons-is-layout-16018d1d wp-block-buttons-is-layout-flex\">\n<div class=\"wp-block-button is-style-btnA\"><a class=\"wp-block-button__link wp-element-button\" href=\"https:\/\/cymaq.mx\/en\/contact\/\">Contact an Advisor<\/a><\/div>\n<\/div>\n<\/div> <\/div>\n<\/div> <div class=\"bg-forma bg-forma-display-none\"><\/div><\/section>\n<\/div><\/div><div class=\"overlay\" style=\"opacity:0.83;background-color:#494949\"><\/div><div class=\"bg-forma\"><\/div><\/section>\n\n\n\n<section style=\"background-color:#e7e7e7\" class=\"wp-block-agctexdomain-wrapper-agcblocks alignwide paddingTopBottom50 paddingTopBottomTablet50 paddingTopBottomMobile50 paddingLeftRight0 paddingLeftRightTablet0 paddingLeftRightMobile0 backgroundNoRepeat backgroundCover alturaDefault\"><div class=\"container\"><div class=\"wrapper-inner-blocks\">\n<section class=\"wp-block-agctexdomain-columnas-agcblocks alignwide columnas col-2 col-2-a paddingTopBottom0 paddingTopBottomTablet0 paddingTopBottomMobile0 alturaDefault\"><div class=\"container\">\n<div class=\"wp-block-agctexdomain-columna-agcblocks Columna ag-animation css-animacionNone alineacion-vertical-top\" data-ag-animation=\"animacionNone\" style=\"text-align:left\"><div class=\"ColumnaContent paddingTopBottom0 paddingTopBottomTablet0 paddingTopBottomMobile0 paddingLeftRight20 paddingLeftRightTablet20 paddingLeftRightMobile20\">\n<p><strong>ROADSIDE ASSISTANCE VEHICLES<\/strong><\/p>\n\n\n\n<p class=\"is-style-justificar\">Roadside emergency vehicle fleets must be equipped with the proper tools to address a variety of vehicle issues. Some of these tools include jacks, fuel containers, tire service tools, and jump-start equipment.<\/p>\n\n\n\n<p class=\"is-style-justificar\">Portable air compressors provide these tools with the necessary power to operate. They are also used to inflate deflated tires and operate suspension systems. Additionally, air compressors can commonly be found in tire shops and service stations worldwide for tire maintenance.<\/p>\n\n\n\n<p><strong>VEHICLE DRILLING SERVICES<\/strong><\/p>\n\n\n\n<p class=\"is-style-justificar\">As trenchless construction techniques continue to gain popularity, air-driven ground drilling tools become more common. Utility vehicles can benefit by carrying a portable air compressor unit to power these tools on demand.<\/p>\n\n\n\n<p class=\"is-style-justificar\">Pneumatic drilling equipment, also known as moles or missiles, uses compressed air to repeatedly drive a piston against a chisel head assembly to produce a hammering action. This allows the mole to create horizontal bores used for installing underground utilities with minimal disruption to the surface of the road above.<\/p>\n\n\n\n<p class=\"is-style-justificar\">If you want to learn more about our air compressors and how they can benefit your application, don't hesitate to contact us today.<\/p>\n<\/div> <\/div>\n\n\n\n<div class=\"wp-block-agctexdomain-columna-agcblocks Columna ag-animation css-animacionNone alineacion-vertical-top\" data-ag-animation=\"animacionNone\" style=\"text-align:left\"><div class=\"ColumnaContent paddingTopBottom0 paddingTopBottomTablet0 paddingTopBottomMobile0 paddingLeftRight20 paddingLeftRightTablet20 paddingLeftRightMobile20\">\n<p><strong>ROBOTS AND PNEUMATIC TOOLS<\/strong><\/p>\n\n\n\n<p class=\"is-style-justificar\">Compressed air also plays a fundamental role in assisting robots in automobile assembly.<\/p>\n\n\n\n<p class=\"is-style-justificar\">Vacuum pumps and compressors for the automotive industry require high performance and durability.<\/p>\n\n\n\n<p class=\"is-style-justificar\">Pneumatic seats, pneumatic suspension, and tire inflation are examples of specialized applications.<\/p>\n\n\n\n<p><strong>AUTOMOTIVE PAINT BOOTHS<\/strong><\/p>\n\n\n\n<p class=\"is-style-justificar\">The automotive painting process is not straightforward, and poor application on a product or batch can be highly costly. However, with proper conditions, space, high-quality tools, and products, the risks of subpar application can be minimized, resulting in a high-quality finish.<\/p>\n\n\n\n<p class=\"is-style-justificar\">Automotive paint booths, equipped with filtering systems and optional capability to function as drying ovens to expedite the process, are manufactured in various sizes to paint cars, trucks, or buses. The painting process demands high-quality finishes, making the air supply crucial.<\/p>\n\n\n\n<p class=\"is-style-justificar\">If you want to learn more about our air compressors and how they can benefit your application, don't hesitate to contact us today.<\/p>\n<\/div> <\/div>\n<\/div> <div class=\"bg-forma bg-forma-display-none\"><\/div><\/section>\n<\/div><\/div> <div class=\"bg-forma\"><\/div><\/section>\n\n\n\n<section style=\"background-color:#3f3f3f\" class=\"wp-block-agctexdomain-wrapper-agcblocks alignwide paddingTopBottom50 paddingTopBottomTablet50 paddingTopBottomMobile50 paddingLeftRight0 paddingLeftRightTablet0 paddingLeftRightMobile0 backgroundNoRepeat backgroundCover alturaDefault\"><div class=\"container\"><div class=\"wrapper-inner-blocks\" style=\"max-width:680px\">\n<section class=\"wp-block-agctexdomain-columnas-agcblocks alignwide columnas col-1 col-1-a paddingTopBottom0 paddingTopBottomTablet0 paddingTopBottomMobile0 alturaDefault\"><div class=\"container\">\n<div class=\"wp-block-agctexdomain-columna-agcblocks Columna ag-animation css-animacionNone alineacion-vertical-top\" data-ag-animation=\"animacionNone\" style=\"text-align:left\"><div class=\"ColumnaContent paddingTopBottom0 paddingTopBottomTablet0 paddingTopBottomMobile0 paddingLeftRight20 paddingLeftRightTablet20 paddingLeftRightMobile20\">\n<p class=\"has-text-align-center has-white-color has-text-color\">At <mark style=\"background-color:rgba(0, 0, 0, 0)\" class=\"has-inline-color has-color-1-color\">CYMAQ Compressors and Machinery S.A de C.V<\/mark>, we offer specific air solutions for the Automotive Industry.<\/p>\n\n\n\n<div style=\"height:10px\" aria-hidden=\"true\" class=\"wp-block-spacer\"><\/div>\n\n\n\n<div class=\"wp-block-buttons is-content-justification-center is-layout-flex wp-container-core-buttons-is-layout-16018d1d wp-block-buttons-is-layout-flex\">\n<div class=\"wp-block-button is-style-btnA\"><a class=\"wp-block-button__link wp-element-button\" href=\"https:\/\/cymaq.mx\/en\/contact\/\">Contact an Advisor<\/a><\/div>\n<\/div>\n<\/div> <\/div>\n<\/div> <div class=\"bg-forma bg-forma-display-none\"><\/div><\/section>\n<\/div><\/div> <div class=\"bg-forma\"><\/div><\/section>\n","protected":false},"excerpt":{"rendered":"","protected":false},"author":1,"featured_media":0,"parent":0,"menu_order":107,"comment_status":"closed","ping_status":"closed","template":"","meta":{"_acf_changed":false,"footnotes":""},"class_list":["post-2960","page","type-page","status-publish","hentry"],"acf":[],"yoast_head":"<!-- This site is optimized with the Yoast SEO plugin v27.5 - https:\/\/yoast.com\/product\/yoast-seo-wordpress\/ -->\n<title>Automotive Industry - CYMAQ - KAESER<\/title>\n<meta name=\"description\" content=\"En CYMAQ contamos con soluciones de aire comprimido espec\u00edficas para la Industria Automotriz. Cont\u00e1ctenos para conocer m\u00e1s.\" \/>\n<meta name=\"robots\" content=\"index, follow, max-snippet:-1, max-image-preview:large, max-video-preview:-1\" \/>\n<link rel=\"canonical\" href=\"https:\/\/cymaq.mx\/en\/automotive-industry\/\" \/>\n<meta property=\"og:locale\" content=\"en_US\" \/>\n<meta property=\"og:type\" content=\"article\" \/>\n<meta property=\"og:title\" content=\"Automotive Industry - CYMAQ - KAESER\" \/>\n<meta property=\"og:description\" content=\"En CYMAQ contamos con soluciones de aire comprimido espec\u00edficas para la Industria Automotriz. Cont\u00e1ctenos para conocer m\u00e1s.\" \/>\n<meta property=\"og:url\" content=\"https:\/\/cymaq.mx\/en\/automotive-industry\/\" \/>\n<meta property=\"og:site_name\" content=\"CYMAQ - KAESER\" \/>\n<meta property=\"article:publisher\" content=\"https:\/\/www.facebook.com\/CYMAQ.MX\/\" \/>\n<meta property=\"article:modified_time\" content=\"2023-09-04T22:02:06+00:00\" \/>\n<meta name=\"twitter:card\" content=\"summary_large_image\" \/>\n<meta name=\"twitter:label1\" content=\"Est. reading time\" \/>\n\t<meta name=\"twitter:data1\" content=\"4 minutes\" \/>\n<script type=\"application\/ld+json\" class=\"yoast-schema-graph\">{\"@context\":\"https:\\\/\\\/schema.org\",\"@graph\":[{\"@type\":\"WebPage\",\"@id\":\"https:\\\/\\\/cymaq.mx\\\/en\\\/automotive-industry\\\/\",\"url\":\"https:\\\/\\\/cymaq.mx\\\/en\\\/automotive-industry\\\/\",\"name\":\"Automotive Industry - CYMAQ - KAESER\",\"isPartOf\":{\"@id\":\"https:\\\/\\\/cymaq.mx\\\/#website\"},\"datePublished\":\"2023-07-10T15:06:27+00:00\",\"dateModified\":\"2023-09-04T22:02:06+00:00\",\"description\":\"En CYMAQ contamos con soluciones de aire comprimido espec\u00edficas para la Industria Automotriz. Cont\u00e1ctenos para conocer m\u00e1s.\",\"breadcrumb\":{\"@id\":\"https:\\\/\\\/cymaq.mx\\\/en\\\/automotive-industry\\\/#breadcrumb\"},\"inLanguage\":\"en-US\",\"potentialAction\":[{\"@type\":\"ReadAction\",\"target\":[\"https:\\\/\\\/cymaq.mx\\\/en\\\/automotive-industry\\\/\"]}]},{\"@type\":\"BreadcrumbList\",\"@id\":\"https:\\\/\\\/cymaq.mx\\\/en\\\/automotive-industry\\\/#breadcrumb\",\"itemListElement\":[{\"@type\":\"ListItem\",\"position\":1,\"name\":\"Portada\",\"item\":\"https:\\\/\\\/cymaq.mx\\\/en\\\/\"},{\"@type\":\"ListItem\",\"position\":2,\"name\":\"Automotive Industry\"}]},{\"@type\":\"WebSite\",\"@id\":\"https:\\\/\\\/cymaq.mx\\\/#website\",\"url\":\"https:\\\/\\\/cymaq.mx\\\/\",\"name\":\"CYMAQ - KAESER\",\"description\":\"Soluciones en aire y gases industriales\",\"publisher\":{\"@id\":\"https:\\\/\\\/cymaq.mx\\\/#organization\"},\"potentialAction\":[{\"@type\":\"SearchAction\",\"target\":{\"@type\":\"EntryPoint\",\"urlTemplate\":\"https:\\\/\\\/cymaq.mx\\\/?s={search_term_string}\"},\"query-input\":{\"@type\":\"PropertyValueSpecification\",\"valueRequired\":true,\"valueName\":\"search_term_string\"}}],\"inLanguage\":\"en-US\"},{\"@type\":\"Organization\",\"@id\":\"https:\\\/\\\/cymaq.mx\\\/#organization\",\"name\":\"CYMAQ Compresores y Maquinaria S.A. de C.V\",\"url\":\"https:\\\/\\\/cymaq.mx\\\/\",\"logo\":{\"@type\":\"ImageObject\",\"inLanguage\":\"en-US\",\"@id\":\"https:\\\/\\\/cymaq.mx\\\/#\\\/schema\\\/logo\\\/image\\\/\",\"url\":\"https:\\\/\\\/cymaq.mx\\\/wp-content\\\/uploads\\\/2025\\\/05\\\/Nuevo-Leon-1-scaled.jpg\",\"contentUrl\":\"https:\\\/\\\/cymaq.mx\\\/wp-content\\\/uploads\\\/2025\\\/05\\\/Nuevo-Leon-1-scaled.jpg\",\"width\":2560,\"height\":1693,\"caption\":\"CYMAQ Compresores y Maquinaria S.A. de C.V\"},\"image\":{\"@id\":\"https:\\\/\\\/cymaq.mx\\\/#\\\/schema\\\/logo\\\/image\\\/\"},\"sameAs\":[\"https:\\\/\\\/www.facebook.com\\\/CYMAQ.MX\\\/\",\"https:\\\/\\\/www.linkedin.com\\\/company\\\/cymaq-soluciones-aire-comprimido\\\/\"]}]}<\/script>\n<!-- \/ Yoast SEO plugin. -->","yoast_head_json":{"title":"Automotive Industry - CYMAQ - KAESER","description":"En CYMAQ contamos con soluciones de aire comprimido espec\u00edficas para la Industria Automotriz. Cont\u00e1ctenos para conocer m\u00e1s.","robots":{"index":"index","follow":"follow","max-snippet":"max-snippet:-1","max-image-preview":"max-image-preview:large","max-video-preview":"max-video-preview:-1"},"canonical":"https:\/\/cymaq.mx\/en\/automotive-industry\/","og_locale":"en_US","og_type":"article","og_title":"Automotive Industry - CYMAQ - KAESER","og_description":"En CYMAQ contamos con soluciones de aire comprimido espec\u00edficas para la Industria Automotriz. Cont\u00e1ctenos para conocer m\u00e1s.","og_url":"https:\/\/cymaq.mx\/en\/automotive-industry\/","og_site_name":"CYMAQ - KAESER","article_publisher":"https:\/\/www.facebook.com\/CYMAQ.MX\/","article_modified_time":"2023-09-04T22:02:06+00:00","twitter_card":"summary_large_image","twitter_misc":{"Est. reading time":"4 minutes"},"schema":{"@context":"https:\/\/schema.org","@graph":[{"@type":"WebPage","@id":"https:\/\/cymaq.mx\/en\/automotive-industry\/","url":"https:\/\/cymaq.mx\/en\/automotive-industry\/","name":"Automotive Industry - CYMAQ - KAESER","isPartOf":{"@id":"https:\/\/cymaq.mx\/#website"},"datePublished":"2023-07-10T15:06:27+00:00","dateModified":"2023-09-04T22:02:06+00:00","description":"En CYMAQ contamos con soluciones de aire comprimido espec\u00edficas para la Industria Automotriz. Cont\u00e1ctenos para conocer m\u00e1s.","breadcrumb":{"@id":"https:\/\/cymaq.mx\/en\/automotive-industry\/#breadcrumb"},"inLanguage":"en-US","potentialAction":[{"@type":"ReadAction","target":["https:\/\/cymaq.mx\/en\/automotive-industry\/"]}]},{"@type":"BreadcrumbList","@id":"https:\/\/cymaq.mx\/en\/automotive-industry\/#breadcrumb","itemListElement":[{"@type":"ListItem","position":1,"name":"Portada","item":"https:\/\/cymaq.mx\/en\/"},{"@type":"ListItem","position":2,"name":"Automotive Industry"}]},{"@type":"WebSite","@id":"https:\/\/cymaq.mx\/#website","url":"https:\/\/cymaq.mx\/","name":"CYMAQ - KAESER","description":"Soluciones en aire y gases industriales","publisher":{"@id":"https:\/\/cymaq.mx\/#organization"},"potentialAction":[{"@type":"SearchAction","target":{"@type":"EntryPoint","urlTemplate":"https:\/\/cymaq.mx\/?s={search_term_string}"},"query-input":{"@type":"PropertyValueSpecification","valueRequired":true,"valueName":"search_term_string"}}],"inLanguage":"en-US"},{"@type":"Organization","@id":"https:\/\/cymaq.mx\/#organization","name":"CYMAQ Compresores y Maquinaria S.A. de C.V","url":"https:\/\/cymaq.mx\/","logo":{"@type":"ImageObject","inLanguage":"en-US","@id":"https:\/\/cymaq.mx\/#\/schema\/logo\/image\/","url":"https:\/\/cymaq.mx\/wp-content\/uploads\/2025\/05\/Nuevo-Leon-1-scaled.jpg","contentUrl":"https:\/\/cymaq.mx\/wp-content\/uploads\/2025\/05\/Nuevo-Leon-1-scaled.jpg","width":2560,"height":1693,"caption":"CYMAQ Compresores y Maquinaria S.A. de C.V"},"image":{"@id":"https:\/\/cymaq.mx\/#\/schema\/logo\/image\/"},"sameAs":["https:\/\/www.facebook.com\/CYMAQ.MX\/","https:\/\/www.linkedin.com\/company\/cymaq-soluciones-aire-comprimido\/"]}]}},"_links":{"self":[{"href":"https:\/\/cymaq.mx\/en\/wp-json\/wp\/v2\/pages\/2960","targetHints":{"allow":["GET"]}}],"collection":[{"href":"https:\/\/cymaq.mx\/en\/wp-json\/wp\/v2\/pages"}],"about":[{"href":"https:\/\/cymaq.mx\/en\/wp-json\/wp\/v2\/types\/page"}],"author":[{"embeddable":true,"href":"https:\/\/cymaq.mx\/en\/wp-json\/wp\/v2\/users\/1"}],"replies":[{"embeddable":true,"href":"https:\/\/cymaq.mx\/en\/wp-json\/wp\/v2\/comments?post=2960"}],"version-history":[{"count":2,"href":"https:\/\/cymaq.mx\/en\/wp-json\/wp\/v2\/pages\/2960\/revisions"}],"predecessor-version":[{"id":2976,"href":"https:\/\/cymaq.mx\/en\/wp-json\/wp\/v2\/pages\/2960\/revisions\/2976"}],"wp:attachment":[{"href":"https:\/\/cymaq.mx\/en\/wp-json\/wp\/v2\/media?parent=2960"}],"curies":[{"name":"wp","href":"https:\/\/api.w.org\/{rel}","templated":true}]}}