{"id":2961,"date":"2023-07-10T08:51:23","date_gmt":"2023-07-10T14:51:23","guid":{"rendered":"https:\/\/cymaq.mx\/metal-mecanica\/"},"modified":"2023-09-04T15:55:31","modified_gmt":"2023-09-04T21:55:31","slug":"metal-mechanics","status":"publish","type":"page","link":"https:\/\/cymaq.mx\/en\/metal-mechanics\/","title":{"rendered":"Metal Mechanics"},"content":{"rendered":"\n<div class=\"wp-block-cover alignfull has-parallax\"><span aria-hidden=\"true\" class=\"wp-block-cover__background has-background-dim\"><\/span><div role=\"img\" class=\"wp-block-cover__image-background wp-image-805 has-parallax lazyload\" style=\"background-position:50% 50%;background-image:inherit\" data-bg-image=\"url(https:\/\/cymaq.mx\/wp-content\/uploads\/2023\/07\/industria_metal_mecanica.jpg)\"><\/div><div class=\"wp-block-cover__inner-container is-layout-flow wp-block-cover-is-layout-flow\"><h1 class=\"has-text-align-center wp-block-post-title has-text-color has-white-color has-large-font-size\">Metal Mechanics<\/h1><\/div><\/div>\n\n\n\n<section class=\"wp-block-agctexdomain-wrapper-agcblocks alignwide paddingTopBottom50 paddingTopBottomTablet50 paddingTopBottomMobile50 paddingLeftRight0 paddingLeftRightTablet0 paddingLeftRightMobile0 backgroundNoRepeat backgroundCover alturaDefault\"><div class=\"container\"><div class=\"wrapper-inner-blocks\">\n<section class=\"wp-block-agctexdomain-columnas-agcblocks alignwide columnas col-1 col-1-a paddingTopBottom0 paddingTopBottomTablet0 paddingTopBottomMobile0 alturaDefault\"><div class=\"container\">\n<div class=\"wp-block-agctexdomain-columna-agcblocks Columna ag-animation css-animacionNone alineacion-vertical-top\" data-ag-animation=\"animacionNone\" style=\"text-align:left\"><div class=\"ColumnaContent paddingTopBottom0 paddingTopBottomTablet0 paddingTopBottomMobile0 paddingLeftRight20 paddingLeftRightTablet20 paddingLeftRightMobile20\">\n<h2 class=\"wp-block-heading is-style-headingStyleBorderLeft\" style=\"font-size:22px;text-transform:uppercase\"><strong>Metal Mechanics<\/strong><\/h2>\n\n\n\n<p style=\"text-transform:uppercase\"><strong>Industrial Air Compressors<\/strong><\/p>\n\n\n\n<div style=\"height:12px\" aria-hidden=\"true\" class=\"wp-block-spacer\"><\/div>\n<\/div> <\/div>\n<\/div> <div class=\"bg-forma bg-forma-display-none\"><\/div><\/section>\n\n\n\n<section class=\"wp-block-agctexdomain-columnas-agcblocks alignwide columnas col-2 col-2-a paddingTopBottom0 paddingTopBottomTablet0 paddingTopBottomMobile0 alturaDefault\"><div class=\"container\">\n<div class=\"wp-block-agctexdomain-columna-agcblocks Columna ag-animation css-animacionNone alineacion-vertical-top\" data-ag-animation=\"animacionNone\" style=\"text-align:left\"><div class=\"ColumnaContent paddingTopBottom0 paddingTopBottomTablet0 paddingTopBottomMobile0 paddingLeftRight20 paddingLeftRightTablet20 paddingLeftRightMobile20\">\n<p class=\"is-style-justificar\">Industrial compressors are indispensable equipment in a wide variety of manufacturing plants. Sometimes referred to as the fourth utility, maintaining a high-level supply of compressed air is as crucial as paying the electricity bill for many plants. Industrial-grade air compressors provide a steady flow of compressed air over extended periods, while also offering the durability and longevity to handle the highly demanding requirements of production facilities.<\/p>\n\n\n\n<p>This contributes to improved performance, energy efficiency, and reliability in your manufacturing plant.<\/p>\n\n\n\n<p><\/p>\n\n\n\n<p><\/p>\n<\/div> <\/div>\n\n\n\n<div class=\"wp-block-agctexdomain-columna-agcblocks Columna ag-animation css-animacionNone alineacion-vertical-top\" data-ag-animation=\"animacionNone\" style=\"text-align:left\"><div class=\"ColumnaContent paddingTopBottom0 paddingTopBottomTablet0 paddingTopBottomMobile0 paddingLeftRight20 paddingLeftRightTablet20 paddingLeftRightMobile20\">\n<p class=\"is-style-justificar\">With over 50 years of experience, CYMAQ Compressors and Machinery is well-versed in providing tailored solutions in compressed air and nitrogen generation for plants. We always strive to deliver quality you can rely on, regardless of the industry or application we're addressing.<\/p>\n\n\n\n<p>Compresores y Maquinaria has spent over 50 years working with compressors and customizing solutions for specific uses.<\/p>\n<\/div> <\/div>\n<\/div> <div class=\"bg-forma bg-forma-display-none\"><\/div><\/section>\n\n\n\n<section class=\"wp-block-agctexdomain-columnas-agcblocks alignwide columnas col-1 col-1-a paddingTopBottom0 paddingTopBottomTablet0 paddingTopBottomMobile0 alturaDefault\"><div class=\"container\">\n<div class=\"wp-block-agctexdomain-columna-agcblocks Columna ag-animation css-animacionNone alineacion-vertical-top\" data-ag-animation=\"animacionNone\" style=\"text-align:left\"><div class=\"ColumnaContent paddingTopBottom0 paddingTopBottomTablet0 paddingTopBottomMobile0 paddingLeftRight20 paddingLeftRightTablet20 paddingLeftRightMobile20\">\n<div style=\"height:40px\" aria-hidden=\"true\" class=\"wp-block-spacer\"><\/div>\n\n\n\n<p><strong>VARIED USES IN MANUFACTURING<\/strong><\/p>\n\n\n\n<p class=\"is-style-justificar\">Over the years, air compressors have evolved to provide solutions for a wide range of challenges in the industrial sector. The following table provides an example of the diverse applications that manufacturing processes require compressed air for:<\/p>\n<\/div> <\/div>\n<\/div> <div class=\"bg-forma bg-forma-display-none\"><\/div><\/section>\n\n\n\n<section class=\"wp-block-agctexdomain-columnas-agcblocks alignwide columnas col-4 col-4-a paddingTopBottom0 paddingTopBottomTablet0 paddingTopBottomMobile0 alturaDefault\"><div class=\"container\">\n<div class=\"wp-block-agctexdomain-columna-agcblocks Columna ag-animation css-animacionNone alineacion-vertical-top\" data-ag-animation=\"animacionNone\" style=\"text-align:left\"><div class=\"ColumnaContent paddingTopBottom0 paddingTopBottomTablet0 paddingTopBottomMobile0 paddingLeftRight20 paddingLeftRightTablet20 paddingLeftRightMobile20\">\n<ul class=\"is-style-ListCheck wp-block-list\">\n<li>General Manufacturing<\/li>\n\n\n\n<li>Stamping<\/li>\n\n\n\n<li>Printing<\/li>\n\n\n\n<li>Controls and Actuators<\/li>\n\n\n\n<li>Electric Tools<\/li>\n\n\n\n<li>Tool Cleaning<\/li>\n\n\n\n<li>Handling Glass, Stone, Clay<\/li>\n\n\n\n<li>Substance Mixing<\/li>\n<\/ul>\n<\/div> <\/div>\n\n\n\n<div class=\"wp-block-agctexdomain-columna-agcblocks Columna ag-animation css-animacionNone alineacion-vertical-top\" data-ag-animation=\"animacionNone\" style=\"text-align:left\"><div class=\"ColumnaContent paddingTopBottom0 paddingTopBottomTablet0 paddingTopBottomMobile0 paddingLeftRight20 paddingLeftRightTablet20 paddingLeftRightMobile20\">\n<ul class=\"is-style-ListCheck wp-block-list\">\n<li>Transportation<\/li>\n\n\n\n<li>Glass Blowing<\/li>\n\n\n\n<li>Molding<\/li>\n\n\n\n<li>Cooling<\/li>\n\n\n\n<li>Furniture Manufacturing<\/li>\n\n\n\n<li>Electric Tools<\/li>\n\n\n\n<li>Fumigation<\/li>\n\n\n\n<li>Mining Industry<\/li>\n<\/ul>\n<\/div> <\/div>\n\n\n\n<div class=\"wp-block-agctexdomain-columna-agcblocks Columna ag-animation css-animacionNone alineacion-vertical-top\" data-ag-animation=\"animacionNone\" style=\"text-align:left\"><div class=\"ColumnaContent paddingTopBottom0 paddingTopBottomTablet0 paddingTopBottomMobile0 paddingLeftRight20 paddingLeftRightTablet20 paddingLeftRightMobile20\">\n<ul class=\"is-style-ListCheck wp-block-list\">\n<li>Hoists<\/li>\n\n\n\n<li>Pneumatic Tools<\/li>\n\n\n\n<li>Shoe Crafting<\/li>\n\n\n\n<li>Plastic, Silicone, and Rubber Manufacturing<\/li>\n\n\n\n<li>Mold Presses<\/li>\n\n\n\n<li>Injection Molding<\/li>\n\n\n\n<li>Forming<\/li>\n\n\n\n<li>Spray Coatings<\/li>\n<\/ul>\n<\/div> <\/div>\n\n\n\n<div class=\"wp-block-agctexdomain-columna-agcblocks Columna ag-animation css-animacionNone alineacion-vertical-top\" data-ag-animation=\"animacionNone\" style=\"text-align:left\"><div class=\"ColumnaContent paddingTopBottom0 paddingTopBottomTablet0 paddingTopBottomMobile0 paddingLeftRight20 paddingLeftRightTablet20 paddingLeftRightMobile20\">\n<ul class=\"is-style-ListCheck wp-block-list\">\n<li>Cleaning<\/li>\n\n\n\n<li>Vacuum Packaging<\/li>\n\n\n\n<li>Metal Manufacturing<\/li>\n\n\n\n<li>Assembly Line Feeding<\/li>\n\n\n\n<li>Injection Molding<\/li>\n\n\n\n<li>Tool Feeding<\/li>\n\n\n\n<li>Fumigation<\/li>\n<\/ul>\n<\/div> <\/div>\n<\/div> <div class=\"bg-forma bg-forma-display-none\"><\/div><\/section>\n<\/div><\/div> <div class=\"bg-forma\"><\/div><\/section>\n\n\n\n<section style=\"color:#ffffff\" class=\"wp-block-agctexdomain-wrapper-agcblocks alignwide paddingTopBottom180 paddingTopBottomTablet80 paddingTopBottomMobile80 paddingLeftRight0 paddingLeftRightTablet0 paddingLeftRightMobile0 backgroundNoRepeat backgroundCover alturaDefault\"><div class=\"bg-cover-image backgroundNoRepeat backgroundCover lazyload\" style=\"background-image:inherit\" data-bg-image=\"url(https:\/\/cymaq.mx\/wp-content\/uploads\/2023\/04\/cymaq-slider-02.jpg)\"><\/div><div class=\"container\"><div class=\"wrapper-inner-blocks\" style=\"max-width:720px\">\n<section class=\"wp-block-agctexdomain-columnas-agcblocks alignwide columnas col-1 col-1-a paddingTopBottom0 paddingTopBottomTablet0 paddingTopBottomMobile0 alturaDefault\"><div class=\"container\">\n<div class=\"wp-block-agctexdomain-columna-agcblocks Columna ag-animation css-animacionNone alineacion-vertical-top\" data-ag-animation=\"animacionNone\" style=\"text-align:left\"><div class=\"ColumnaContent paddingTopBottom0 paddingTopBottomTablet0 paddingTopBottomMobile0 paddingLeftRight20 paddingLeftRightTablet20 paddingLeftRightMobile20\">\n<p class=\"has-text-align-center\" style=\"font-size:22px\">At <mark style=\"background-color:rgba(0, 0, 0, 0)\" class=\"has-inline-color has-color-1-color\">CYMAQ Compressors and Machinery S.A de C.V<\/mark>, we offer specific air solutions for Metal Mechanics.<\/p>\n\n\n\n<div style=\"height:10px\" aria-hidden=\"true\" class=\"wp-block-spacer\"><\/div>\n\n\n\n<div class=\"wp-block-buttons is-content-justification-center is-layout-flex wp-container-core-buttons-is-layout-16018d1d wp-block-buttons-is-layout-flex\">\n<div class=\"wp-block-button is-style-btnA\"><a class=\"wp-block-button__link wp-element-button\" href=\"https:\/\/cymaq.mx\/en\/contact\/\">Contact an Advisor<\/a><\/div>\n<\/div>\n<\/div> <\/div>\n<\/div> <div class=\"bg-forma bg-forma-display-none\"><\/div><\/section>\n<\/div><\/div><div class=\"overlay\" style=\"opacity:0.83;background-color:#494949\"><\/div><div class=\"bg-forma\"><\/div><\/section>\n\n\n\n<section style=\"background-color:#e7e7e7\" class=\"wp-block-agctexdomain-wrapper-agcblocks alignwide paddingTopBottom50 paddingTopBottomTablet50 paddingTopBottomMobile50 paddingLeftRight0 paddingLeftRightTablet0 paddingLeftRightMobile0 backgroundNoRepeat backgroundCover alturaDefault\"><div class=\"container\"><div class=\"wrapper-inner-blocks\">\n<section class=\"wp-block-agctexdomain-columnas-agcblocks alignwide columnas col-2 col-2-a paddingTopBottom0 paddingTopBottomTablet0 paddingTopBottomMobile0 alturaDefault\"><div class=\"container\">\n<div class=\"wp-block-agctexdomain-columna-agcblocks Columna ag-animation css-animacionNone alineacion-vertical-top\" data-ag-animation=\"animacionNone\" style=\"text-align:left\"><div class=\"ColumnaContent paddingTopBottom0 paddingTopBottomTablet0 paddingTopBottomMobile0 paddingLeftRight20 paddingLeftRightTablet20 paddingLeftRightMobile20\">\n<p style=\"font-size:22px\"><strong>Types of Compressors for Industrial Use:<\/strong><\/p>\n\n\n\n<p class=\"is-style-justificar\">The uses of air compressors vary widely, and the characteristics of different types of air compressors focus on the unique needs of specific applications.<\/p>\n\n\n\n<p class=\"is-style-justificar\">The decision on the best industrial air compressor for the job begins with understanding all available options and how they will fit your operation.<\/p>\n\n\n\n<p class=\"is-style-justificar\">Different types of compressors exist, and at CYMAQ Compressors and Machinery, we can assist you in selecting the best equipment. Approach one of our advisors to receive the necessary information to meet your specific air demand needs:<\/p>\n\n\n\n<ul class=\"is-style-ListCircle wp-block-list\">\n<li><strong>Rotary Screw Compressor: <\/strong>Using two identical helical screws, this compressor draws air into a chamber and compresses it by reducing the chamber's size.<\/li>\n\n\n\n<li><strong>Reciprocating\/Piston Compressor:<\/strong> Using a series of pistons, this compressor continuously draws in and compresses air through piston strokes.<\/li>\n\n\n\n<li><strong>Two-Stage Air Compressors:<\/strong> A two-stage air compressor functions similarly to single-stage reciprocating\/piston compressors, but adds a second compression stage. Once air is introduced into the chamber, pistons partially compress the air before moving it to a second chamber, where it is cooled and compressed again. Commonly found in manufacturing environments, two-stage compression allows for air compression up to 500 psig.<\/li>\n\n\n\n<li><strong>HIGH-PRESSURE COMPRESSORS:<\/strong> Focusing on specific application fields, these oil-lubricated compressors work by trapping and sealing air between two helical rotors (a male and a female). As these rotors rotate, air is pushed into a smaller space, causing an increase in pressure.<\/li>\n<\/ul>\n<\/div> <\/div>\n\n\n\n<div class=\"wp-block-agctexdomain-columna-agcblocks Columna ag-animation css-animacionNone alineacion-vertical-top\" data-ag-animation=\"animacionNone\" style=\"text-align:left\"><div class=\"ColumnaContent paddingTopBottom0 paddingTopBottomTablet0 paddingTopBottomMobile0 paddingLeftRight20 paddingLeftRightTablet20 paddingLeftRightMobile20\">\n<p><strong>LEARN MORE ABOUT COMPRESSED AIR SYSTEMS<\/strong><\/p>\n\n\n\n<p class=\"is-style-justificar\">With over 50 years in the industry, we've built a reputation and gained extensive experience through the continuous effort of our team members, the technology implemented in our processes, and the tools we use to serve our customers. This allows us to offer confidence to your company and processes in selecting your compressed air and nitrogen generation equipment.<\/p>\n\n\n\n<p class=\"is-style-justificar\">Our industrial compressors are ideal for a variety of industrial, commercial, and professional applications.<\/p>\n\n\n\n<p class=\"is-style-justificar\">We ensure that each air compressor is selected with the care and attention to detail that your business requires.<\/p>\n\n\n\n<p>All our products are factory-tested and independently certified.<\/p>\n\n\n\n<p class=\"is-style-justificar\">Explore our line of air compressor products for all your industrial manufacturing applications and reach out to one of our sales advisors so that together we can bring your projects to fruition.<\/p>\n<\/div> <\/div>\n<\/div> <div class=\"bg-forma bg-forma-display-none\"><\/div><\/section>\n<\/div><\/div> <div class=\"bg-forma\"><\/div><\/section>\n\n\n\n<section style=\"background-color:#3f3f3f\" class=\"wp-block-agctexdomain-wrapper-agcblocks alignwide paddingTopBottom50 paddingTopBottomTablet50 paddingTopBottomMobile50 paddingLeftRight0 paddingLeftRightTablet0 paddingLeftRightMobile0 backgroundNoRepeat backgroundCover alturaDefault\"><div class=\"container\"><div class=\"wrapper-inner-blocks\" style=\"max-width:680px\">\n<section class=\"wp-block-agctexdomain-columnas-agcblocks alignwide columnas col-1 col-1-a paddingTopBottom0 paddingTopBottomTablet0 paddingTopBottomMobile0 alturaDefault\"><div class=\"container\">\n<div class=\"wp-block-agctexdomain-columna-agcblocks Columna ag-animation css-animacionNone alineacion-vertical-top\" data-ag-animation=\"animacionNone\" style=\"text-align:left\"><div class=\"ColumnaContent paddingTopBottom0 paddingTopBottomTablet0 paddingTopBottomMobile0 paddingLeftRight20 paddingLeftRightTablet20 paddingLeftRightMobile20\">\n<p class=\"has-text-align-center has-white-color has-text-color\">At <mark style=\"background-color:rgba(0, 0, 0, 0)\" class=\"has-inline-color has-color-1-color\">CYMAQ Compressors and Machinery S.A de C.V<\/mark>, we offer specific air solutions for Metal Mechanics.<\/p>\n\n\n\n<div style=\"height:10px\" aria-hidden=\"true\" class=\"wp-block-spacer\"><\/div>\n\n\n\n<div class=\"wp-block-buttons is-content-justification-center is-layout-flex wp-container-core-buttons-is-layout-16018d1d wp-block-buttons-is-layout-flex\">\n<div class=\"wp-block-button is-style-btnA\"><a class=\"wp-block-button__link wp-element-button\" href=\"https:\/\/cymaq.mx\/en\/contact\/\">Contact an Advisor<\/a><\/div>\n<\/div>\n<\/div> <\/div>\n<\/div> <div class=\"bg-forma bg-forma-display-none\"><\/div><\/section>\n<\/div><\/div> <div class=\"bg-forma\"><\/div><\/section>\n","protected":false},"excerpt":{"rendered":"","protected":false},"author":1,"featured_media":0,"parent":0,"menu_order":95,"comment_status":"closed","ping_status":"closed","template":"","meta":{"_acf_changed":false,"footnotes":""},"class_list":["post-2961","page","type-page","status-publish","hentry"],"acf":[],"yoast_head":"<!-- This site is optimized with the Yoast SEO plugin v27.4 - https:\/\/yoast.com\/product\/yoast-seo-wordpress\/ -->\n<title>Metal Mechanics - CYMAQ - KAESER<\/title>\n<meta name=\"description\" content=\"CYMAQ ofrece soluciones en aire comprimido y generaci\u00f3n de nitr\u00f3geno a la medida para la industria metal mec\u00e1nica. Cont\u00e1ctenos.\" \/>\n<meta name=\"robots\" content=\"index, follow, max-snippet:-1, max-image-preview:large, max-video-preview:-1\" \/>\n<link rel=\"canonical\" href=\"https:\/\/cymaq.mx\/en\/metal-mechanics\/\" \/>\n<meta property=\"og:locale\" content=\"en_US\" \/>\n<meta property=\"og:type\" content=\"article\" \/>\n<meta property=\"og:title\" content=\"Metal Mechanics - CYMAQ - KAESER\" \/>\n<meta property=\"og:description\" content=\"CYMAQ ofrece soluciones en aire comprimido y generaci\u00f3n de nitr\u00f3geno a la medida para la industria metal mec\u00e1nica. Cont\u00e1ctenos.\" \/>\n<meta property=\"og:url\" content=\"https:\/\/cymaq.mx\/en\/metal-mechanics\/\" \/>\n<meta property=\"og:site_name\" content=\"CYMAQ - KAESER\" \/>\n<meta property=\"article:publisher\" content=\"https:\/\/www.facebook.com\/CYMAQ.MX\/\" \/>\n<meta property=\"article:modified_time\" content=\"2023-09-04T21:55:31+00:00\" \/>\n<meta name=\"twitter:card\" content=\"summary_large_image\" \/>\n<meta name=\"twitter:label1\" content=\"Est. reading time\" \/>\n\t<meta name=\"twitter:data1\" content=\"3 minutes\" \/>\n<script type=\"application\/ld+json\" class=\"yoast-schema-graph\">{\"@context\":\"https:\\\/\\\/schema.org\",\"@graph\":[{\"@type\":\"WebPage\",\"@id\":\"https:\\\/\\\/cymaq.mx\\\/en\\\/metal-mechanics\\\/\",\"url\":\"https:\\\/\\\/cymaq.mx\\\/en\\\/metal-mechanics\\\/\",\"name\":\"Metal Mechanics - CYMAQ - KAESER\",\"isPartOf\":{\"@id\":\"https:\\\/\\\/cymaq.mx\\\/#website\"},\"datePublished\":\"2023-07-10T14:51:23+00:00\",\"dateModified\":\"2023-09-04T21:55:31+00:00\",\"description\":\"CYMAQ ofrece soluciones en aire comprimido y generaci\u00f3n de nitr\u00f3geno a la medida para la industria metal mec\u00e1nica. Cont\u00e1ctenos.\",\"breadcrumb\":{\"@id\":\"https:\\\/\\\/cymaq.mx\\\/en\\\/metal-mechanics\\\/#breadcrumb\"},\"inLanguage\":\"en-US\",\"potentialAction\":[{\"@type\":\"ReadAction\",\"target\":[\"https:\\\/\\\/cymaq.mx\\\/en\\\/metal-mechanics\\\/\"]}]},{\"@type\":\"BreadcrumbList\",\"@id\":\"https:\\\/\\\/cymaq.mx\\\/en\\\/metal-mechanics\\\/#breadcrumb\",\"itemListElement\":[{\"@type\":\"ListItem\",\"position\":1,\"name\":\"Portada\",\"item\":\"https:\\\/\\\/cymaq.mx\\\/en\\\/\"},{\"@type\":\"ListItem\",\"position\":2,\"name\":\"Metal Mechanics\"}]},{\"@type\":\"WebSite\",\"@id\":\"https:\\\/\\\/cymaq.mx\\\/#website\",\"url\":\"https:\\\/\\\/cymaq.mx\\\/\",\"name\":\"CYMAQ - KAESER\",\"description\":\"Soluciones en aire y gases industriales\",\"publisher\":{\"@id\":\"https:\\\/\\\/cymaq.mx\\\/#organization\"},\"potentialAction\":[{\"@type\":\"SearchAction\",\"target\":{\"@type\":\"EntryPoint\",\"urlTemplate\":\"https:\\\/\\\/cymaq.mx\\\/?s={search_term_string}\"},\"query-input\":{\"@type\":\"PropertyValueSpecification\",\"valueRequired\":true,\"valueName\":\"search_term_string\"}}],\"inLanguage\":\"en-US\"},{\"@type\":\"Organization\",\"@id\":\"https:\\\/\\\/cymaq.mx\\\/#organization\",\"name\":\"CYMAQ Compresores y Maquinaria S.A. de C.V\",\"url\":\"https:\\\/\\\/cymaq.mx\\\/\",\"logo\":{\"@type\":\"ImageObject\",\"inLanguage\":\"en-US\",\"@id\":\"https:\\\/\\\/cymaq.mx\\\/#\\\/schema\\\/logo\\\/image\\\/\",\"url\":\"https:\\\/\\\/cymaq.mx\\\/wp-content\\\/uploads\\\/2025\\\/05\\\/Nuevo-Leon-1-scaled.jpg\",\"contentUrl\":\"https:\\\/\\\/cymaq.mx\\\/wp-content\\\/uploads\\\/2025\\\/05\\\/Nuevo-Leon-1-scaled.jpg\",\"width\":2560,\"height\":1693,\"caption\":\"CYMAQ Compresores y Maquinaria S.A. de C.V\"},\"image\":{\"@id\":\"https:\\\/\\\/cymaq.mx\\\/#\\\/schema\\\/logo\\\/image\\\/\"},\"sameAs\":[\"https:\\\/\\\/www.facebook.com\\\/CYMAQ.MX\\\/\",\"https:\\\/\\\/www.linkedin.com\\\/company\\\/cymaq-soluciones-aire-comprimido\\\/\"]}]}<\/script>\n<!-- \/ Yoast SEO plugin. -->","yoast_head_json":{"title":"Metal Mechanics - CYMAQ - KAESER","description":"CYMAQ ofrece soluciones en aire comprimido y generaci\u00f3n de nitr\u00f3geno a la medida para la industria metal mec\u00e1nica. Cont\u00e1ctenos.","robots":{"index":"index","follow":"follow","max-snippet":"max-snippet:-1","max-image-preview":"max-image-preview:large","max-video-preview":"max-video-preview:-1"},"canonical":"https:\/\/cymaq.mx\/en\/metal-mechanics\/","og_locale":"en_US","og_type":"article","og_title":"Metal Mechanics - CYMAQ - KAESER","og_description":"CYMAQ ofrece soluciones en aire comprimido y generaci\u00f3n de nitr\u00f3geno a la medida para la industria metal mec\u00e1nica. Cont\u00e1ctenos.","og_url":"https:\/\/cymaq.mx\/en\/metal-mechanics\/","og_site_name":"CYMAQ - KAESER","article_publisher":"https:\/\/www.facebook.com\/CYMAQ.MX\/","article_modified_time":"2023-09-04T21:55:31+00:00","twitter_card":"summary_large_image","twitter_misc":{"Est. reading time":"3 minutes"},"schema":{"@context":"https:\/\/schema.org","@graph":[{"@type":"WebPage","@id":"https:\/\/cymaq.mx\/en\/metal-mechanics\/","url":"https:\/\/cymaq.mx\/en\/metal-mechanics\/","name":"Metal Mechanics - CYMAQ - KAESER","isPartOf":{"@id":"https:\/\/cymaq.mx\/#website"},"datePublished":"2023-07-10T14:51:23+00:00","dateModified":"2023-09-04T21:55:31+00:00","description":"CYMAQ ofrece soluciones en aire comprimido y generaci\u00f3n de nitr\u00f3geno a la medida para la industria metal mec\u00e1nica. Cont\u00e1ctenos.","breadcrumb":{"@id":"https:\/\/cymaq.mx\/en\/metal-mechanics\/#breadcrumb"},"inLanguage":"en-US","potentialAction":[{"@type":"ReadAction","target":["https:\/\/cymaq.mx\/en\/metal-mechanics\/"]}]},{"@type":"BreadcrumbList","@id":"https:\/\/cymaq.mx\/en\/metal-mechanics\/#breadcrumb","itemListElement":[{"@type":"ListItem","position":1,"name":"Portada","item":"https:\/\/cymaq.mx\/en\/"},{"@type":"ListItem","position":2,"name":"Metal Mechanics"}]},{"@type":"WebSite","@id":"https:\/\/cymaq.mx\/#website","url":"https:\/\/cymaq.mx\/","name":"CYMAQ - KAESER","description":"Soluciones en aire y gases industriales","publisher":{"@id":"https:\/\/cymaq.mx\/#organization"},"potentialAction":[{"@type":"SearchAction","target":{"@type":"EntryPoint","urlTemplate":"https:\/\/cymaq.mx\/?s={search_term_string}"},"query-input":{"@type":"PropertyValueSpecification","valueRequired":true,"valueName":"search_term_string"}}],"inLanguage":"en-US"},{"@type":"Organization","@id":"https:\/\/cymaq.mx\/#organization","name":"CYMAQ Compresores y Maquinaria S.A. de C.V","url":"https:\/\/cymaq.mx\/","logo":{"@type":"ImageObject","inLanguage":"en-US","@id":"https:\/\/cymaq.mx\/#\/schema\/logo\/image\/","url":"https:\/\/cymaq.mx\/wp-content\/uploads\/2025\/05\/Nuevo-Leon-1-scaled.jpg","contentUrl":"https:\/\/cymaq.mx\/wp-content\/uploads\/2025\/05\/Nuevo-Leon-1-scaled.jpg","width":2560,"height":1693,"caption":"CYMAQ Compresores y Maquinaria S.A. de C.V"},"image":{"@id":"https:\/\/cymaq.mx\/#\/schema\/logo\/image\/"},"sameAs":["https:\/\/www.facebook.com\/CYMAQ.MX\/","https:\/\/www.linkedin.com\/company\/cymaq-soluciones-aire-comprimido\/"]}]}},"_links":{"self":[{"href":"https:\/\/cymaq.mx\/en\/wp-json\/wp\/v2\/pages\/2961","targetHints":{"allow":["GET"]}}],"collection":[{"href":"https:\/\/cymaq.mx\/en\/wp-json\/wp\/v2\/pages"}],"about":[{"href":"https:\/\/cymaq.mx\/en\/wp-json\/wp\/v2\/types\/page"}],"author":[{"embeddable":true,"href":"https:\/\/cymaq.mx\/en\/wp-json\/wp\/v2\/users\/1"}],"replies":[{"embeddable":true,"href":"https:\/\/cymaq.mx\/en\/wp-json\/wp\/v2\/comments?post=2961"}],"version-history":[{"count":3,"href":"https:\/\/cymaq.mx\/en\/wp-json\/wp\/v2\/pages\/2961\/revisions"}],"predecessor-version":[{"id":2974,"href":"https:\/\/cymaq.mx\/en\/wp-json\/wp\/v2\/pages\/2961\/revisions\/2974"}],"wp:attachment":[{"href":"https:\/\/cymaq.mx\/en\/wp-json\/wp\/v2\/media?parent=2961"}],"curies":[{"name":"wp","href":"https:\/\/api.w.org\/{rel}","templated":true}]}}