{"id":2962,"date":"2023-07-07T16:52:29","date_gmt":"2023-07-07T22:52:29","guid":{"rendered":"https:\/\/cymaq.mx\/medicas-y-farmaceuticas\/"},"modified":"2023-09-04T15:45:44","modified_gmt":"2023-09-04T21:45:44","slug":"medical-and-pharmaceuticals","status":"publish","type":"page","link":"https:\/\/cymaq.mx\/en\/medical-and-pharmaceuticals\/","title":{"rendered":"Medical and Pharmaceuticals"},"content":{"rendered":"\n<div class=\"wp-block-cover alignfull is-light has-parallax\"><span aria-hidden=\"true\" class=\"wp-block-cover__background has-background-dim\"><\/span><div role=\"img\" class=\"wp-block-cover__image-background wp-image-786 has-parallax lazyload\" style=\"background-position:50% 50%;background-image:inherit\" data-bg-image=\"url(https:\/\/cymaq.mx\/wp-content\/uploads\/2023\/07\/industria_farmaceutica.jpg)\"><\/div><div class=\"wp-block-cover__inner-container is-layout-flow wp-block-cover-is-layout-flow\"><h1 class=\"has-text-align-center wp-block-post-title has-text-color has-white-color has-large-font-size\">Medical and Pharmaceuticals<\/h1><\/div><\/div>\n\n\n\n<section class=\"wp-block-agctexdomain-wrapper-agcblocks alignwide paddingTopBottom50 paddingTopBottomTablet50 paddingTopBottomMobile50 paddingLeftRight0 paddingLeftRightTablet0 paddingLeftRightMobile0 backgroundNoRepeat backgroundCover alturaDefault\"><div class=\"container\"><div class=\"wrapper-inner-blocks\">\n<section class=\"wp-block-agctexdomain-columnas-agcblocks alignwide columnas col-2 col-2-a paddingTopBottom0 paddingTopBottomTablet0 paddingTopBottomMobile0 alturaDefault\"><div class=\"container\">\n<div class=\"wp-block-agctexdomain-columna-agcblocks Columna ag-animation css-animacionNone alineacion-vertical-top\" data-ag-animation=\"animacionNone\" style=\"text-align:left\"><div class=\"ColumnaContent paddingTopBottom0 paddingTopBottomTablet0 paddingTopBottomMobile0 paddingLeftRight20 paddingLeftRightTablet20 paddingLeftRightMobile20\">\n<h2 class=\"wp-block-heading is-style-headingStyleBorderLeft\" style=\"font-size:22px;text-transform:uppercase\"><strong>Medical and Pharmaceuticals<\/strong><\/h2>\n\n\n\n<div style=\"height:12px\" aria-hidden=\"true\" class=\"wp-block-spacer\"><\/div>\n\n\n\n<p>Compressed air is essential for many medical and pharmaceutical applications, whether it's powering tools, sterilizing equipment, or maintaining facilities.<\/p>\n\n\n\n<p>To safeguard vulnerable patients, air compressors used in these environments must meet the highest standards of quality and sterility.<\/p>\n\n\n\n<p>To meet these requirements, CYMAQ Compressors and Machinery offers equipment ideal for use in medical, dental, and therapeutic settings.<\/p>\n\n\n\n<div style=\"height:20px\" aria-hidden=\"true\" class=\"wp-block-spacer\"><\/div>\n\n\n\n<p style=\"font-size:22px\"><strong>HOW ARE COMPRESSORS USED FOR MEDICAL PURPOSES?<\/strong><\/p>\n\n\n\n<p class=\"is-style-justificar\">Air compressors play multiple roles in hospitals and medical facilities of all kinds.<\/p>\n<\/div> <\/div>\n\n\n\n<div class=\"wp-block-agctexdomain-columna-agcblocks Columna ag-animation css-animacionNone alineacion-vertical-top\" data-ag-animation=\"animacionNone\" style=\"text-align:left\"><div class=\"ColumnaContent paddingTopBottom0 paddingTopBottomTablet0 paddingTopBottomMobile0 paddingLeftRight20 paddingLeftRightTablet20 paddingLeftRightMobile20\">\n<p style=\"font-size:22px\">Examples of usage include:<\/p>\n\n\n\n<ul class=\"is-style-ListCheck wp-block-list\">\n<li><strong>Hospitals and clinics:<\/strong> Air compressors power life-saving equipment like ventilators. Medical-grade air compressors also keep HVAC units running with dry and sterile air, ensuring patient safety and comfort.<\/li>\n\n\n\n<li><strong>Operating rooms:<\/strong> Besides assisting ventilators, air compressors also power surgical tools such as drills. Sterile compressed air can also be used for wound cleaning.<\/li>\n\n\n\n<li><strong>Veterinary clinics:<\/strong> Compared to electric tools, air-powered surgical equipment tends to be safer and more comfortable for animal patients.<\/li>\n\n\n\n<li><strong>Medical laboratories:<\/strong> Medical labs, whether standalone or part of hospitals, need access to clean air to ensure samples remain sterile.<\/li>\n\n\n\n<li><strong>Dental and orthodontic practices:<\/strong> Specialized oil-free air compressors provide suction used during routine dental cleanings and oral surgery.<\/li>\n\n\n\n<li><strong>Physical therapy facilities:<\/strong> Compressed air can be used to control strength training equipment, offering a gentler and adaptable alternative to free weights.<\/li>\n<\/ul>\n<\/div> <\/div>\n<\/div> <div class=\"bg-forma bg-forma-display-none\"><\/div><\/section>\n<\/div><\/div> <div class=\"bg-forma\"><\/div><\/section>\n\n\n\n<section style=\"color:#ffffff\" class=\"wp-block-agctexdomain-wrapper-agcblocks alignwide paddingTopBottom180 paddingTopBottomTablet80 paddingTopBottomMobile80 paddingLeftRight0 paddingLeftRightTablet0 paddingLeftRightMobile0 backgroundNoRepeat backgroundCover alturaDefault\"><div class=\"bg-cover-image backgroundNoRepeat backgroundCover lazyload\" style=\"background-image:inherit\" data-bg-image=\"url(https:\/\/cymaq.mx\/wp-content\/uploads\/2023\/04\/cymaq-slider-02.jpg)\"><\/div><div class=\"container\"><div class=\"wrapper-inner-blocks\" style=\"max-width:720px\">\n<section class=\"wp-block-agctexdomain-columnas-agcblocks alignwide columnas col-1 col-1-a paddingTopBottom0 paddingTopBottomTablet0 paddingTopBottomMobile0 alturaDefault\"><div class=\"container\">\n<div class=\"wp-block-agctexdomain-columna-agcblocks Columna ag-animation css-animacionNone alineacion-vertical-top\" data-ag-animation=\"animacionNone\" style=\"text-align:left\"><div class=\"ColumnaContent paddingTopBottom0 paddingTopBottomTablet0 paddingTopBottomMobile0 paddingLeftRight20 paddingLeftRightTablet20 paddingLeftRightMobile20\">\n<p class=\"has-text-align-center\" style=\"font-size:22px\">At <mark style=\"background-color:rgba(0, 0, 0, 0)\" class=\"has-inline-color has-color-1-color\">CYMAQ Compressors and Machinery S.A de C.V<\/mark>, we offer specific air solutions for the Pharmaceutical Industry.<\/p>\n\n\n\n<div style=\"height:10px\" aria-hidden=\"true\" class=\"wp-block-spacer\"><\/div>\n\n\n\n<div class=\"wp-block-buttons is-content-justification-center is-layout-flex wp-container-core-buttons-is-layout-16018d1d wp-block-buttons-is-layout-flex\">\n<div class=\"wp-block-button is-style-btnA\"><a class=\"wp-block-button__link wp-element-button\" href=\"https:\/\/cymaq.mx\/en\/contact\/\">Contact an Advisor<\/a><\/div>\n<\/div>\n<\/div> <\/div>\n<\/div> <div class=\"bg-forma bg-forma-display-none\"><\/div><\/section>\n<\/div><\/div><div class=\"overlay\" style=\"opacity:0.83;background-color:#494949\"><\/div><div class=\"bg-forma\"><\/div><\/section>\n\n\n\n<section style=\"background-color:#e7e7e7\" class=\"wp-block-agctexdomain-wrapper-agcblocks alignwide paddingTopBottom50 paddingTopBottomTablet50 paddingTopBottomMobile50 paddingLeftRight0 paddingLeftRightTablet0 paddingLeftRightMobile0 backgroundNoRepeat backgroundCover alturaDefault\"><div class=\"container\"><div class=\"wrapper-inner-blocks\">\n<section class=\"wp-block-agctexdomain-columnas-agcblocks alignwide columnas col-2 col-2-a paddingTopBottom0 paddingTopBottomTablet0 paddingTopBottomMobile0 alturaDefault\"><div class=\"container\">\n<div class=\"wp-block-agctexdomain-columna-agcblocks Columna ag-animation css-animacionNone alineacion-vertical-top\" data-ag-animation=\"animacionNone\" style=\"text-align:left\"><div class=\"ColumnaContent paddingTopBottom0 paddingTopBottomTablet0 paddingTopBottomMobile0 paddingLeftRight20 paddingLeftRightTablet20 paddingLeftRightMobile20\">\n<p style=\"font-size:22px\"><strong>CONSIDERATIONS FOR COMPRESSORS IN MEDICAL FACILITIES<\/strong><\/p>\n\n\n\n<p class=\"is-style-justificar\">To ensure systems meet strict standards of purity and performance, each medical air compressor is classified according to the following NFPA 99 designations:<\/p>\n\n\n\n<div style=\"height:12px\" aria-hidden=\"true\" class=\"wp-block-spacer\"><\/div>\n\n\n\n<ol class=\"wp-block-list\">\n<li>Category 1 compressors are directly involved in patient care and cannot tolerate any interruption.<\/li>\n\n\n\n<li>Category 2 also includes patient care systems, but those that can tolerate occasional brief interruptions.<\/li>\n\n\n\n<li>Category 3 systems are involved in patient care, but downtime doesn't put patients at risk.<\/li>\n\n\n\n<li>Category 4 devices remain reliable, but downtime doesn't affect patient care or well-being.<\/li>\n<\/ol>\n<\/div> <\/div>\n\n\n\n<div class=\"wp-block-agctexdomain-columna-agcblocks Columna ag-animation css-animacionNone alineacion-vertical-top\" data-ag-animation=\"animacionNone\" style=\"text-align:left\"><div class=\"ColumnaContent paddingTopBottom0 paddingTopBottomTablet0 paddingTopBottomMobile0 paddingLeftRight20 paddingLeftRightTablet20 paddingLeftRightMobile20\">\n<p style=\"font-size:22px\">When choosing a medical air compressor, it's important to identify the correct category. The following considerations also influence the ideal compressor choice:<\/p>\n\n\n\n<div style=\"height:12px\" aria-hidden=\"true\" class=\"wp-block-spacer\"><\/div>\n\n\n\n<ul class=\"is-style-ListCircle wp-block-list\">\n<li><strong>Size:<\/strong> Consider the equipment's size relative to your available space.<\/li>\n\n\n\n<li><strong>Oil usage:<\/strong> The vast majority of medical and dental compressors must be oil-free to prevent contamination.<\/li>\n\n\n\n<li><strong>Power and motor:<\/strong> Compressor power, measured in kilowatts (kW) or horsepower (HP), indicates its air-pumping capacity. Dental clinics and practices often do well with compressors of 1 to 5 HP (~0.75 to 3.7 kW), while heavy-duty hospital applications might require more power. The motor, which can have one or two pistons, determines how much power a compressor can generate.<\/li>\n\n\n\n<li><strong>Pressure:<\/strong> Your air compressor should generate slightly more pressure than strictly necessary for the application. For most medical and dental uses, five bars are sufficient.<\/li>\n<\/ul>\n\n\n\n<p>The team at Compresores y Maquinaria can help evaluate your requirements and explore alternatives for proper application of compressors for medical and pharmaceutical purposes, as these facilities require high-quality technical solutions.<\/p>\n\n\n\n<p>Our team ensures safe and reliable operation for everything from direct patient care to laboratory testing.&nbsp;<\/p>\n<\/div> <\/div>\n<\/div> <div class=\"bg-forma bg-forma-display-none\"><\/div><\/section>\n<\/div><\/div> <div class=\"bg-forma\"><\/div><\/section>\n\n\n\n<section style=\"background-color:#3f3f3f\" class=\"wp-block-agctexdomain-wrapper-agcblocks alignwide paddingTopBottom50 paddingTopBottomTablet50 paddingTopBottomMobile50 paddingLeftRight0 paddingLeftRightTablet0 paddingLeftRightMobile0 backgroundNoRepeat backgroundCover alturaDefault\"><div class=\"container\"><div class=\"wrapper-inner-blocks\" style=\"max-width:680px\">\n<section class=\"wp-block-agctexdomain-columnas-agcblocks alignwide columnas col-1 col-1-a paddingTopBottom0 paddingTopBottomTablet0 paddingTopBottomMobile0 alturaDefault\"><div class=\"container\">\n<div class=\"wp-block-agctexdomain-columna-agcblocks Columna ag-animation css-animacionNone alineacion-vertical-top\" data-ag-animation=\"animacionNone\" style=\"text-align:left\"><div class=\"ColumnaContent paddingTopBottom0 paddingTopBottomTablet0 paddingTopBottomMobile0 paddingLeftRight20 paddingLeftRightTablet20 paddingLeftRightMobile20\">\n<p class=\"has-text-align-center has-white-color has-text-color\">At CYMAQ Compressors and Machinery S.A de C.V, we offer specific air solutions for the Pharmaceutical Industry.<\/p>\n\n\n\n<div style=\"height:10px\" aria-hidden=\"true\" class=\"wp-block-spacer\"><\/div>\n\n\n\n<div class=\"wp-block-buttons is-content-justification-center is-layout-flex wp-container-core-buttons-is-layout-16018d1d wp-block-buttons-is-layout-flex\">\n<div class=\"wp-block-button is-style-btnA\"><a class=\"wp-block-button__link wp-element-button\" href=\"https:\/\/cymaq.mx\/en\/contact\/\">Contact an Advisor<\/a><\/div>\n<\/div>\n<\/div> <\/div>\n<\/div> <div class=\"bg-forma bg-forma-display-none\"><\/div><\/section>\n<\/div><\/div> <div class=\"bg-forma\"><\/div><\/section>\n","protected":false},"excerpt":{"rendered":"","protected":false},"author":1,"featured_media":0,"parent":0,"menu_order":108,"comment_status":"closed","ping_status":"closed","template":"","meta":{"_acf_changed":false,"footnotes":""},"class_list":["post-2962","page","type-page","status-publish","hentry"],"acf":[],"yoast_head":"<!-- This site is optimized with the Yoast SEO plugin v27.4 - https:\/\/yoast.com\/product\/yoast-seo-wordpress\/ -->\n<title>Medical and Pharmaceuticals - CYMAQ - KAESER<\/title>\n<meta name=\"description\" content=\"CYMAQ ofrece soluciones y equipos ideales para su uso en aplicaciones m\u00e9dicas y farmac\u00e9uticas, as\u00ed como dentales y terap\u00e9uticas.\" \/>\n<meta name=\"robots\" content=\"index, follow, max-snippet:-1, max-image-preview:large, max-video-preview:-1\" \/>\n<link rel=\"canonical\" href=\"https:\/\/cymaq.mx\/en\/medical-and-pharmaceuticals\/\" \/>\n<meta property=\"og:locale\" content=\"en_US\" \/>\n<meta property=\"og:type\" content=\"article\" \/>\n<meta property=\"og:title\" content=\"Medical and Pharmaceuticals - CYMAQ - KAESER\" \/>\n<meta property=\"og:description\" content=\"CYMAQ ofrece soluciones y equipos ideales para su uso en aplicaciones m\u00e9dicas y farmac\u00e9uticas, as\u00ed como dentales y terap\u00e9uticas.\" \/>\n<meta property=\"og:url\" content=\"https:\/\/cymaq.mx\/en\/medical-and-pharmaceuticals\/\" \/>\n<meta property=\"og:site_name\" content=\"CYMAQ - KAESER\" \/>\n<meta property=\"article:publisher\" content=\"https:\/\/www.facebook.com\/CYMAQ.MX\/\" \/>\n<meta property=\"article:modified_time\" content=\"2023-09-04T21:45:44+00:00\" \/>\n<meta name=\"twitter:card\" content=\"summary_large_image\" \/>\n<meta name=\"twitter:label1\" content=\"Est. reading time\" \/>\n\t<meta name=\"twitter:data1\" content=\"3 minutes\" \/>\n<script type=\"application\/ld+json\" class=\"yoast-schema-graph\">{\"@context\":\"https:\\\/\\\/schema.org\",\"@graph\":[{\"@type\":\"WebPage\",\"@id\":\"https:\\\/\\\/cymaq.mx\\\/en\\\/medical-and-pharmaceuticals\\\/\",\"url\":\"https:\\\/\\\/cymaq.mx\\\/en\\\/medical-and-pharmaceuticals\\\/\",\"name\":\"Medical and Pharmaceuticals - CYMAQ - KAESER\",\"isPartOf\":{\"@id\":\"https:\\\/\\\/cymaq.mx\\\/#website\"},\"datePublished\":\"2023-07-07T22:52:29+00:00\",\"dateModified\":\"2023-09-04T21:45:44+00:00\",\"description\":\"CYMAQ ofrece soluciones y equipos ideales para su uso en aplicaciones m\u00e9dicas y farmac\u00e9uticas, as\u00ed como dentales y terap\u00e9uticas.\",\"breadcrumb\":{\"@id\":\"https:\\\/\\\/cymaq.mx\\\/en\\\/medical-and-pharmaceuticals\\\/#breadcrumb\"},\"inLanguage\":\"en-US\",\"potentialAction\":[{\"@type\":\"ReadAction\",\"target\":[\"https:\\\/\\\/cymaq.mx\\\/en\\\/medical-and-pharmaceuticals\\\/\"]}]},{\"@type\":\"BreadcrumbList\",\"@id\":\"https:\\\/\\\/cymaq.mx\\\/en\\\/medical-and-pharmaceuticals\\\/#breadcrumb\",\"itemListElement\":[{\"@type\":\"ListItem\",\"position\":1,\"name\":\"Portada\",\"item\":\"https:\\\/\\\/cymaq.mx\\\/en\\\/\"},{\"@type\":\"ListItem\",\"position\":2,\"name\":\"Medical and Pharmaceuticals\"}]},{\"@type\":\"WebSite\",\"@id\":\"https:\\\/\\\/cymaq.mx\\\/#website\",\"url\":\"https:\\\/\\\/cymaq.mx\\\/\",\"name\":\"CYMAQ - KAESER\",\"description\":\"Soluciones en aire y gases industriales\",\"publisher\":{\"@id\":\"https:\\\/\\\/cymaq.mx\\\/#organization\"},\"potentialAction\":[{\"@type\":\"SearchAction\",\"target\":{\"@type\":\"EntryPoint\",\"urlTemplate\":\"https:\\\/\\\/cymaq.mx\\\/?s={search_term_string}\"},\"query-input\":{\"@type\":\"PropertyValueSpecification\",\"valueRequired\":true,\"valueName\":\"search_term_string\"}}],\"inLanguage\":\"en-US\"},{\"@type\":\"Organization\",\"@id\":\"https:\\\/\\\/cymaq.mx\\\/#organization\",\"name\":\"CYMAQ Compresores y Maquinaria S.A. de C.V\",\"url\":\"https:\\\/\\\/cymaq.mx\\\/\",\"logo\":{\"@type\":\"ImageObject\",\"inLanguage\":\"en-US\",\"@id\":\"https:\\\/\\\/cymaq.mx\\\/#\\\/schema\\\/logo\\\/image\\\/\",\"url\":\"https:\\\/\\\/cymaq.mx\\\/wp-content\\\/uploads\\\/2025\\\/05\\\/Nuevo-Leon-1-scaled.jpg\",\"contentUrl\":\"https:\\\/\\\/cymaq.mx\\\/wp-content\\\/uploads\\\/2025\\\/05\\\/Nuevo-Leon-1-scaled.jpg\",\"width\":2560,\"height\":1693,\"caption\":\"CYMAQ Compresores y Maquinaria S.A. de C.V\"},\"image\":{\"@id\":\"https:\\\/\\\/cymaq.mx\\\/#\\\/schema\\\/logo\\\/image\\\/\"},\"sameAs\":[\"https:\\\/\\\/www.facebook.com\\\/CYMAQ.MX\\\/\",\"https:\\\/\\\/www.linkedin.com\\\/company\\\/cymaq-soluciones-aire-comprimido\\\/\"]}]}<\/script>\n<!-- \/ Yoast SEO plugin. -->","yoast_head_json":{"title":"Medical and Pharmaceuticals - CYMAQ - KAESER","description":"CYMAQ ofrece soluciones y equipos ideales para su uso en aplicaciones m\u00e9dicas y farmac\u00e9uticas, as\u00ed como dentales y terap\u00e9uticas.","robots":{"index":"index","follow":"follow","max-snippet":"max-snippet:-1","max-image-preview":"max-image-preview:large","max-video-preview":"max-video-preview:-1"},"canonical":"https:\/\/cymaq.mx\/en\/medical-and-pharmaceuticals\/","og_locale":"en_US","og_type":"article","og_title":"Medical and Pharmaceuticals - CYMAQ - KAESER","og_description":"CYMAQ ofrece soluciones y equipos ideales para su uso en aplicaciones m\u00e9dicas y farmac\u00e9uticas, as\u00ed como dentales y terap\u00e9uticas.","og_url":"https:\/\/cymaq.mx\/en\/medical-and-pharmaceuticals\/","og_site_name":"CYMAQ - KAESER","article_publisher":"https:\/\/www.facebook.com\/CYMAQ.MX\/","article_modified_time":"2023-09-04T21:45:44+00:00","twitter_card":"summary_large_image","twitter_misc":{"Est. reading time":"3 minutes"},"schema":{"@context":"https:\/\/schema.org","@graph":[{"@type":"WebPage","@id":"https:\/\/cymaq.mx\/en\/medical-and-pharmaceuticals\/","url":"https:\/\/cymaq.mx\/en\/medical-and-pharmaceuticals\/","name":"Medical and Pharmaceuticals - CYMAQ - KAESER","isPartOf":{"@id":"https:\/\/cymaq.mx\/#website"},"datePublished":"2023-07-07T22:52:29+00:00","dateModified":"2023-09-04T21:45:44+00:00","description":"CYMAQ ofrece soluciones y equipos ideales para su uso en aplicaciones m\u00e9dicas y farmac\u00e9uticas, as\u00ed como dentales y terap\u00e9uticas.","breadcrumb":{"@id":"https:\/\/cymaq.mx\/en\/medical-and-pharmaceuticals\/#breadcrumb"},"inLanguage":"en-US","potentialAction":[{"@type":"ReadAction","target":["https:\/\/cymaq.mx\/en\/medical-and-pharmaceuticals\/"]}]},{"@type":"BreadcrumbList","@id":"https:\/\/cymaq.mx\/en\/medical-and-pharmaceuticals\/#breadcrumb","itemListElement":[{"@type":"ListItem","position":1,"name":"Portada","item":"https:\/\/cymaq.mx\/en\/"},{"@type":"ListItem","position":2,"name":"Medical and Pharmaceuticals"}]},{"@type":"WebSite","@id":"https:\/\/cymaq.mx\/#website","url":"https:\/\/cymaq.mx\/","name":"CYMAQ - KAESER","description":"Soluciones en aire y gases industriales","publisher":{"@id":"https:\/\/cymaq.mx\/#organization"},"potentialAction":[{"@type":"SearchAction","target":{"@type":"EntryPoint","urlTemplate":"https:\/\/cymaq.mx\/?s={search_term_string}"},"query-input":{"@type":"PropertyValueSpecification","valueRequired":true,"valueName":"search_term_string"}}],"inLanguage":"en-US"},{"@type":"Organization","@id":"https:\/\/cymaq.mx\/#organization","name":"CYMAQ Compresores y Maquinaria S.A. de C.V","url":"https:\/\/cymaq.mx\/","logo":{"@type":"ImageObject","inLanguage":"en-US","@id":"https:\/\/cymaq.mx\/#\/schema\/logo\/image\/","url":"https:\/\/cymaq.mx\/wp-content\/uploads\/2025\/05\/Nuevo-Leon-1-scaled.jpg","contentUrl":"https:\/\/cymaq.mx\/wp-content\/uploads\/2025\/05\/Nuevo-Leon-1-scaled.jpg","width":2560,"height":1693,"caption":"CYMAQ Compresores y Maquinaria S.A. de C.V"},"image":{"@id":"https:\/\/cymaq.mx\/#\/schema\/logo\/image\/"},"sameAs":["https:\/\/www.facebook.com\/CYMAQ.MX\/","https:\/\/www.linkedin.com\/company\/cymaq-soluciones-aire-comprimido\/"]}]}},"_links":{"self":[{"href":"https:\/\/cymaq.mx\/en\/wp-json\/wp\/v2\/pages\/2962","targetHints":{"allow":["GET"]}}],"collection":[{"href":"https:\/\/cymaq.mx\/en\/wp-json\/wp\/v2\/pages"}],"about":[{"href":"https:\/\/cymaq.mx\/en\/wp-json\/wp\/v2\/types\/page"}],"author":[{"embeddable":true,"href":"https:\/\/cymaq.mx\/en\/wp-json\/wp\/v2\/users\/1"}],"replies":[{"embeddable":true,"href":"https:\/\/cymaq.mx\/en\/wp-json\/wp\/v2\/comments?post=2962"}],"version-history":[{"count":2,"href":"https:\/\/cymaq.mx\/en\/wp-json\/wp\/v2\/pages\/2962\/revisions"}],"predecessor-version":[{"id":2970,"href":"https:\/\/cymaq.mx\/en\/wp-json\/wp\/v2\/pages\/2962\/revisions\/2970"}],"wp:attachment":[{"href":"https:\/\/cymaq.mx\/en\/wp-json\/wp\/v2\/media?parent=2962"}],"curies":[{"name":"wp","href":"https:\/\/api.w.org\/{rel}","templated":true}]}}