{"id":2986,"date":"2023-07-31T14:04:49","date_gmt":"2023-07-31T20:04:49","guid":{"rendered":"https:\/\/cymaq.mx\/unete-a-nosotros\/"},"modified":"2023-09-04T16:28:07","modified_gmt":"2023-09-04T22:28:07","slug":"join-us","status":"publish","type":"page","link":"https:\/\/cymaq.mx\/en\/join-us\/","title":{"rendered":"Join Us"},"content":{"rendered":"\n<section style=\"background-color:#e7e7e7\" class=\"wp-block-agctexdomain-wrapper-agcblocks alignwide paddingTopBottom50 paddingTopBottomTablet50 paddingTopBottomMobile50 paddingLeftRight0 paddingLeftRightTablet0 paddingLeftRightMobile0 backgroundNoRepeat backgroundCover alturaDefault\"><div class=\"container\"><div class=\"wrapper-inner-blocks\">\n<section class=\"wp-block-agctexdomain-columnas-agcblocks alignwide columnas col-2 col-2-a paddingTopBottom0 paddingTopBottomTablet0 paddingTopBottomMobile0 alturaDefault\"><div class=\"container\">\n<div class=\"wp-block-agctexdomain-columna-agcblocks Columna ag-animation css-fadeInUp alineacion-vertical-top\" data-ag-animation=\"fadeInUp\" style=\"text-align:left\"><div class=\"ColumnaContent paddingTopBottom0 paddingTopBottomTablet0 paddingTopBottomMobile0 paddingLeftRight20 paddingLeftRightTablet20 paddingLeftRightMobile20\">\n<p><\/p>\n\n\n\n<p><\/p>\n\n\n\n<figure class=\"wp-block-image size-full is-resized\"><img decoding=\"async\" data-src=\"https:\/\/cymaq.mx\/wp-content\/uploads\/2023\/08\/Screenshot-2023-08-03-at-6.16.14-p.m.png\" alt=\"Bolsa de trabajo CYMAQ. \u00danete a nosotros\" class=\"wp-image-1430 lazyload\" style=\"--smush-placeholder-width: 533px; --smush-placeholder-aspect-ratio: 533\/260;width:533px;height:260px\" width=\"533\" height=\"260\" data-srcset=\"https:\/\/cymaq.mx\/wp-content\/uploads\/2023\/08\/Screenshot-2023-08-03-at-6.16.14-p.m.png 622w, https:\/\/cymaq.mx\/wp-content\/uploads\/2023\/08\/Screenshot-2023-08-03-at-6.16.14-p.m-260x127.png 260w, https:\/\/cymaq.mx\/wp-content\/uploads\/2023\/08\/Screenshot-2023-08-03-at-6.16.14-p.m-480x235.png 480w\" data-sizes=\"(max-width: 533px) 100vw, 533px\" src=\"data:image\/svg+xml;base64,PHN2ZyB3aWR0aD0iMSIgaGVpZ2h0PSIxIiB4bWxucz0iaHR0cDovL3d3dy53My5vcmcvMjAwMC9zdmciPjwvc3ZnPg==\" \/><\/figure>\n<\/div> <\/div>\n\n\n\n<div class=\"wp-block-agctexdomain-columna-agcblocks Columna ag-animation css-fadeInUp alineacion-vertical-top\" data-ag-animation=\"fadeInUp\" style=\"text-align:left\"><div class=\"ColumnaContent paddingTopBottom0 paddingTopBottomTablet0 paddingTopBottomMobile0 paddingLeftRight20 paddingLeftRightTablet20 paddingLeftRightMobile20\">\n<h1 class=\"wp-block-heading\"><strong>Join Us<\/strong><\/h1>\n\n\n\n<p class=\"is-style-justificar\">At CYMAQ, we are seeking individuals with a human touch, contributing their talent and ideas to enhance their work and personal environment, fostering a warm and inviting atmosphere.<\/p>\n\n\n\n<p class=\"is-style-justificar\">We provide equitable access to opportunities and work to unlock the potential of each of our team members.<\/p>\n\n\n\n<p class=\"is-style-justificar\">Our commitment to ethical decision-making drives us, as we work day by day to build an environment where each collaborator feels valued and an integral part of the company, united by a common goal: creating a positive impact on our clients, generating economic and social well-being, and caring for the environment through the supply of compressed air.<\/p>\n\n\n\n<p class=\"is-style-justificar\"><\/p>\n<\/div> <\/div>\n<\/div> <div class=\"bg-forma bg-forma-display-none\"><\/div><\/section>\n<\/div><\/div> <div class=\"bg-forma\"><\/div><\/section>\n\n\n\n<section class=\"wp-block-agctexdomain-wrapper-agcblocks alignwide paddingTopBottom50 paddingTopBottomTablet50 paddingTopBottomMobile50 paddingLeftRight0 paddingLeftRightTablet0 paddingLeftRightMobile0 backgroundNoRepeat backgroundCover alturaDefault\"><div class=\"container\"><div class=\"wrapper-inner-blocks\">\n<section class=\"wp-block-agctexdomain-columnas-agcblocks alignwide columnas col-2 col-2-a paddingTopBottom0 paddingTopBottomTablet0 paddingTopBottomMobile0 alturaDefault\"><div class=\"container\">\n<div class=\"wp-block-agctexdomain-columna-agcblocks Columna ag-animation css-fadeInUp alineacion-vertical-top\" data-ag-animation=\"fadeInUp\" style=\"text-align:left\"><div class=\"ColumnaContent paddingTopBottom0 paddingTopBottomTablet0 paddingTopBottomMobile0 paddingLeftRight20 paddingLeftRightTablet20 paddingLeftRightMobile20\">\n<p class=\"is-style-justificar\">At CYMAQ, we cherish talent, dedication, and a passion for professional growth. That's why we're constantly seeking new talents to join our work family. Regardless of your professional background or level of experience, at CYMAQ, we offer an environment conducive to realizing your potential and achieving your career aspirations.<\/p>\n\n\n\n<p class=\"is-style-justificar\">We prioritize the well-being of our staff, providing a favorable work environment with continuous training opportunities and professional growth programs that allow you to keep your skills up-to-date and consistently improve.<\/p>\n\n\n\n<p class=\"is-style-justificar\">We invite you to explore our job offerings and apply for vacancies that match your profile. Join CYMAQ and become part of an innovative team working towards a prosperous and successful future.<\/p>\n\n\n\n<p class=\"has-text-align-center\" style=\"font-size:22px\">Your professional journey starts here!<\/p>\n\n\n\n<div style=\"height:30px\" aria-hidden=\"true\" class=\"wp-block-spacer is-style-display-mobile\"><\/div>\n\n\n\n<p><\/p>\n<\/div> <\/div>\n\n\n\n<div class=\"wp-block-agctexdomain-columna-agcblocks Columna ag-animation css-fadeInUp alineacion-vertical-top\" data-ag-animation=\"fadeInUp\" style=\"text-align:left\"><div class=\"ColumnaContent paddingTopBottom0 paddingTopBottomTablet0 paddingTopBottomMobile0 paddingLeftRight20 paddingLeftRightTablet20 paddingLeftRightMobile20\">\n<p class=\"has-text-align-center\"><strong>Leave us your details and CV, and we will contact you shortly.<\/strong><\/p>\n\n\n\n<div style=\"height:10px\" aria-hidden=\"true\" class=\"wp-block-spacer\"><\/div>\n\n\n\n<div class=\"wp-block-contact-form-7-contact-form-selector wrap-formulario\">\n<div class=\"wpcf7 no-js\" id=\"wpcf7-f2990-o1\" lang=\"es-ES\" dir=\"ltr\" data-wpcf7-id=\"2990\">\n<div class=\"screen-reader-response\"><p role=\"status\" aria-live=\"polite\" aria-atomic=\"true\"><\/p> <ul><\/ul><\/div>\n<form action=\"\/en\/wp-json\/wp\/v2\/pages\/2986#wpcf7-f2990-o1\" method=\"post\" class=\"wpcf7-form init\" aria-label=\"Formulario de contacto\" novalidate=\"novalidate\" data-status=\"init\">\n<fieldset class=\"hidden-fields-container\"><input type=\"hidden\" name=\"_wpcf7\" value=\"2990\" \/><input type=\"hidden\" name=\"_wpcf7_version\" value=\"6.1.5\" \/><input type=\"hidden\" name=\"_wpcf7_locale\" value=\"es_ES\" \/><input type=\"hidden\" name=\"_wpcf7_unit_tag\" value=\"wpcf7-f2990-o1\" \/><input type=\"hidden\" name=\"_wpcf7_container_post\" value=\"0\" \/><input type=\"hidden\" name=\"_wpcf7_posted_data_hash\" value=\"\" \/>\n<\/fieldset>\n<div class=\"wrap-form wrap-form-2\">\n<div class=\"input-wrap-form\"><label>Name<\/label>\n<span class=\"wpcf7-form-control-wrap\" data-name=\"your-name\"><input size=\"40\" maxlength=\"400\" class=\"wpcf7-form-control wpcf7-text wpcf7-validates-as-required\" aria-required=\"true\" aria-invalid=\"false\" value=\"\" type=\"text\" name=\"your-name\" \/><\/span>\n<\/div>\n<div class=\"input-wrap-form\">\n<label> Email<\/label>\n<span class=\"wpcf7-form-control-wrap\" data-name=\"your-email\"><input size=\"40\" maxlength=\"400\" class=\"wpcf7-form-control wpcf7-email wpcf7-validates-as-required wpcf7-text wpcf7-validates-as-email\" aria-required=\"true\" aria-invalid=\"false\" value=\"\" type=\"email\" name=\"your-email\" \/><\/span>\n<\/div>\n<\/div>\n\n<div class=\"wrap-form wrap-form-1\">\n<div class=\"input-wrap-form\">\n<label> Subject or area of work<\/label>\n<span class=\"wpcf7-form-control-wrap\" data-name=\"your-message\"><textarea cols=\"40\" rows=\"10\" maxlength=\"2000\" class=\"wpcf7-form-control wpcf7-textarea\" aria-invalid=\"false\" name=\"your-message\"><\/textarea><\/span>\n<\/div>\n<\/div>\n\n<div class=\"wrap-form wrap-form-1\">\n<div class=\"input-wrap-form\">\n<label> Add CV (PDF)<\/label>\n<span class=\"wpcf7-form-control-wrap\" data-name=\"cv\"><input size=\"40\" class=\"wpcf7-form-control wpcf7-drag-n-drop-file d-none\" aria-required=\"true\" aria-invalid=\"false\" type=\"file\" multiple=\"multiple\" data-name=\"cv\" data-type=\"pdf\" data-limit=\"10485760\" data-min=\"1\" data-max=\"1\" data-id=\"2990\" data-version=\"free version 1.3.9.7\" accept=\".pdf\" \/><\/span>\n<\/div>\n<\/div>\n\n\n\n<div class=\"wrap-form wrap-form-1\">\n<div class=\"input-wrap-form\">\n<span class=\"wpcf7-form-control-wrap\" data-name=\"hcap-cf7\">\t\t<input\n\t\t\t\ttype=\"hidden\"\n\t\t\t\tclass=\"hcaptcha-widget-id\"\n\t\t\t\tname=\"hcaptcha-widget-id\"\n\t\t\t\tvalue=\"eyJzb3VyY2UiOlsiY29udGFjdC1mb3JtLTdcL3dwLWNvbnRhY3QtZm9ybS03LnBocCJdLCJmb3JtX2lkIjozMTJ9-f772ad30afca67bb2259056aa179e45b\">\n\t\t\t\t<span id=\"hcap_cf7-69e51993474cd4.12661313\" class=\"wpcf7-form-control h-captcha \"\n\t\t\tdata-sitekey=\"37833162-9f5b-47fb-a16f-91fbbe99b4c4\"\n\t\t\tdata-theme=\"light\"\n\t\t\tdata-size=\"normal\"\n\t\t\tdata-auto=\"false\"\n\t\t\tdata-ajax=\"false\"\n\t\t\tdata-force=\"false\">\n\t\t<\/span>\n\t\t<input type=\"hidden\" id=\"_wpnonce\" name=\"_wpnonce\" value=\"43a95dd04a\" \/><input type=\"hidden\" name=\"_wp_http_referer\" value=\"\/en\/wp-json\/wp\/v2\/pages\/2986\" \/><\/span><input class=\"wpcf7-form-control wpcf7-submit has-spinner\" type=\"submit\" value=\"Send\" \/>\n<\/div>\n<\/div><div class=\"wpcf7-response-output\" aria-hidden=\"true\"><\/div>\n<\/form>\n<\/div>\n<\/div>\n<\/div> <\/div>\n<\/div> <div class=\"bg-forma bg-forma-display-none\"><\/div><\/section>\n<\/div><\/div> <div class=\"bg-forma\"><\/div><\/section>\n","protected":false},"excerpt":{"rendered":"","protected":false},"author":1,"featured_media":0,"parent":0,"menu_order":41,"comment_status":"closed","ping_status":"closed","template":"","meta":{"_acf_changed":false,"footnotes":""},"class_list":["post-2986","page","type-page","status-publish","hentry"],"acf":[],"yoast_head":"<!-- This site is optimized with the Yoast SEO plugin v27.4 - https:\/\/yoast.com\/product\/yoast-seo-wordpress\/ -->\n<title>Join Us - CYMAQ - KAESER<\/title>\n<meta name=\"description\" content=\"\u00danete a nosotros. Conoce las vacantes de CYMAQ en nuestra bolsa de trabajo. Post\u00falate y s\u00e9 parte de un equipo innovador.\" \/>\n<meta name=\"robots\" content=\"index, follow, max-snippet:-1, max-image-preview:large, max-video-preview:-1\" \/>\n<link rel=\"canonical\" href=\"https:\/\/cymaq.mx\/en\/join-us\/\" \/>\n<meta property=\"og:locale\" content=\"en_US\" \/>\n<meta property=\"og:type\" content=\"article\" \/>\n<meta property=\"og:title\" content=\"Join Us - CYMAQ - KAESER\" \/>\n<meta property=\"og:description\" content=\"\u00danete a nosotros. Conoce las vacantes de CYMAQ en nuestra bolsa de trabajo. Post\u00falate y s\u00e9 parte de un equipo innovador.\" \/>\n<meta property=\"og:url\" content=\"https:\/\/cymaq.mx\/en\/join-us\/\" \/>\n<meta property=\"og:site_name\" content=\"CYMAQ - KAESER\" \/>\n<meta property=\"article:publisher\" content=\"https:\/\/www.facebook.com\/CYMAQ.MX\/\" \/>\n<meta property=\"article:modified_time\" content=\"2023-09-04T22:28:07+00:00\" \/>\n<meta property=\"og:image\" content=\"https:\/\/cymaq.mx\/wp-content\/uploads\/2023\/08\/Screenshot-2023-08-03-at-6.16.14-p.m.png\" \/>\n<meta name=\"twitter:card\" content=\"summary_large_image\" \/>\n<meta name=\"twitter:label1\" content=\"Est. reading time\" \/>\n\t<meta name=\"twitter:data1\" content=\"2 minutes\" \/>\n<script type=\"application\/ld+json\" class=\"yoast-schema-graph\">{\"@context\":\"https:\\\/\\\/schema.org\",\"@graph\":[{\"@type\":\"WebPage\",\"@id\":\"https:\\\/\\\/cymaq.mx\\\/en\\\/join-us\\\/\",\"url\":\"https:\\\/\\\/cymaq.mx\\\/en\\\/join-us\\\/\",\"name\":\"Join Us - CYMAQ - KAESER\",\"isPartOf\":{\"@id\":\"https:\\\/\\\/cymaq.mx\\\/#website\"},\"primaryImageOfPage\":{\"@id\":\"https:\\\/\\\/cymaq.mx\\\/en\\\/join-us\\\/#primaryimage\"},\"image\":{\"@id\":\"https:\\\/\\\/cymaq.mx\\\/en\\\/join-us\\\/#primaryimage\"},\"thumbnailUrl\":\"https:\\\/\\\/cymaq.mx\\\/wp-content\\\/uploads\\\/2023\\\/08\\\/Screenshot-2023-08-03-at-6.16.14-p.m.png\",\"datePublished\":\"2023-07-31T20:04:49+00:00\",\"dateModified\":\"2023-09-04T22:28:07+00:00\",\"description\":\"\u00danete a nosotros. Conoce las vacantes de CYMAQ en nuestra bolsa de trabajo. Post\u00falate y s\u00e9 parte de un equipo innovador.\",\"breadcrumb\":{\"@id\":\"https:\\\/\\\/cymaq.mx\\\/en\\\/join-us\\\/#breadcrumb\"},\"inLanguage\":\"en-US\",\"potentialAction\":[{\"@type\":\"ReadAction\",\"target\":[\"https:\\\/\\\/cymaq.mx\\\/en\\\/join-us\\\/\"]}]},{\"@type\":\"ImageObject\",\"inLanguage\":\"en-US\",\"@id\":\"https:\\\/\\\/cymaq.mx\\\/en\\\/join-us\\\/#primaryimage\",\"url\":\"https:\\\/\\\/cymaq.mx\\\/wp-content\\\/uploads\\\/2023\\\/08\\\/Screenshot-2023-08-03-at-6.16.14-p.m.png\",\"contentUrl\":\"https:\\\/\\\/cymaq.mx\\\/wp-content\\\/uploads\\\/2023\\\/08\\\/Screenshot-2023-08-03-at-6.16.14-p.m.png\"},{\"@type\":\"BreadcrumbList\",\"@id\":\"https:\\\/\\\/cymaq.mx\\\/en\\\/join-us\\\/#breadcrumb\",\"itemListElement\":[{\"@type\":\"ListItem\",\"position\":1,\"name\":\"Portada\",\"item\":\"https:\\\/\\\/cymaq.mx\\\/en\\\/\"},{\"@type\":\"ListItem\",\"position\":2,\"name\":\"Join Us\"}]},{\"@type\":\"WebSite\",\"@id\":\"https:\\\/\\\/cymaq.mx\\\/#website\",\"url\":\"https:\\\/\\\/cymaq.mx\\\/\",\"name\":\"CYMAQ - KAESER\",\"description\":\"Soluciones en aire y gases industriales\",\"publisher\":{\"@id\":\"https:\\\/\\\/cymaq.mx\\\/#organization\"},\"potentialAction\":[{\"@type\":\"SearchAction\",\"target\":{\"@type\":\"EntryPoint\",\"urlTemplate\":\"https:\\\/\\\/cymaq.mx\\\/?s={search_term_string}\"},\"query-input\":{\"@type\":\"PropertyValueSpecification\",\"valueRequired\":true,\"valueName\":\"search_term_string\"}}],\"inLanguage\":\"en-US\"},{\"@type\":\"Organization\",\"@id\":\"https:\\\/\\\/cymaq.mx\\\/#organization\",\"name\":\"CYMAQ Compresores y Maquinaria S.A. de C.V\",\"url\":\"https:\\\/\\\/cymaq.mx\\\/\",\"logo\":{\"@type\":\"ImageObject\",\"inLanguage\":\"en-US\",\"@id\":\"https:\\\/\\\/cymaq.mx\\\/#\\\/schema\\\/logo\\\/image\\\/\",\"url\":\"https:\\\/\\\/cymaq.mx\\\/wp-content\\\/uploads\\\/2025\\\/05\\\/Nuevo-Leon-1-scaled.jpg\",\"contentUrl\":\"https:\\\/\\\/cymaq.mx\\\/wp-content\\\/uploads\\\/2025\\\/05\\\/Nuevo-Leon-1-scaled.jpg\",\"width\":2560,\"height\":1693,\"caption\":\"CYMAQ Compresores y Maquinaria S.A. de C.V\"},\"image\":{\"@id\":\"https:\\\/\\\/cymaq.mx\\\/#\\\/schema\\\/logo\\\/image\\\/\"},\"sameAs\":[\"https:\\\/\\\/www.facebook.com\\\/CYMAQ.MX\\\/\",\"https:\\\/\\\/www.linkedin.com\\\/company\\\/cymaq-soluciones-aire-comprimido\\\/\"]}]}<\/script>\n<!-- \/ Yoast SEO plugin. -->","yoast_head_json":{"title":"Join Us - CYMAQ - KAESER","description":"\u00danete a nosotros. Conoce las vacantes de CYMAQ en nuestra bolsa de trabajo. Post\u00falate y s\u00e9 parte de un equipo innovador.","robots":{"index":"index","follow":"follow","max-snippet":"max-snippet:-1","max-image-preview":"max-image-preview:large","max-video-preview":"max-video-preview:-1"},"canonical":"https:\/\/cymaq.mx\/en\/join-us\/","og_locale":"en_US","og_type":"article","og_title":"Join Us - CYMAQ - KAESER","og_description":"\u00danete a nosotros. Conoce las vacantes de CYMAQ en nuestra bolsa de trabajo. Post\u00falate y s\u00e9 parte de un equipo innovador.","og_url":"https:\/\/cymaq.mx\/en\/join-us\/","og_site_name":"CYMAQ - KAESER","article_publisher":"https:\/\/www.facebook.com\/CYMAQ.MX\/","article_modified_time":"2023-09-04T22:28:07+00:00","og_image":[{"url":"https:\/\/cymaq.mx\/wp-content\/uploads\/2023\/08\/Screenshot-2023-08-03-at-6.16.14-p.m.png","type":"","width":"","height":""}],"twitter_card":"summary_large_image","twitter_misc":{"Est. reading time":"2 minutes"},"schema":{"@context":"https:\/\/schema.org","@graph":[{"@type":"WebPage","@id":"https:\/\/cymaq.mx\/en\/join-us\/","url":"https:\/\/cymaq.mx\/en\/join-us\/","name":"Join Us - CYMAQ - KAESER","isPartOf":{"@id":"https:\/\/cymaq.mx\/#website"},"primaryImageOfPage":{"@id":"https:\/\/cymaq.mx\/en\/join-us\/#primaryimage"},"image":{"@id":"https:\/\/cymaq.mx\/en\/join-us\/#primaryimage"},"thumbnailUrl":"https:\/\/cymaq.mx\/wp-content\/uploads\/2023\/08\/Screenshot-2023-08-03-at-6.16.14-p.m.png","datePublished":"2023-07-31T20:04:49+00:00","dateModified":"2023-09-04T22:28:07+00:00","description":"\u00danete a nosotros. Conoce las vacantes de CYMAQ en nuestra bolsa de trabajo. Post\u00falate y s\u00e9 parte de un equipo innovador.","breadcrumb":{"@id":"https:\/\/cymaq.mx\/en\/join-us\/#breadcrumb"},"inLanguage":"en-US","potentialAction":[{"@type":"ReadAction","target":["https:\/\/cymaq.mx\/en\/join-us\/"]}]},{"@type":"ImageObject","inLanguage":"en-US","@id":"https:\/\/cymaq.mx\/en\/join-us\/#primaryimage","url":"https:\/\/cymaq.mx\/wp-content\/uploads\/2023\/08\/Screenshot-2023-08-03-at-6.16.14-p.m.png","contentUrl":"https:\/\/cymaq.mx\/wp-content\/uploads\/2023\/08\/Screenshot-2023-08-03-at-6.16.14-p.m.png"},{"@type":"BreadcrumbList","@id":"https:\/\/cymaq.mx\/en\/join-us\/#breadcrumb","itemListElement":[{"@type":"ListItem","position":1,"name":"Portada","item":"https:\/\/cymaq.mx\/en\/"},{"@type":"ListItem","position":2,"name":"Join Us"}]},{"@type":"WebSite","@id":"https:\/\/cymaq.mx\/#website","url":"https:\/\/cymaq.mx\/","name":"CYMAQ - KAESER","description":"Soluciones en aire y gases industriales","publisher":{"@id":"https:\/\/cymaq.mx\/#organization"},"potentialAction":[{"@type":"SearchAction","target":{"@type":"EntryPoint","urlTemplate":"https:\/\/cymaq.mx\/?s={search_term_string}"},"query-input":{"@type":"PropertyValueSpecification","valueRequired":true,"valueName":"search_term_string"}}],"inLanguage":"en-US"},{"@type":"Organization","@id":"https:\/\/cymaq.mx\/#organization","name":"CYMAQ Compresores y Maquinaria S.A. de C.V","url":"https:\/\/cymaq.mx\/","logo":{"@type":"ImageObject","inLanguage":"en-US","@id":"https:\/\/cymaq.mx\/#\/schema\/logo\/image\/","url":"https:\/\/cymaq.mx\/wp-content\/uploads\/2025\/05\/Nuevo-Leon-1-scaled.jpg","contentUrl":"https:\/\/cymaq.mx\/wp-content\/uploads\/2025\/05\/Nuevo-Leon-1-scaled.jpg","width":2560,"height":1693,"caption":"CYMAQ Compresores y Maquinaria S.A. de C.V"},"image":{"@id":"https:\/\/cymaq.mx\/#\/schema\/logo\/image\/"},"sameAs":["https:\/\/www.facebook.com\/CYMAQ.MX\/","https:\/\/www.linkedin.com\/company\/cymaq-soluciones-aire-comprimido\/"]}]}},"_links":{"self":[{"href":"https:\/\/cymaq.mx\/en\/wp-json\/wp\/v2\/pages\/2986","targetHints":{"allow":["GET"]}}],"collection":[{"href":"https:\/\/cymaq.mx\/en\/wp-json\/wp\/v2\/pages"}],"about":[{"href":"https:\/\/cymaq.mx\/en\/wp-json\/wp\/v2\/types\/page"}],"author":[{"embeddable":true,"href":"https:\/\/cymaq.mx\/en\/wp-json\/wp\/v2\/users\/1"}],"replies":[{"embeddable":true,"href":"https:\/\/cymaq.mx\/en\/wp-json\/wp\/v2\/comments?post=2986"}],"version-history":[{"count":3,"href":"https:\/\/cymaq.mx\/en\/wp-json\/wp\/v2\/pages\/2986\/revisions"}],"predecessor-version":[{"id":2991,"href":"https:\/\/cymaq.mx\/en\/wp-json\/wp\/v2\/pages\/2986\/revisions\/2991"}],"wp:attachment":[{"href":"https:\/\/cymaq.mx\/en\/wp-json\/wp\/v2\/media?parent=2986"}],"curies":[{"name":"wp","href":"https:\/\/api.w.org\/{rel}","templated":true}]}}