{"id":3002,"date":"2023-09-04T14:10:42","date_gmt":"2023-09-04T20:10:42","guid":{"rendered":"https:\/\/cymaq.mx\/formulario-nheox\/"},"modified":"2023-09-04T14:10:42","modified_gmt":"2023-09-04T20:10:42","slug":"formulario-nheox","status":"publish","type":"page","link":"https:\/\/cymaq.mx\/en\/formulario-nheox\/","title":{"rendered":"Formulario Nheox"},"content":{"rendered":"\n<div class=\"wp-block-columns is-layout-flex wp-container-core-columns-is-layout-9d6595d7 wp-block-columns-is-layout-flex\">\n<div class=\"wp-block-column is-layout-flow wp-block-column-is-layout-flow\" style=\"flex-basis:25%\"><\/div>\n\n\n\n<div class=\"wp-block-column is-layout-flow wp-block-column-is-layout-flow\" style=\"flex-basis:50%\">\n<div class=\"wp-block-contact-form-7-contact-form-selector\">\n<div class=\"wpcf7 no-js\" id=\"wpcf7-f2912-o1\" lang=\"es-ES\" dir=\"ltr\" data-wpcf7-id=\"2912\">\n<div class=\"screen-reader-response\"><p role=\"status\" aria-live=\"polite\" aria-atomic=\"true\"><\/p> <ul><\/ul><\/div>\n<form action=\"\/en\/wp-json\/wp\/v2\/pages\/3002#wpcf7-f2912-o1\" method=\"post\" class=\"wpcf7-form init\" aria-label=\"Formulario de contacto\" novalidate=\"novalidate\" data-status=\"init\">\n<fieldset class=\"hidden-fields-container\"><input type=\"hidden\" name=\"_wpcf7\" value=\"2912\" \/><input type=\"hidden\" name=\"_wpcf7_version\" value=\"6.1.5\" \/><input type=\"hidden\" name=\"_wpcf7_locale\" value=\"es_ES\" \/><input type=\"hidden\" name=\"_wpcf7_unit_tag\" value=\"wpcf7-f2912-o1\" \/><input type=\"hidden\" name=\"_wpcf7_container_post\" value=\"0\" \/><input type=\"hidden\" name=\"_wpcf7_posted_data_hash\" value=\"\" \/>\n<\/fieldset>\n<label><b>DATOS GENERALES<\/b><\/label>\n<br><label> Nombre\n     <span class=\"wpcf7-form-control-wrap\" data-name=\"Nombre\"><input size=\"40\" maxlength=\"400\" class=\"wpcf7-form-control wpcf7-text wpcf7-validates-as-required\" aria-required=\"true\" aria-invalid=\"false\" value=\"Nombre y Apellido\" type=\"text\" name=\"Nombre\" \/><\/span><\/label>\n<label> Compa\u00f1\u00eda\n     <span class=\"wpcf7-form-control-wrap\" data-name=\"Compania\"><input size=\"40\" maxlength=\"400\" class=\"wpcf7-form-control wpcf7-text wpcf7-validates-as-required\" aria-required=\"true\" aria-invalid=\"false\" value=\"Empresa\" type=\"text\" name=\"Compania\" \/><\/span><\/label>\n<label> Contacto\n     <span class=\"wpcf7-form-control-wrap\" data-name=\"Telefono\"><input size=\"40\" maxlength=\"400\" class=\"wpcf7-form-control wpcf7-tel wpcf7-text wpcf7-validates-as-tel\" aria-invalid=\"false\" value=\"N\u00famero de telefono\" type=\"tel\" name=\"Telefono\" \/><\/span><\/label>\n     <span class=\"wpcf7-form-control-wrap\" data-name=\"email\"><input size=\"40\" maxlength=\"400\" class=\"wpcf7-form-control wpcf7-email wpcf7-text wpcf7-validates-as-email\" aria-invalid=\"false\" value=\"Correo electr\u00f3nico\" type=\"email\" name=\"email\" \/><\/span>\n<label> Ubicaci\u00f3n\n     <span class=\"wpcf7-form-control-wrap\" data-name=\"ubicacion\"><input size=\"40\" maxlength=\"400\" class=\"wpcf7-form-control wpcf7-text wpcf7-validates-as-required\" aria-required=\"true\" aria-invalid=\"false\" value=\"Lugar\" type=\"text\" name=\"ubicacion\" \/><\/span><\/label>\n<label> Aplicaci\u00f3n\n     <span class=\"wpcf7-form-control-wrap\" data-name=\"Aplicacin\"><input size=\"40\" maxlength=\"400\" class=\"wpcf7-form-control wpcf7-text wpcf7-validates-as-required\" aria-required=\"true\" aria-invalid=\"false\" value=\"Aplicaci\u00f3n\" type=\"text\" name=\"Aplicacin\" \/><\/span><\/label>\n<br>\n<br>\n<label><b>TIPO DE SUMINISTRO USADO ACTUALMENTE<\/b><\/label>\n<br>\n<span class=\"wpcf7-form-control-wrap\" data-name=\"suministro\"><span class=\"wpcf7-form-control wpcf7-checkbox wpcf7-validates-as-required\"><span class=\"wpcf7-list-item first\"><label><input type=\"checkbox\" name=\"suministro[]\" value=\"Tanque criog\u00e9nico\" \/><span class=\"wpcf7-list-item-label\">Tanque criog\u00e9nico<\/span><\/label><\/span><span class=\"wpcf7-list-item\"><label><input type=\"checkbox\" name=\"suministro[]\" value=\"Dewars (l\u00edquido)\" \/><span class=\"wpcf7-list-item-label\">Dewars (l\u00edquido)<\/span><\/label><\/span><span class=\"wpcf7-list-item\"><label><input type=\"checkbox\" name=\"suministro[]\" value=\"Cilindros (gas)\" \/><span class=\"wpcf7-list-item-label\">Cilindros (gas)<\/span><\/label><\/span><span class=\"wpcf7-list-item\"><label><input type=\"checkbox\" name=\"suministro[]\" value=\"Nitroducto\" \/><span class=\"wpcf7-list-item-label\">Nitroducto<\/span><\/label><\/span><span class=\"wpcf7-list-item last\"><label><input type=\"checkbox\" name=\"suministro[]\" value=\"Granja criog\u00e9nico\" \/><span class=\"wpcf7-list-item-label\">Granja criog\u00e9nico<\/span><\/label><\/span><\/span><\/span>\n<br>\n<label> Flujo requerido ( Nm3\/h, scfm, kg\/hr)\n     <span class=\"wpcf7-form-control-wrap\" data-name=\"Flujo\"><input size=\"40\" maxlength=\"400\" class=\"wpcf7-form-control wpcf7-text wpcf7-validates-as-required\" aria-required=\"true\" aria-invalid=\"false\" value=\"Flujo requerido ( Nm3\/h, scfm, kg\/hr):\" type=\"text\" name=\"Flujo\" \/><\/span><\/label>\n<label> Presi\u00f3n de salida (psig, barg)\n     <span class=\"wpcf7-form-control-wrap\" data-name=\"presion\"><input size=\"40\" maxlength=\"400\" class=\"wpcf7-form-control wpcf7-text wpcf7-validates-as-required\" aria-required=\"true\" aria-invalid=\"false\" value=\"Presi\u00f3n de salida (psig, barg):\" type=\"text\" name=\"presion\" \/><\/span><\/label>\n<br>\n<label> \u00bfSe tiene picos de demanda de nitr\u00f3geno o es una operaci\u00f3n estable?\n     <span class=\"wpcf7-form-control-wrap\" data-name=\"picos-demanda\"><input size=\"40\" maxlength=\"400\" class=\"wpcf7-form-control wpcf7-text wpcf7-validates-as-required\" aria-required=\"true\" aria-invalid=\"false\" value=\"\" type=\"text\" name=\"picos-demanda\" \/><\/span><\/label>\n<label> \u00bfActualmente miden los flujos de requerimiento de nitr\u00f3geno en sus l\u00edneas de aplicaci\u00f3n?\n     <span class=\"wpcf7-form-control-wrap\" data-name=\"flujo-requerido\"><input size=\"40\" maxlength=\"400\" class=\"wpcf7-form-control wpcf7-text wpcf7-validates-as-required\" aria-required=\"true\" aria-invalid=\"false\" value=\"\" type=\"text\" name=\"flujo-requerido\" \/><\/span><\/label>\n<label> \u00bfSe necesita medir para validar consumos?\n     <span class=\"wpcf7-form-control-wrap\" data-name=\"validacion\"><input size=\"40\" maxlength=\"400\" class=\"wpcf7-form-control wpcf7-text wpcf7-validates-as-required\" aria-required=\"true\" aria-invalid=\"false\" value=\"\" type=\"text\" name=\"validacion\" \/><\/span><\/label>\n<label> \u00bfSe necesita medir para validad consumos?\n     <span class=\"wpcf7-form-control-wrap\" data-name=\"validacion2\"><input size=\"40\" maxlength=\"400\" class=\"wpcf7-form-control wpcf7-text wpcf7-validates-as-required\" aria-required=\"true\" aria-invalid=\"false\" value=\"\" type=\"text\" name=\"validacion2\" \/><\/span><\/label>\n<label> Lista fecha probable para realizar mediciones\n     <span class=\"wpcf7-form-control-wrap\" data-name=\"lista-fecha\"><textarea cols=\"40\" rows=\"10\" maxlength=\"2000\" class=\"wpcf7-form-control wpcf7-textarea\" aria-invalid=\"false\" name=\"lista-fecha\"><\/textarea><\/span><\/label>\n<label> \u00bfHay tabla de precios por volumen o es un costo fijo?\n     <span class=\"wpcf7-form-control-wrap\" data-name=\"tabla-precios\"><input size=\"40\" maxlength=\"400\" class=\"wpcf7-form-control wpcf7-text wpcf7-validates-as-required\" aria-required=\"true\" aria-invalid=\"false\" value=\"\" type=\"text\" name=\"tabla-precios\" \/><\/span><\/label>\n<label> Fecha de terminaci\u00f3n de contrato actual si lo tienen\n     <span class=\"wpcf7-form-control-wrap\" data-name=\"contrato\"><input size=\"40\" maxlength=\"400\" class=\"wpcf7-form-control wpcf7-text wpcf7-validates-as-required\" aria-required=\"true\" aria-invalid=\"false\" value=\"\" type=\"text\" name=\"contrato\" \/><\/span><\/label>\n<br>\n<label><b> Horarios de operaci\u00f3n \/ Sistema encendido<\/b>\n     <span class=\"wpcf7-form-control-wrap\" data-name=\"horas\"><input size=\"40\" maxlength=\"400\" class=\"wpcf7-form-control wpcf7-text wpcf7-validates-as-required\" aria-required=\"true\" aria-invalid=\"false\" value=\"Horas \/ D\u00eda\" type=\"text\" name=\"horas\" \/><\/span><\/label>\n     <span class=\"wpcf7-form-control-wrap\" data-name=\"dias\"><input size=\"40\" maxlength=\"400\" class=\"wpcf7-form-control wpcf7-text wpcf7-validates-as-required\" aria-required=\"true\" aria-invalid=\"false\" value=\"D\u00edas \/ Semana\" type=\"text\" name=\"dias\" \/><\/span>\n<label><b> An\u00e1lisis de factibilidad (de ser deseado)<\/b><\/label>\n<label> Costo por M3 (kg, lb, it, gal, ft3) de nitr\u00f3geno\n     <span class=\"wpcf7-form-control-wrap\" data-name=\"pesos\"><input size=\"40\" maxlength=\"400\" class=\"wpcf7-form-control wpcf7-text wpcf7-validates-as-required\" aria-required=\"true\" aria-invalid=\"false\" value=\"$ Pesos\" type=\"text\" name=\"pesos\" \/><\/span><\/label>\n<label> Facturaci\u00f3n mensual m\u00e1s alta en los \u00faltimos 12 meses\n     <span class=\"wpcf7-form-control-wrap\" data-name=\"Volumenm3\"><input size=\"40\" maxlength=\"400\" class=\"wpcf7-form-control wpcf7-text wpcf7-validates-as-required\" aria-required=\"true\" aria-invalid=\"false\" value=\"Volumen (m3)\" type=\"text\" name=\"Volumenm3\" \/><\/span><\/label>\n<label> Costo del kwh\n     <span class=\"wpcf7-form-control-wrap\" data-name=\"pesos2\"><input size=\"40\" maxlength=\"400\" class=\"wpcf7-form-control wpcf7-text wpcf7-validates-as-required\" aria-required=\"true\" aria-invalid=\"false\" value=\"$ Pesos\" type=\"text\" name=\"pesos2\" \/><\/span><\/label>\n<label><b>Pureza de N2 requerida<\/b><\/label>\n<span class=\"wpcf7-form-control-wrap\" data-name=\"pureza\"><span class=\"wpcf7-form-control wpcf7-checkbox\"><span class=\"wpcf7-list-item first\"><label><input type=\"checkbox\" name=\"pureza[]\" value=\"95% 50,000 ppm O2\" \/><span class=\"wpcf7-list-item-label\">95% 50,000 ppm O2<\/span><\/label><\/span><span class=\"wpcf7-list-item\"><label><input type=\"checkbox\" name=\"pureza[]\" value=\"97% 30,000 ppm O2\" \/><span class=\"wpcf7-list-item-label\">97% 30,000 ppm O2<\/span><\/label><\/span><span class=\"wpcf7-list-item\"><label><input type=\"checkbox\" name=\"pureza[]\" value=\"98% 20,000 ppm O2\" \/><span class=\"wpcf7-list-item-label\">98% 20,000 ppm O2<\/span><\/label><\/span><span class=\"wpcf7-list-item\"><label><input type=\"checkbox\" name=\"pureza[]\" value=\"99% 10,000 ppm O2\" \/><span class=\"wpcf7-list-item-label\">99% 10,000 ppm O2<\/span><\/label><\/span><span class=\"wpcf7-list-item\"><label><input type=\"checkbox\" name=\"pureza[]\" value=\"99.5% 5,000 ppm O2\" \/><span class=\"wpcf7-list-item-label\">99.5% 5,000 ppm O2<\/span><\/label><\/span><span class=\"wpcf7-list-item\"><label><input type=\"checkbox\" name=\"pureza[]\" value=\"99.9% 1,000 ppm O2\" \/><span class=\"wpcf7-list-item-label\">99.9% 1,000 ppm O2<\/span><\/label><\/span><span class=\"wpcf7-list-item\"><label><input type=\"checkbox\" name=\"pureza[]\" value=\"99.95% 500 ppm O2\" \/><span class=\"wpcf7-list-item-label\">99.95% 500 ppm O2<\/span><\/label><\/span><span class=\"wpcf7-list-item\"><label><input type=\"checkbox\" name=\"pureza[]\" value=\"99.99% 100 ppm O2\" \/><span class=\"wpcf7-list-item-label\">99.99% 100 ppm O2<\/span><\/label><\/span><span class=\"wpcf7-list-item\"><label><input type=\"checkbox\" name=\"pureza[]\" value=\"99.998% 20 ppm O2\" \/><span class=\"wpcf7-list-item-label\">99.998% 20 ppm O2<\/span><\/label><\/span><span class=\"wpcf7-list-item last\"><label><input type=\"checkbox\" name=\"pureza[]\" value=\"99.999% 10 ppm O2\" \/><span class=\"wpcf7-list-item-label\">99.999% 10 ppm O2<\/span><\/label><\/span><\/span><\/span>\n<br>\n\n\n<span class=\"wpcf7-form-control-wrap\" data-name=\"hcap-cf7\">\t\t<input\n\t\t\t\ttype=\"hidden\"\n\t\t\t\tclass=\"hcaptcha-widget-id\"\n\t\t\t\tname=\"hcaptcha-widget-id\"\n\t\t\t\tvalue=\"eyJzb3VyY2UiOlsiY29udGFjdC1mb3JtLTdcL3dwLWNvbnRhY3QtZm9ybS03LnBocCJdLCJmb3JtX2lkIjowfQ==-ce434fe09161c4c17380ed49ba79df26\">\n\t\t\t\t<span id=\"hcap_cf7-69e74ccf38b254.29307786\" class=\"wpcf7-form-control h-captcha \"\n\t\t\tdata-sitekey=\"37833162-9f5b-47fb-a16f-91fbbe99b4c4\"\n\t\t\tdata-theme=\"light\"\n\t\t\tdata-size=\"normal\"\n\t\t\tdata-auto=\"false\"\n\t\t\tdata-ajax=\"false\"\n\t\t\tdata-force=\"false\">\n\t\t<\/span>\n\t\t<input type=\"hidden\" id=\"_wpnonce\" name=\"_wpnonce\" value=\"94967d9f15\" \/><input type=\"hidden\" name=\"_wp_http_referer\" value=\"\/en\/wp-json\/wp\/v2\/pages\/3002\" \/><\/span><input class=\"wpcf7-form-control wpcf7-submit has-spinner\" type=\"submit\" value=\"Cotizar\" \/><div class=\"wpcf7-response-output\" aria-hidden=\"true\"><\/div>\n<\/form>\n<\/div>\n<\/div>\n<\/div>\n\n\n\n<div class=\"wp-block-column is-layout-flow wp-block-column-is-layout-flow\" style=\"flex-basis:25%\"><\/div>\n<\/div>\n","protected":false},"excerpt":{"rendered":"","protected":false},"author":3,"featured_media":0,"parent":0,"menu_order":28,"comment_status":"closed","ping_status":"closed","template":"","meta":{"_acf_changed":false,"footnotes":""},"class_list":["post-3002","page","type-page","status-publish","hentry"],"acf":[],"yoast_head":"<!-- This site is optimized with the Yoast SEO plugin v27.4 - https:\/\/yoast.com\/product\/yoast-seo-wordpress\/ -->\n<title>Formulario Nheox - CYMAQ - KAESER<\/title>\n<meta name=\"robots\" content=\"index, follow, max-snippet:-1, max-image-preview:large, max-video-preview:-1\" \/>\n<link rel=\"canonical\" href=\"https:\/\/cymaq.mx\/en\/formulario-nheox\/\" \/>\n<meta property=\"og:locale\" content=\"en_US\" \/>\n<meta property=\"og:type\" content=\"article\" \/>\n<meta property=\"og:title\" content=\"Formulario Nheox - CYMAQ - KAESER\" \/>\n<meta property=\"og:url\" content=\"https:\/\/cymaq.mx\/en\/formulario-nheox\/\" \/>\n<meta property=\"og:site_name\" content=\"CYMAQ - KAESER\" \/>\n<meta property=\"article:publisher\" content=\"https:\/\/www.facebook.com\/CYMAQ.MX\/\" \/>\n<meta name=\"twitter:card\" content=\"summary_large_image\" \/>\n<script type=\"application\/ld+json\" class=\"yoast-schema-graph\">{\"@context\":\"https:\\\/\\\/schema.org\",\"@graph\":[{\"@type\":\"WebPage\",\"@id\":\"https:\\\/\\\/cymaq.mx\\\/en\\\/formulario-nheox\\\/\",\"url\":\"https:\\\/\\\/cymaq.mx\\\/en\\\/formulario-nheox\\\/\",\"name\":\"Formulario Nheox - CYMAQ - KAESER\",\"isPartOf\":{\"@id\":\"https:\\\/\\\/cymaq.mx\\\/#website\"},\"datePublished\":\"2023-09-04T20:10:42+00:00\",\"breadcrumb\":{\"@id\":\"https:\\\/\\\/cymaq.mx\\\/en\\\/formulario-nheox\\\/#breadcrumb\"},\"inLanguage\":\"en-US\",\"potentialAction\":[{\"@type\":\"ReadAction\",\"target\":[\"https:\\\/\\\/cymaq.mx\\\/en\\\/formulario-nheox\\\/\"]}]},{\"@type\":\"BreadcrumbList\",\"@id\":\"https:\\\/\\\/cymaq.mx\\\/en\\\/formulario-nheox\\\/#breadcrumb\",\"itemListElement\":[{\"@type\":\"ListItem\",\"position\":1,\"name\":\"Portada\",\"item\":\"https:\\\/\\\/cymaq.mx\\\/en\\\/\"},{\"@type\":\"ListItem\",\"position\":2,\"name\":\"Formulario Nheox\"}]},{\"@type\":\"WebSite\",\"@id\":\"https:\\\/\\\/cymaq.mx\\\/#website\",\"url\":\"https:\\\/\\\/cymaq.mx\\\/\",\"name\":\"CYMAQ - KAESER\",\"description\":\"Soluciones en aire y gases industriales\",\"publisher\":{\"@id\":\"https:\\\/\\\/cymaq.mx\\\/#organization\"},\"potentialAction\":[{\"@type\":\"SearchAction\",\"target\":{\"@type\":\"EntryPoint\",\"urlTemplate\":\"https:\\\/\\\/cymaq.mx\\\/?s={search_term_string}\"},\"query-input\":{\"@type\":\"PropertyValueSpecification\",\"valueRequired\":true,\"valueName\":\"search_term_string\"}}],\"inLanguage\":\"en-US\"},{\"@type\":\"Organization\",\"@id\":\"https:\\\/\\\/cymaq.mx\\\/#organization\",\"name\":\"CYMAQ Compresores y Maquinaria S.A. de C.V\",\"url\":\"https:\\\/\\\/cymaq.mx\\\/\",\"logo\":{\"@type\":\"ImageObject\",\"inLanguage\":\"en-US\",\"@id\":\"https:\\\/\\\/cymaq.mx\\\/#\\\/schema\\\/logo\\\/image\\\/\",\"url\":\"https:\\\/\\\/cymaq.mx\\\/wp-content\\\/uploads\\\/2025\\\/05\\\/Nuevo-Leon-1-scaled.jpg\",\"contentUrl\":\"https:\\\/\\\/cymaq.mx\\\/wp-content\\\/uploads\\\/2025\\\/05\\\/Nuevo-Leon-1-scaled.jpg\",\"width\":2560,\"height\":1693,\"caption\":\"CYMAQ Compresores y Maquinaria S.A. de C.V\"},\"image\":{\"@id\":\"https:\\\/\\\/cymaq.mx\\\/#\\\/schema\\\/logo\\\/image\\\/\"},\"sameAs\":[\"https:\\\/\\\/www.facebook.com\\\/CYMAQ.MX\\\/\",\"https:\\\/\\\/www.linkedin.com\\\/company\\\/cymaq-soluciones-aire-comprimido\\\/\"]}]}<\/script>\n<!-- \/ Yoast SEO plugin. -->","yoast_head_json":{"title":"Formulario Nheox - CYMAQ - KAESER","robots":{"index":"index","follow":"follow","max-snippet":"max-snippet:-1","max-image-preview":"max-image-preview:large","max-video-preview":"max-video-preview:-1"},"canonical":"https:\/\/cymaq.mx\/en\/formulario-nheox\/","og_locale":"en_US","og_type":"article","og_title":"Formulario Nheox - CYMAQ - KAESER","og_url":"https:\/\/cymaq.mx\/en\/formulario-nheox\/","og_site_name":"CYMAQ - KAESER","article_publisher":"https:\/\/www.facebook.com\/CYMAQ.MX\/","twitter_card":"summary_large_image","schema":{"@context":"https:\/\/schema.org","@graph":[{"@type":"WebPage","@id":"https:\/\/cymaq.mx\/en\/formulario-nheox\/","url":"https:\/\/cymaq.mx\/en\/formulario-nheox\/","name":"Formulario Nheox - CYMAQ - KAESER","isPartOf":{"@id":"https:\/\/cymaq.mx\/#website"},"datePublished":"2023-09-04T20:10:42+00:00","breadcrumb":{"@id":"https:\/\/cymaq.mx\/en\/formulario-nheox\/#breadcrumb"},"inLanguage":"en-US","potentialAction":[{"@type":"ReadAction","target":["https:\/\/cymaq.mx\/en\/formulario-nheox\/"]}]},{"@type":"BreadcrumbList","@id":"https:\/\/cymaq.mx\/en\/formulario-nheox\/#breadcrumb","itemListElement":[{"@type":"ListItem","position":1,"name":"Portada","item":"https:\/\/cymaq.mx\/en\/"},{"@type":"ListItem","position":2,"name":"Formulario Nheox"}]},{"@type":"WebSite","@id":"https:\/\/cymaq.mx\/#website","url":"https:\/\/cymaq.mx\/","name":"CYMAQ - KAESER","description":"Soluciones en aire y gases industriales","publisher":{"@id":"https:\/\/cymaq.mx\/#organization"},"potentialAction":[{"@type":"SearchAction","target":{"@type":"EntryPoint","urlTemplate":"https:\/\/cymaq.mx\/?s={search_term_string}"},"query-input":{"@type":"PropertyValueSpecification","valueRequired":true,"valueName":"search_term_string"}}],"inLanguage":"en-US"},{"@type":"Organization","@id":"https:\/\/cymaq.mx\/#organization","name":"CYMAQ Compresores y Maquinaria S.A. de C.V","url":"https:\/\/cymaq.mx\/","logo":{"@type":"ImageObject","inLanguage":"en-US","@id":"https:\/\/cymaq.mx\/#\/schema\/logo\/image\/","url":"https:\/\/cymaq.mx\/wp-content\/uploads\/2025\/05\/Nuevo-Leon-1-scaled.jpg","contentUrl":"https:\/\/cymaq.mx\/wp-content\/uploads\/2025\/05\/Nuevo-Leon-1-scaled.jpg","width":2560,"height":1693,"caption":"CYMAQ Compresores y Maquinaria S.A. de C.V"},"image":{"@id":"https:\/\/cymaq.mx\/#\/schema\/logo\/image\/"},"sameAs":["https:\/\/www.facebook.com\/CYMAQ.MX\/","https:\/\/www.linkedin.com\/company\/cymaq-soluciones-aire-comprimido\/"]}]}},"_links":{"self":[{"href":"https:\/\/cymaq.mx\/en\/wp-json\/wp\/v2\/pages\/3002","targetHints":{"allow":["GET"]}}],"collection":[{"href":"https:\/\/cymaq.mx\/en\/wp-json\/wp\/v2\/pages"}],"about":[{"href":"https:\/\/cymaq.mx\/en\/wp-json\/wp\/v2\/types\/page"}],"author":[{"embeddable":true,"href":"https:\/\/cymaq.mx\/en\/wp-json\/wp\/v2\/users\/3"}],"replies":[{"embeddable":true,"href":"https:\/\/cymaq.mx\/en\/wp-json\/wp\/v2\/comments?post=3002"}],"version-history":[{"count":0,"href":"https:\/\/cymaq.mx\/en\/wp-json\/wp\/v2\/pages\/3002\/revisions"}],"wp:attachment":[{"href":"https:\/\/cymaq.mx\/en\/wp-json\/wp\/v2\/media?parent=3002"}],"curies":[{"name":"wp","href":"https:\/\/api.w.org\/{rel}","templated":true}]}}