{"id":3004,"date":"2023-04-20T22:45:42","date_gmt":"2023-04-21T04:45:42","guid":{"rendered":"https:\/\/cymaq.mx\/aviso-de-privacidad\/"},"modified":"2023-09-06T11:49:47","modified_gmt":"2023-09-06T17:49:47","slug":"notice-of-privacy","status":"publish","type":"page","link":"https:\/\/cymaq.mx\/en\/notice-of-privacy\/","title":{"rendered":"Notice of Privacy"},"content":{"rendered":"<div class=\"wrap-content bg-breadcrumbs\"><div class=\"container\"><ol class=\"breadcrumbs\">\n<li><a class=\"breadcrumbs-home\" href=\"https:\/\/cymaq.mx\/en\/\"><small><svg xmlns=\"http:\/\/www.w3.org\/2000\/svg\" viewBox=\"0 0 576 512\"><path d=\"M575.8 255.5C575.8 273.5 560.8 287.6 543.8 287.6H511.8L512.5 447.7C512.5 450.5 512.3 453.1 512 455.8V472C512 494.1 494.1 512 472 512H456C454.9 512 453.8 511.1 452.7 511.9C451.3 511.1 449.9 512 448.5 512H392C369.9 512 352 494.1 352 472V384C352 366.3 337.7 352 320 352H256C238.3 352 224 366.3 224 384V472C224 494.1 206.1 512 184 512H128.1C126.6 512 125.1 511.9 123.6 511.8C122.4 511.9 121.2 512 120 512H104C81.91 512 64 494.1 64 472V360C64 359.1 64.03 358.1 64.09 357.2V287.6H32.05C14.02 287.6 0 273.5 0 255.5C0 246.5 3.004 238.5 10.01 231.5L266.4 8.016C273.4 1.002 281.4 0 288.4 0C295.4 0 303.4 2.004 309.5 7.014L564.8 231.5C572.8 238.5 576.9 246.5 575.8 255.5L575.8 255.5z\"\/><\/svg><\/small><span>Home<\/span><\/a><\/li>\n \n \n \n \n \n\n\n<\/ol>\n<\/div><\/div>\n\n\n\n<section class=\"wp-block-agctexdomain-wrapper-agcblocks alignwide paddingTopBottom50 paddingTopBottomTablet50 paddingTopBottomMobile50 paddingLeftRight0 paddingLeftRightTablet0 paddingLeftRightMobile0 backgroundNoRepeat backgroundCover alturaDefault\"><div class=\"container\"><div class=\"wrapper-inner-blocks\">\n<section class=\"wp-block-agctexdomain-columnas-agcblocks alignwide columnas col-1 col-1-a paddingTopBottom0 paddingTopBottomTablet0 paddingTopBottomMobile0 alturaDefault\"><div class=\"container\">\n<div class=\"wp-block-agctexdomain-columna-agcblocks Columna ag-animation css-animacionNone alineacion-vertical-top\" data-ag-animation=\"animacionNone\" style=\"text-align:left\"><div class=\"ColumnaContent paddingTopBottom0 paddingTopBottomTablet0 paddingTopBottomMobile0 paddingLeftRight20 paddingLeftRightTablet20 paddingLeftRightMobile20\">\n<h1 class=\"wp-block-heading\" style=\"text-transform:uppercase\">Notice of Privacy<\/h1>\n\n\n\n<p>El presente documento constituye el Aviso de Privacidad para efectos de lo dispuesto en la Ley Federal de Protecci\u00f3n de Datos Personales en Posesi\u00f3n de los Particulares (la \u201cLFPDPPP\u201d) y las disposiciones que emanan de ella o se relacionan con la misma. Este Aviso de Privacidad aplica a la informaci\u00f3n personal recopilada sobre el Titular, por parte de COMPRESORES Y MAQUINARIA, S.A DE C.V, en su car\u00e1cter de Responsable, con domicilio en Av. C 2031 Central de Carga CP. 66494 San Nicol\u00e1s de los Garza Nuevo Le\u00f3n y sus empresas Filiales o Subsidiarias, en adelante GRUPO CYMAQ. Para los efectos del presente Aviso de Privacidad, los t\u00e9rminos que no est\u00e9n contemplados en el mismo tendr\u00e1n el significado que se les atribuye en la Ley Federal de Protecci\u00f3n de Datos Personales en Posesi\u00f3n de los Particulares (LFPDPPP). El presente Aviso de Privacidad tiene por objeto establecer t\u00e9rminos y condiciones por medio de los cuales CYMAQ (el encargado que designe) recibir\u00e1 y proteger\u00e1 los Datos Personales del Titular, a efecto de mantener su privacidad; utilizar\u00e1 los Datos Personales del Titular y \/o realizar\u00e1 en su caso la transferencia de sus Datos Personales a terceros.<\/p>\n\n\n\n<p><strong>1) CONSENTIMIENTO DEL TITULAR<\/strong><\/p>\n\n\n\n<p>Para efectos de lo dispuesto en la LFPDPPP y en particular en su Art\u00edculo 17, el Titular manifiesta que:<\/p>\n\n\n\n<p>1.1 El presente Aviso de Privacidad le ha sido dado a conocer por el Responsable.<\/p>\n\n\n\n<p>1.2 Que ha le\u00eddo, entendido y acordado los t\u00e9rminos se\u00f1alados en este Aviso de Privacidad, por lo que otorga su consentimiento respecto al tratamiento de sus Datos Personales conforme lo establece la LFPDPPP y legislaci\u00f3n aplicable.<\/p>\n\n\n\n<p>1.3 Que en caso de que los Datos Personales recopilados incluyan Datos Personales sensibles o financieros, sean estos proporcionados en formato impreso o utilizando medios electr\u00f3nicos, son actos que constituyen su consentimiento expreso como su titular en t\u00e9rminos del segundo p\u00e1rrafo del art\u00edculo 8 de la LFPDPPP y dem\u00e1s legislaci\u00f3n aplicable.<\/p>\n\n\n\n<p>1.4 Que otorga su consentimiento para que CYMAQ y\/o sus Filiales o Subsidiarias, a trav\u00e9s de sus Encargados, realicen transferencias de Datos Personales a terceros, nacionales o extranjeros, en el entendido de que el tratamiento que dichos terceros den a sus Datos Personales deber\u00e1 ajustarse a lo establecido en este Aviso de Privacidad.<\/p>\n\n\n\n<p>1.5 Que en caso de que el Titular no se oponga a los t\u00e9rminos del Aviso de Privacidad se considerar\u00e1 acordado y consentido su contenido y que el consentimiento del Titular podr\u00e1 ser revocado en cualquier momento por \u00e9ste.<\/p>\n\n\n\n<p>No obstante, cualquier disposici\u00f3n de este Aviso de Privacidad, el Titular reconoce que no se requerir\u00e1 de su consentimiento para el tratamiento de Datos Personales por parte del Encargado o de terceros en cualquiera de los casos se\u00f1alados en el Art\u00edculo 10 de la LFPDPPP.<\/p>\n\n\n\n<p><strong>2) RECOLECCI\u00d3N DE LOS DATOS PERSONALES<\/strong><\/p>\n\n\n\n<p>La recolecci\u00f3n de Datos Personales podr\u00e1 efectuarse, por comunicaci\u00f3n v\u00eda telef\u00f3nica con el Responsable o con sus Encargados, empleados o bien, mediante entrega directa al Responsable, mediante el uso de correos electr\u00f3nicos y\/o mensajes cortos de texto, mediante la utilizaci\u00f3n de sus sitios Web, mediante el uso de herramientas de captura autom\u00e1tica de datos. Las cuales permiten recolectar la informaci\u00f3n que env\u00eda su navegador a dichos sitios Web, tales como el tipo de navegador que utiliza, el idioma de usuario y la direcci\u00f3n IP de sitios Web que utiliz\u00f3 para acceder a los sitios del Responsable o Encargados. Los siguientes son ejemplos, a t\u00edtulo enunciativo mas no limitativo, de informaci\u00f3n que el Responsable puede recopilar:<\/p>\n\n\n\n<ul class=\"is-style-ListCircle wp-block-list\">\n<li>Nombre y apellido;<\/li>\n\n\n\n<li>Fecha de nacimiento;<\/li>\n\n\n\n<li>Domicilio, sea particular, del trabajo o fiscal;<\/li>\n\n\n\n<li>Direcci\u00f3n de correo electr\u00f3nico, personal o del trabajo;<\/li>\n\n\n\n<li>Nombre de identificaci\u00f3n en redes sociales;<\/li>\n\n\n\n<li>N\u00famero telef\u00f3nico, particular o del trabajo;<\/li>\n\n\n\n<li>N\u00famero de tel\u00e9fono celular;<\/li>\n\n\n\n<li>N\u00famero cuentas bancarias;<\/li>\n\n\n\n<li>Clave del Registro Federal de Contribuyentes (RFC);<\/li>\n\n\n\n<li>Clave \u00danica de Registro de Poblaci\u00f3n (CURP).<\/li>\n<\/ul>\n\n\n\n<p>Dentro de la documentaci\u00f3n que puede ser recolectada por CYMAQ para la verificaci\u00f3n de la identidad del Titular de los Datos Personales se encuentra:<\/p>\n\n\n\n<ul class=\"is-style-ListCircle wp-block-list\">\n<li>La credencial de elector;<\/li>\n\n\n\n<li>La cartilla de identidad del servicio militar nacional liberada;<\/li>\n\n\n\n<li>La c\u00e9dula profesional; p<\/li>\n\n\n\n<li>Pasaporte;<\/li>\n\n\n\n<li>Forma migratoria; La c\u00e9dula de registro en el RFC;<\/li>\n\n\n\n<li>La c\u00e9dula de registro con la CURP;<\/li>\n\n\n\n<li>El comprobante de domicilio;<\/li>\n\n\n\n<li>El informe especial de cr\u00e9dito emitido por una Sociedad de Informaci\u00f3n Crediticia.<\/li>\n<\/ul>\n\n\n\n<p>Para el caso de postulantes a empleados podr\u00eda tambi\u00e9n solicitarse, entre otros:<\/p>\n\n\n\n<ul class=\"is-style-ListCircle wp-block-list\">\n<li>El acta de nacimiento;<\/li>\n\n\n\n<li>Comprobantes de estudios;<\/li>\n\n\n\n<li>El estado de cuenta de la Administradora de Fondos para el Retiro (Afore);<\/li>\n\n\n\n<li>La hoja de retenci\u00f3n de impuestos;<\/li>\n\n\n\n<li>Estudios psicom\u00e9tricos, m\u00e9dico y socio-econ\u00f3mico, efectuados por CYMAQ.<\/li>\n\n\n\n<li>Tambi\u00e9n le podr\u00edan ser solicitados los Datos Personales de sus familiares, dependientes o beneficiarios y la documentaci\u00f3n comprobatoria conducente.<\/li>\n<\/ul>\n\n\n\n<p><strong>3) FINALIDAD DE LOS DATOS PERSONALES<\/strong><\/p>\n\n\n\n<p>Los Datos Personales del Titular son recolectados y tratados por el Responsable o sus Encargados con la finalidad de permitirle al Titular, llevar a cabo las siguientes actividades con el Responsable:<\/p>\n\n\n\n<ol class=\"wp-block-list\">\n<li>Solicitar, comprar, contratar, cambiar o cancelar servicios o devolver productos, ofrecidos por CYMAQ.<\/li>\n\n\n\n<li>Efectuar pagos en l\u00ednea; solicitar factura o comprobante fiscal digital; solicitar una cotizaci\u00f3n, sobre productos y servicios; solicitar la entrega, reparaci\u00f3n o cumplimiento de garant\u00eda de productos; contactar el Servicio de Atenci\u00f3n a Clientes; participar en encuestas; utilizar los distintos servicios de sus correspondientes Sitios Web incluyendo la descarga de contenidos y formatos;<\/li>\n\n\n\n<li>Compartir sus comentarios o sugerencias sobre los productos y servicios;<\/li>\n\n\n\n<li>Procesar pagos y cualquier otra actividad de naturaleza an\u00e1loga a las descritas en los incisos previamente citados.<\/li>\n<\/ol>\n\n\n\n<p>As\u00ed mismo, el Responsable, directamente o a trav\u00e9s de sus Encargados, puede utilizar sus Datos Personales con la finalidad de:<\/p>\n\n\n\n<ul class=\"is-style-ListCircle wp-block-list\">\n<li>Realizar estudios sobre intereses y comportamiento de sus clientes, consumidores, proveedores, y de aquellos terceros con los que trate;<\/li>\n\n\n\n<li>Efectuar estudios de mercado y de consumo a efecto de adquirir y ofrecer productos y servicios personalizados, as\u00ed como publicidad y contenidos m\u00e1s adecuados a las necesidades de sus clientes, consumidores, proveedores y otros terceros con los que trate;<\/li>\n\n\n\n<li>Elaborar estad\u00edsticas internas que indiquen los servicios y productos m\u00e1s apreciados por los diferentes segmentos de sus clientes, consumidores, proveedores;<\/li>\n\n\n\n<li>Formalizar el proceso transaccional con sus clientes, consumidores, proveedores y otros terceros con los que trate;<\/li>\n\n\n\n<li>Gestionar el proceso de requisici\u00f3n, evaluaci\u00f3n y adjudicaci\u00f3n de proveedores y otros terceros con los que trate;<\/li>\n\n\n\n<li>En su caso, verificar la capacidad de cr\u00e9dito y\/o pago del Titular, lo cual se podr\u00e1 efectuar a trav\u00e9s de las sociedades de informaci\u00f3n crediticia, en t\u00e9rminos de la Ley para regular las Sociedades de Informaci\u00f3n Crediticia;<\/li>\n\n\n\n<li>Comprobar las transacciones comerciales realizadas por el Titular con el Responsable.<\/li>\n<\/ul>\n\n\n\n<p>Para el caso de los postulantes a empleados de CYMAQ, se llevar\u00e1n a cabo las siguientes actividades:<\/p>\n\n\n\n<ul class=\"is-style-ListCircle wp-block-list\">\n<li>Efectuar el proceso de reclutamiento y selecci\u00f3n de personal;<\/li>\n\n\n\n<li>Realizar el proceso de contrataci\u00f3n.<\/li>\n<\/ul>\n\n\n\n<p><strong>4)&nbsp;<\/strong><strong>RECOLECCI\u00d3N DE DATOS AL NAVEGAR EN SITIOS Y P\u00c1GINAS WEB DE CYMAQ<\/strong><\/p>\n\n\n\n<p>Dentro de las herramientas de captura autom\u00e1tica de datos utilizadas por CYMAQ en sus sitios y p\u00e1ginas web se encuentran las cookies, los Web beacons y los enlaces en los correos electr\u00f3nicos. V\u00ednculos en los correos electr\u00f3nicos de CYMAQ. Los correos electr\u00f3nicos que incluyen v\u00ednculos que permiten a CYMAQ saber si usted activ\u00f3 dicho v\u00ednculo y visit\u00f3 la p\u00e1gina web de destino, pudiendo esta informaci\u00f3n ser incluida en su perfil. En caso de que usted prefiera que CYMAQ no recolecte informaci\u00f3n sobre su interacci\u00f3n con dichos v\u00ednculos, usted puede optar por modificar el formato de las comunicaciones de CYMAQ (por ejemplo, que el mensaje sea recibido en formato de texto y no en formato HTML) o puede hacer caso omiso del v\u00ednculo y no acceder a su contenido.<\/p>\n\n\n\n<p><strong>5) TRANSFERENCIAS DE DATOS<\/strong><\/p>\n\n\n\n<p>Habiendo le\u00eddo, entendido y acordado los t\u00e9rminos expuestos en este Aviso de Privacidad, el Titular manifiesta su consentimiento para que el Responsable o cualquier Encargado realicen transferencias de Datos Personales a terceros nacionales o extranjeros, en el entendido de que el tratamiento que dichos terceros den a los Datos Personales del Titular deber\u00e1 ajustarse a lo establecido en este Aviso de Privacidad.<\/p>\n\n\n\n<p><strong>6) LIMITACI\u00d3N DE USO Y DIVULGACI\u00d3N DE LA INFORMACI\u00d3N<\/strong><\/p>\n\n\n\n<p>El Responsable y\/o sus Encargados conservar\u00e1n los Datos Personales del Titular durante el tiempo que sea necesario para procesar sus solicitudes de informaci\u00f3n, productos y\/o servicios, as\u00ed como para mantener los registros contables, financieros y de auditor\u00eda en t\u00e9rminos de la LFPDPPP y de la legislaci\u00f3n mercantil, fiscal y administrativa vigente. Adem\u00e1s de controlar la divulgaci\u00f3n de dichos datos o informaci\u00f3n de socios comerciales. Los Datos Personales del Titular recolectados por el Responsable y\/o sus Encargados se encontrar\u00e1n protegidos por medidas de seguridad administrativas, t\u00e9cnicas y f\u00edsicas adecuadas contra el da\u00f1o, p\u00e9rdida, alteraci\u00f3n, destrucci\u00f3n o uso, acceso o tratamiento no autorizados, de conformidad con lo dispuesto en la LFPDPPP y de la regulaci\u00f3n administrativa derivada de la misma. No obstante lo se\u00f1alado anteriormente, CYMAQ no garantiza que terceros no autorizados no puedan tener acceso a los sistemas f\u00edsicos o l\u00f3gicos de los Titulares o del Responsable o en los documentos electr\u00f3nicos y ficheros almacenados en sus sistemas. En consecuencia, CYMAQ no ser\u00e1 en ning\u00fan caso responsable de los da\u00f1os y perjuicios que pudieran derivarse de dicho acceso no autorizado.<\/p>\n\n\n\n<p><strong>7) DEPARTAMENTO DE DATOS PERSONALES; DOMICILIO<\/strong><\/p>\n\n\n\n<p>Para cualquier comunicaci\u00f3n acerca de nuestro Aviso de Privacidad, por favor contacte a nuestro Departamento de Datos Personales:<\/p>\n\n\n\n<p><em>CYMAQ, S.A. DE C.V. Av. C 2031 Central de Carga CP. 66494 San Nicol\u00e1s de los Garza Nuevo Le\u00f3n&nbsp;<\/em><\/p>\n\n\n\n<p><a href=\"https:\/\/web.archive.org\/web\/20230617204901\/mailto:avisoprivacidad@CYMAQ.mx\"><em>avisoprivacidad@CYMAQ.mx<\/em><\/a><\/p>\n\n\n\n<p>Para efectos de lo dispuesto en la fracci\u00f3n I del Art\u00edculo 16 de la LFPDPPP, el domicilio del Responsable es el establecido en esta Secci\u00f3n 7 del presente Aviso de Privacidad.<\/p>\n\n\n\n<p><strong>8) PROCEDIMIENTO PARA EJERCER LOS DERECHOS (ARCO) COMO TITULAR DE DATOS PERSONALES.<\/strong><\/p>\n\n\n\n<p>Usted tiene, en todo momento, derecho de acceder, rectificar y cancelar sus datos personales, as\u00ed como de oponerse al tratamiento de los mismos o revocar el consentimiento que para tal fin nos haya proporcionado presentando una solicitud con la informaci\u00f3n y documentaci\u00f3n siguiente:<\/p>\n\n\n\n<ul class=\"is-style-ListCheck wp-block-list\">\n<li>Nombre del Titular, domicilio, tel\u00e9fono y direcci\u00f3n de correo electr\u00f3nico.<\/li>\n<\/ul>\n\n\n\n<ul class=\"is-style-ListCheck wp-block-list\">\n<li>Los documentos que acrediten su identidad (copia simple en formato impreso o electr\u00f3nico de su credencial de elector, c\u00e9dula profesional, pasaporte o Forma Migratoria) o, en su caso, la representaci\u00f3n legal del Titular copia simple en formato impreso o electr\u00f3nico de la carta poder simple con firma aut\u00f3grafa del Titular, el mandatario y sus correspondientes identificaciones.<\/li>\n<\/ul>\n\n\n\n<ul class=\"is-style-ListCheck wp-block-list\">\n<li>La descripci\u00f3n clara y precisa de los Datos Personales respecto de los que busca ejercer alguno de los Derechos.<\/li>\n<\/ul>\n\n\n\n<ul class=\"is-style-ListCheck wp-block-list\">\n<li>Cualquier otro elemento o documento que facilite la localizaci\u00f3n de los Datos Personales del Titular.<\/li>\n<\/ul>\n\n\n\n<p>En el caso de las solicitudes de rectificaci\u00f3n de Datos Personales, el Titular respectivo deber\u00e1 tambi\u00e9n indicar las modificaciones a realizarse y aportar la documentaci\u00f3n que sustente su petici\u00f3n.<\/p>\n\n\n\n<p>El Responsable o sus Encargados le responder\u00e1n al Titular respectivo en un plazo m\u00e1ximo de veinte d\u00edas h\u00e1biles, contados desde la fecha en que se recibi\u00f3 la solicitud. Los plazos antes referidos podr\u00e1n ser ampliados s\u00f3lo en t\u00e9rminos de la LFPDPPP.<\/p>\n\n\n\n<p>La entrega de los Datos Personales ser\u00e1 gratuita, solamente le corresponder\u00e1 cubrir los gastos justificados de env\u00edo o el costo de reproducci\u00f3n en copias u otros formatos. En el caso de que el Titular reitere su solicitud en un periodo menor a doce meses, deber\u00e1 cubrir los costos correspondientes equivalentes a 1.5 d\u00edas de Unidad de Medida y Actualizaci\u00f3n (UMA) vigente en t\u00e9rminos de la LFPDPPP, a menos que existan modificaciones sustanciales al Aviso de Privacidad que motiven nuevas consultas.<\/p>\n\n\n\n<p>Para efectos de las solicitudes de cancelaci\u00f3n de Datos Personales, adem\u00e1s de lo dispuesto por el presente Aviso de Privacidad, se estar\u00e1 a lo dispuesto en el Art\u00edculo 26 de la LFPDPPP, incluyendo los casos de excepci\u00f3n de cancelaci\u00f3n de Datos Personales ah\u00ed se\u00f1alados. La presentaci\u00f3n de una solicitud de oposici\u00f3n del uso de Datos Personales por el Titular de los mismos, dar\u00e1 al Responsable la facultad de oponerse al uso de los Datos Personales que como Titular haya entregado al oponente.<\/p>\n\n\n\n<p><strong>9) CAMBIOS AL AVISO DE PRIVACIDAD.<\/strong><\/p>\n\n\n\n<p>CYAMQ se reserva el derecho de actualizar peri\u00f3dicamente el presente Aviso de Privacidad para reflejar los cambios en nuestras pr\u00e1cticas de informaci\u00f3n. Es responsabilidad del Titular revisar peri\u00f3dicamente el contenido del Aviso de Privacidad en el sitio&nbsp;<a href=\"https:\/\/web.archive.org\/web\/20230617204901\/https:\/\/www.cymaq.com\/\">https:\/\/www.cymaq.com<\/a>&nbsp;en donde se publicar\u00e1n los cambios realizados conjuntamente con la fecha de la \u00faltima actualizaci\u00f3n. El Responsable entender\u00e1 que de no expresar lo contrario, significa que el Titular ha le\u00eddo, entendido y acordado los t\u00e9rminos ah\u00ed expuestos, lo que constituye su consentimiento a los cambios y\/o actualizaciones respecto al tratamiento de sus Datos Personales. El (Cliente, proveedor, aspirante, empleado, etc.) declara haber le\u00eddo y comprendido el Aviso de Privacidad que, en cumplimiento a lo dispuesto por la Ley de Acceso a la Informaci\u00f3n y Protecci\u00f3n de Datos Personales en Posesi\u00f3n de Particulares, se encuentra disponible en la p\u00e1gina electr\u00f3nica&nbsp;<a href=\"https:\/\/web.archive.org\/web\/20230617204901\/https:\/\/www.cymaq.mx\/aviso-de-privacidad\/\">https:\/\/www.cymaq.mx\/aviso-de-privacidad\/<\/a>&nbsp;y que acepta someterse al mismo respecto a el manejo de los datos que ha(n) proporcionado a CYMAQ (seg\u00fan sea el caso) y que quedan bajo su custodia, en los t\u00e9rminos de lo se\u00f1alado en dicho Aviso de Privacidad.<\/p>\n\n\n\n<p>Fecha de la actualizaci\u00f3n m\u00e1s reciente: 03\/01\/2022<\/p>\n<\/div> <\/div>\n<\/div> <div class=\"bg-forma bg-forma-display-none\"><\/div><\/section>\n<\/div><\/div> <div class=\"bg-forma\"><\/div><\/section>\n","protected":false},"excerpt":{"rendered":"","protected":false},"author":1,"featured_media":0,"parent":0,"menu_order":101,"comment_status":"closed","ping_status":"open","template":"","meta":{"_acf_changed":false,"footnotes":""},"class_list":["post-3004","page","type-page","status-publish","hentry"],"acf":[],"yoast_head":"<!-- This site is optimized with the Yoast SEO plugin v27.3 - https:\/\/yoast.com\/product\/yoast-seo-wordpress\/ -->\n<title>Notice of Privacy - CYMAQ - KAESER<\/title>\n<meta name=\"robots\" content=\"index, follow, max-snippet:-1, max-image-preview:large, max-video-preview:-1\" \/>\n<link rel=\"canonical\" href=\"https:\/\/cymaq.mx\/en\/notice-of-privacy\/\" \/>\n<meta property=\"og:locale\" content=\"en_US\" \/>\n<meta property=\"og:type\" content=\"article\" \/>\n<meta property=\"og:title\" content=\"Notice of Privacy - CYMAQ - KAESER\" \/>\n<meta property=\"og:url\" content=\"https:\/\/cymaq.mx\/en\/notice-of-privacy\/\" \/>\n<meta property=\"og:site_name\" content=\"CYMAQ - KAESER\" \/>\n<meta property=\"article:publisher\" content=\"https:\/\/www.facebook.com\/CYMAQ.MX\/\" \/>\n<meta property=\"article:modified_time\" content=\"2023-09-06T17:49:47+00:00\" \/>\n<meta name=\"twitter:card\" content=\"summary_large_image\" \/>\n<meta name=\"twitter:label1\" content=\"Est. reading time\" \/>\n\t<meta name=\"twitter:data1\" content=\"10 minutes\" \/>\n<script type=\"application\/ld+json\" class=\"yoast-schema-graph\">{\"@context\":\"https:\\\/\\\/schema.org\",\"@graph\":[{\"@type\":\"WebPage\",\"@id\":\"https:\\\/\\\/cymaq.mx\\\/en\\\/notice-of-privacy\\\/\",\"url\":\"https:\\\/\\\/cymaq.mx\\\/en\\\/notice-of-privacy\\\/\",\"name\":\"Notice of Privacy - CYMAQ - KAESER\",\"isPartOf\":{\"@id\":\"https:\\\/\\\/cymaq.mx\\\/#website\"},\"datePublished\":\"2023-04-21T04:45:42+00:00\",\"dateModified\":\"2023-09-06T17:49:47+00:00\",\"breadcrumb\":{\"@id\":\"https:\\\/\\\/cymaq.mx\\\/en\\\/notice-of-privacy\\\/#breadcrumb\"},\"inLanguage\":\"en-US\",\"potentialAction\":[{\"@type\":\"ReadAction\",\"target\":[\"https:\\\/\\\/cymaq.mx\\\/en\\\/notice-of-privacy\\\/\"]}]},{\"@type\":\"BreadcrumbList\",\"@id\":\"https:\\\/\\\/cymaq.mx\\\/en\\\/notice-of-privacy\\\/#breadcrumb\",\"itemListElement\":[{\"@type\":\"ListItem\",\"position\":1,\"name\":\"Portada\",\"item\":\"https:\\\/\\\/cymaq.mx\\\/en\\\/\"},{\"@type\":\"ListItem\",\"position\":2,\"name\":\"Notice of Privacy\"}]},{\"@type\":\"WebSite\",\"@id\":\"https:\\\/\\\/cymaq.mx\\\/#website\",\"url\":\"https:\\\/\\\/cymaq.mx\\\/\",\"name\":\"CYMAQ - KAESER\",\"description\":\"Soluciones en aire y gases industriales\",\"publisher\":{\"@id\":\"https:\\\/\\\/cymaq.mx\\\/#organization\"},\"potentialAction\":[{\"@type\":\"SearchAction\",\"target\":{\"@type\":\"EntryPoint\",\"urlTemplate\":\"https:\\\/\\\/cymaq.mx\\\/?s={search_term_string}\"},\"query-input\":{\"@type\":\"PropertyValueSpecification\",\"valueRequired\":true,\"valueName\":\"search_term_string\"}}],\"inLanguage\":\"en-US\"},{\"@type\":\"Organization\",\"@id\":\"https:\\\/\\\/cymaq.mx\\\/#organization\",\"name\":\"CYMAQ Compresores y Maquinaria S.A. de C.V\",\"url\":\"https:\\\/\\\/cymaq.mx\\\/\",\"logo\":{\"@type\":\"ImageObject\",\"inLanguage\":\"en-US\",\"@id\":\"https:\\\/\\\/cymaq.mx\\\/#\\\/schema\\\/logo\\\/image\\\/\",\"url\":\"https:\\\/\\\/cymaq.mx\\\/wp-content\\\/uploads\\\/2025\\\/05\\\/Nuevo-Leon-1-scaled.jpg\",\"contentUrl\":\"https:\\\/\\\/cymaq.mx\\\/wp-content\\\/uploads\\\/2025\\\/05\\\/Nuevo-Leon-1-scaled.jpg\",\"width\":2560,\"height\":1693,\"caption\":\"CYMAQ Compresores y Maquinaria S.A. de C.V\"},\"image\":{\"@id\":\"https:\\\/\\\/cymaq.mx\\\/#\\\/schema\\\/logo\\\/image\\\/\"},\"sameAs\":[\"https:\\\/\\\/www.facebook.com\\\/CYMAQ.MX\\\/\",\"https:\\\/\\\/www.linkedin.com\\\/company\\\/cymaq-soluciones-aire-comprimido\\\/\"]}]}<\/script>\n<!-- \/ Yoast SEO plugin. -->","yoast_head_json":{"title":"Notice of Privacy - CYMAQ - KAESER","robots":{"index":"index","follow":"follow","max-snippet":"max-snippet:-1","max-image-preview":"max-image-preview:large","max-video-preview":"max-video-preview:-1"},"canonical":"https:\/\/cymaq.mx\/en\/notice-of-privacy\/","og_locale":"en_US","og_type":"article","og_title":"Notice of Privacy - CYMAQ - KAESER","og_url":"https:\/\/cymaq.mx\/en\/notice-of-privacy\/","og_site_name":"CYMAQ - KAESER","article_publisher":"https:\/\/www.facebook.com\/CYMAQ.MX\/","article_modified_time":"2023-09-06T17:49:47+00:00","twitter_card":"summary_large_image","twitter_misc":{"Est. reading time":"10 minutes"},"schema":{"@context":"https:\/\/schema.org","@graph":[{"@type":"WebPage","@id":"https:\/\/cymaq.mx\/en\/notice-of-privacy\/","url":"https:\/\/cymaq.mx\/en\/notice-of-privacy\/","name":"Notice of Privacy - CYMAQ - KAESER","isPartOf":{"@id":"https:\/\/cymaq.mx\/#website"},"datePublished":"2023-04-21T04:45:42+00:00","dateModified":"2023-09-06T17:49:47+00:00","breadcrumb":{"@id":"https:\/\/cymaq.mx\/en\/notice-of-privacy\/#breadcrumb"},"inLanguage":"en-US","potentialAction":[{"@type":"ReadAction","target":["https:\/\/cymaq.mx\/en\/notice-of-privacy\/"]}]},{"@type":"BreadcrumbList","@id":"https:\/\/cymaq.mx\/en\/notice-of-privacy\/#breadcrumb","itemListElement":[{"@type":"ListItem","position":1,"name":"Portada","item":"https:\/\/cymaq.mx\/en\/"},{"@type":"ListItem","position":2,"name":"Notice of Privacy"}]},{"@type":"WebSite","@id":"https:\/\/cymaq.mx\/#website","url":"https:\/\/cymaq.mx\/","name":"CYMAQ - KAESER","description":"Soluciones en aire y gases industriales","publisher":{"@id":"https:\/\/cymaq.mx\/#organization"},"potentialAction":[{"@type":"SearchAction","target":{"@type":"EntryPoint","urlTemplate":"https:\/\/cymaq.mx\/?s={search_term_string}"},"query-input":{"@type":"PropertyValueSpecification","valueRequired":true,"valueName":"search_term_string"}}],"inLanguage":"en-US"},{"@type":"Organization","@id":"https:\/\/cymaq.mx\/#organization","name":"CYMAQ Compresores y Maquinaria S.A. de C.V","url":"https:\/\/cymaq.mx\/","logo":{"@type":"ImageObject","inLanguage":"en-US","@id":"https:\/\/cymaq.mx\/#\/schema\/logo\/image\/","url":"https:\/\/cymaq.mx\/wp-content\/uploads\/2025\/05\/Nuevo-Leon-1-scaled.jpg","contentUrl":"https:\/\/cymaq.mx\/wp-content\/uploads\/2025\/05\/Nuevo-Leon-1-scaled.jpg","width":2560,"height":1693,"caption":"CYMAQ Compresores y Maquinaria S.A. de C.V"},"image":{"@id":"https:\/\/cymaq.mx\/#\/schema\/logo\/image\/"},"sameAs":["https:\/\/www.facebook.com\/CYMAQ.MX\/","https:\/\/www.linkedin.com\/company\/cymaq-soluciones-aire-comprimido\/"]}]}},"_links":{"self":[{"href":"https:\/\/cymaq.mx\/en\/wp-json\/wp\/v2\/pages\/3004","targetHints":{"allow":["GET"]}}],"collection":[{"href":"https:\/\/cymaq.mx\/en\/wp-json\/wp\/v2\/pages"}],"about":[{"href":"https:\/\/cymaq.mx\/en\/wp-json\/wp\/v2\/types\/page"}],"author":[{"embeddable":true,"href":"https:\/\/cymaq.mx\/en\/wp-json\/wp\/v2\/users\/1"}],"replies":[{"embeddable":true,"href":"https:\/\/cymaq.mx\/en\/wp-json\/wp\/v2\/comments?post=3004"}],"version-history":[{"count":1,"href":"https:\/\/cymaq.mx\/en\/wp-json\/wp\/v2\/pages\/3004\/revisions"}],"predecessor-version":[{"id":3459,"href":"https:\/\/cymaq.mx\/en\/wp-json\/wp\/v2\/pages\/3004\/revisions\/3459"}],"wp:attachment":[{"href":"https:\/\/cymaq.mx\/en\/wp-json\/wp\/v2\/media?parent=3004"}],"curies":[{"name":"wp","href":"https:\/\/api.w.org\/{rel}","templated":true}]}}